{"id":7622,"date":"2017-02-07T12:04:54","date_gmt":"2017-02-07T17:04:54","guid":{"rendered":"https:\/\/greatnorthhardscape.com\/presentoir-multi-produits"},"modified":"2017-02-07T12:04:54","modified_gmt":"2017-02-07T17:04:54","slug":"presentoir-multi-produits","status":"publish","type":"page","link":"https:\/\/greatnorthhardscape.com\/fr\/litterature-et-soutien\/unites-daffichage\/presentoir-multi-produits","title":{"rendered":"Pr\u00e9sentoir multi-produits"},"content":{"rendered":"<h3>Pr\u00e9sentoir multi-produits avec des panneaux en couleur pour s&rsquo;adapter \u00e0 votre s\u00e9lection de produits.<\/h3>\n<p><a href=\"https:\/\/greatnorthhardscape.com\/wp-content\/uploads\/2017\/02\/Multi-product-Display-no-wings.jpg\"><img loading=\"lazy\" decoding=\"async\" class=\"wp-image-1080 alignleft\" src=\"https:\/\/greatnorthhardscape.com\/wp-content\/uploads\/2017\/02\/Multi-product-Display-no-wings.jpg\" alt=\"\" width=\"251\" height=\"346\" srcset=\"https:\/\/greatnorthhardscape.com\/wp-content\/uploads\/2017\/02\/Multi-product-Display-no-wings.jpg 500w, https:\/\/greatnorthhardscape.com\/wp-content\/uploads\/2017\/02\/Multi-product-Display-no-wings-218x300.jpg 218w\" sizes=\"auto, (max-width: 251px) 100vw, 251px\" \/><\/a> <a href=\"https:\/\/greatnorthhardscape.com\/wp-content\/uploads\/2017\/02\/Multi-Product-Display-Rack.jpg\"><img loading=\"lazy\" decoding=\"async\" class=\"wp-image-1081 alignleft\" src=\"https:\/\/greatnorthhardscape.com\/wp-content\/uploads\/2017\/02\/Multi-Product-Display-Rack.jpg\" alt=\"\" width=\"326\" height=\"353\" srcset=\"https:\/\/greatnorthhardscape.com\/wp-content\/uploads\/2017\/02\/Multi-Product-Display-Rack.jpg 600w, https:\/\/greatnorthhardscape.com\/wp-content\/uploads\/2017\/02\/Multi-Product-Display-Rack-277x300.jpg 277w\" sizes=\"auto, (max-width: 326px) 100vw, 326px\" \/><\/a><\/p>\n<hr class=\"box-white\">\n<p>Notre pr\u00e9sentoir de point de vente est une forme sp\u00e9cialis\u00e9e de promotion des ventes qu&rsquo;il est pr\u00e9f\u00e9rable de placer pr\u00e8s, sur ou \u00e0 c\u00f4t\u00e9 d&rsquo;une caisse (le \u00ab\u00a0point de vente\u00a0\u00bb). Il est destin\u00e9 \u00e0 attirer l&rsquo;attention des clients sur nos outils.<\/p>\n<h3><b>Comment gagner le jeu de la d\u00e9cision d&rsquo;achat en magasin ?<\/b><\/h3>\n<p>Le merchandising et les pr\u00e9sentoirs des points de vente (PLV) peuvent cr\u00e9er un lien \u00e9motionnel avec les acheteurs et il est prouv\u00e9 qu&rsquo;ils favorisent les d\u00e9cisions impulsives. Cependant, il ne suffit plus de se d\u00e9barrasser du fouillis pour attirer les acheteurs. Afin de cr\u00e9er un v\u00e9ritable lien et de stimuler les achats dans le commerce de d\u00e9tail, il est essentiel de disposer de pr\u00e9sentoirs de merchandising avec des d\u00e9monstrations audio\/visuelles efficaces.<\/p>\n<hr class=\"box-white\">\n<h3 style=\"text-align: left;\">Pr\u00e9sentoir Surebond<\/h3>\n<p><a href=\"https:\/\/greatnorthhardscape.com\/wp-content\/uploads\/2020\/01\/Surebond-Display-Rack.jpg\"><img loading=\"lazy\" decoding=\"async\" class=\"wp-image-3539 alignnone\" src=\"https:\/\/greatnorthhardscape.com\/wp-content\/uploads\/2020\/01\/Surebond-Display-Rack-768x1024.jpg\" alt=\"\" width=\"399\" height=\"532\" srcset=\"https:\/\/greatnorthhardscape.com\/wp-content\/uploads\/2020\/01\/Surebond-Display-Rack-768x1024.jpg 768w, https:\/\/greatnorthhardscape.com\/wp-content\/uploads\/2020\/01\/Surebond-Display-Rack-225x300.jpg 225w, https:\/\/greatnorthhardscape.com\/wp-content\/uploads\/2020\/01\/Surebond-Display-Rack-500x667.jpg 500w, https:\/\/greatnorthhardscape.com\/wp-content\/uploads\/2020\/01\/Surebond-Display-Rack.jpg 900w\" sizes=\"auto, (max-width: 399px) 100vw, 399px\" \/><\/a><\/p>\n","protected":false},"excerpt":{"rendered":"<p>Pr\u00e9sentoir multi-produits avec des panneaux en couleur pour s&rsquo;adapter \u00e0 votre s\u00e9lection de produits. Notre pr\u00e9sentoir de point de vente est une forme sp\u00e9cialis\u00e9e de promotion des ventes qu&rsquo;il est pr\u00e9f\u00e9rable de placer pr\u00e8s, sur ou \u00e0 c\u00f4t\u00e9 d&rsquo;une caisse (le \u00ab\u00a0point de vente\u00a0\u00bb). Il est destin\u00e9 \u00e0 attirer l&rsquo;attention des clients sur nos outils. [&hellip;]<\/p>\n","protected":false},"author":2,"featured_media":0,"parent":7646,"menu_order":0,"comment_status":"closed","ping_status":"closed","template":"","meta":{"footnotes":""},"class_list":["post-7622","page","type-page","status-publish","hentry"],"aioseo_notices":[],"_links":{"self":[{"href":"https:\/\/greatnorthhardscape.com\/fr\/wp-json\/wp\/v2\/pages\/7622","targetHints":{"allow":["GET"]}}],"collection":[{"href":"https:\/\/greatnorthhardscape.com\/fr\/wp-json\/wp\/v2\/pages"}],"about":[{"href":"https:\/\/greatnorthhardscape.com\/fr\/wp-json\/wp\/v2\/types\/page"}],"author":[{"embeddable":true,"href":"https:\/\/greatnorthhardscape.com\/fr\/wp-json\/wp\/v2\/users\/2"}],"replies":[{"embeddable":true,"href":"https:\/\/greatnorthhardscape.com\/fr\/wp-json\/wp\/v2\/comments?post=7622"}],"version-history":[{"count":0,"href":"https:\/\/greatnorthhardscape.com\/fr\/wp-json\/wp\/v2\/pages\/7622\/revisions"}],"up":[{"embeddable":true,"href":"https:\/\/greatnorthhardscape.com\/fr\/wp-json\/wp\/v2\/pages\/7646"}],"wp:attachment":[{"href":"https:\/\/greatnorthhardscape.com\/fr\/wp-json\/wp\/v2\/media?parent=7622"}],"curies":[{"name":"wp","href":"https:\/\/api.w.org\/{rel}","templated":true}]}}