{"id":7624,"date":"2016-07-05T15:35:26","date_gmt":"2016-07-05T19:35:26","guid":{"rendered":"https:\/\/greatnorthhardscape.com\/litterature-et-soutien\/telecharger-le-catalogue"},"modified":"2026-03-02T11:12:32","modified_gmt":"2026-03-02T16:12:32","slug":"telecharger-le-catalogue","status":"publish","type":"page","link":"https:\/\/greatnorthhardscape.com\/fr\/litterature-et-soutien\/telecharger-le-catalogue","title":{"rendered":"T\u00e9l\u00e9charger le catalogue"},"content":{"rendered":"<h3 style=\"text-align: center;\">Merci d&rsquo;avoir t\u00e9l\u00e9charg\u00e9 notre catalogue de produits !<br \/>\nN&rsquo;h\u00e9sitez pas \u00e0 nous faire savoir si nous pouvons vous aider de quelque mani\u00e8re que ce soit.<br \/>\nEntre-temps, n&rsquo;h\u00e9sitez pas \u00e0 nous LIQUER \/ SUIVRE sur les canaux de m\u00e9dias sociaux pour rester en contact.<\/h3>\n<hr>\n<div class=\"row clearfix\">\n<div class=\"box two \">\n<img loading=\"lazy\" decoding=\"async\" class=\"aligncenter wp-image-9236\" src=\"https:\/\/greatnorthhardscape.com\/wp-content\/uploads\/2025\/12\/Catalogue-Illustration-2026-1024x490.jpg\" alt=\"\" width=\"491\" height=\"235\" srcset=\"https:\/\/greatnorthhardscape.com\/wp-content\/uploads\/2025\/12\/Catalogue-Illustration-2026-1024x490.jpg 1024w, https:\/\/greatnorthhardscape.com\/wp-content\/uploads\/2025\/12\/Catalogue-Illustration-2026-300x144.jpg 300w, https:\/\/greatnorthhardscape.com\/wp-content\/uploads\/2025\/12\/Catalogue-Illustration-2026-768x368.jpg 768w, https:\/\/greatnorthhardscape.com\/wp-content\/uploads\/2025\/12\/Catalogue-Illustration-2026-1536x735.jpg 1536w, https:\/\/greatnorthhardscape.com\/wp-content\/uploads\/2025\/12\/Catalogue-Illustration-2026-500x239.jpg 500w, https:\/\/greatnorthhardscape.com\/wp-content\/uploads\/2025\/12\/Catalogue-Illustration-2026.jpg 1671w\" sizes=\"auto, (max-width: 491px) 100vw, 491px\" \/><\/p>\n<p style=\"text-align: center;\"><strong><a href=\"https:\/\/greatnorthhardscape.com\/catalogue\/NEW-2026-GNH-CATALOGUE_HiRes.pdf\" target=\"_blank\" rel=\"noopener\">Anglais<\/a><\/strong><\/p>\n<\/div>\n<div class=\"box two \">\n<img loading=\"lazy\" decoding=\"async\" class=\"wp-image-9435 aligncenter\" src=\"https:\/\/greatnorthhardscape.com\/wp-content\/uploads\/2026\/03\/Catalogue-Illustration-FR-2026-1024x490.jpg\" alt=\"\" width=\"474\" height=\"227\" srcset=\"https:\/\/greatnorthhardscape.com\/wp-content\/uploads\/2026\/03\/Catalogue-Illustration-FR-2026-1024x490.jpg 1024w, https:\/\/greatnorthhardscape.com\/wp-content\/uploads\/2026\/03\/Catalogue-Illustration-FR-2026-300x144.jpg 300w, https:\/\/greatnorthhardscape.com\/wp-content\/uploads\/2026\/03\/Catalogue-Illustration-FR-2026-768x368.jpg 768w, https:\/\/greatnorthhardscape.com\/wp-content\/uploads\/2026\/03\/Catalogue-Illustration-FR-2026-1536x735.jpg 1536w, https:\/\/greatnorthhardscape.com\/wp-content\/uploads\/2026\/03\/Catalogue-Illustration-FR-2026-500x239.jpg 500w, https:\/\/greatnorthhardscape.com\/wp-content\/uploads\/2026\/03\/Catalogue-Illustration-FR-2026.jpg 1671w\" sizes=\"auto, (max-width: 474px) 100vw, 474px\" \/><\/p>\n<p style=\"text-align: center;\"><strong><a title=\"Fran\u00e7ais\" href=\"https:\/\/greatnorthhardscape.com\/catalogue\/FR-2026-GNH-CATALOGUE.pdf\" target=\"_blank\" rel=\"noopener\"><span class=\"tlid-translation translation\" lang=\"fr\">Fran\u00e7ais<\/span><\/a><\/strong><\/p>\n<\/div>\n<\/div>\n","protected":false},"excerpt":{"rendered":"<p>Merci d&rsquo;avoir t\u00e9l\u00e9charg\u00e9 notre catalogue de produits ! N&rsquo;h\u00e9sitez pas \u00e0 nous faire savoir si nous pouvons vous aider de quelque mani\u00e8re que ce soit. Entre-temps, n&rsquo;h\u00e9sitez pas \u00e0 nous LIQUER \/ SUIVRE sur les canaux de m\u00e9dias sociaux pour rester en contact.<\/p>\n","protected":false},"author":2,"featured_media":0,"parent":7621,"menu_order":0,"comment_status":"closed","ping_status":"closed","template":"","meta":{"footnotes":""},"class_list":["post-7624","page","type-page","status-publish","hentry"],"aioseo_notices":[],"_links":{"self":[{"href":"https:\/\/greatnorthhardscape.com\/fr\/wp-json\/wp\/v2\/pages\/7624","targetHints":{"allow":["GET"]}}],"collection":[{"href":"https:\/\/greatnorthhardscape.com\/fr\/wp-json\/wp\/v2\/pages"}],"about":[{"href":"https:\/\/greatnorthhardscape.com\/fr\/wp-json\/wp\/v2\/types\/page"}],"author":[{"embeddable":true,"href":"https:\/\/greatnorthhardscape.com\/fr\/wp-json\/wp\/v2\/users\/2"}],"replies":[{"embeddable":true,"href":"https:\/\/greatnorthhardscape.com\/fr\/wp-json\/wp\/v2\/comments?post=7624"}],"version-history":[{"count":6,"href":"https:\/\/greatnorthhardscape.com\/fr\/wp-json\/wp\/v2\/pages\/7624\/revisions"}],"predecessor-version":[{"id":9441,"href":"https:\/\/greatnorthhardscape.com\/fr\/wp-json\/wp\/v2\/pages\/7624\/revisions\/9441"}],"up":[{"embeddable":true,"href":"https:\/\/greatnorthhardscape.com\/fr\/wp-json\/wp\/v2\/pages\/7621"}],"wp:attachment":[{"href":"https:\/\/greatnorthhardscape.com\/fr\/wp-json\/wp\/v2\/media?parent=7624"}],"curies":[{"name":"wp","href":"https:\/\/api.w.org\/{rel}","templated":true}]}}