{"id":7626,"date":"2017-02-07T11:43:52","date_gmt":"2017-02-07T16:43:52","guid":{"rendered":"https:\/\/greatnorthhardscape.com\/presentoirs-doutils-en-pave"},"modified":"2017-02-07T11:43:52","modified_gmt":"2017-02-07T16:43:52","slug":"presentoirs-doutils-en-pave","status":"publish","type":"page","link":"https:\/\/greatnorthhardscape.com\/fr\/litterature-et-soutien\/unites-daffichage\/presentoirs-doutils-en-pave","title":{"rendered":"Pr\u00e9sentoirs d&rsquo;outils en pav\u00e9"},"content":{"rendered":"<div id=\"attachment_1070\" style=\"width: 267px\" class=\"wp-caption alignleft\"><a href=\"https:\/\/greatnorthhardscape.com\/wp-content\/uploads\/2017\/02\/display-a.jpg\"><img loading=\"lazy\" decoding=\"async\" aria-describedby=\"caption-attachment-1070\" class=\"wp-image-1070\" src=\"https:\/\/greatnorthhardscape.com\/wp-content\/uploads\/2017\/02\/display-a.jpg\" alt=\"\" width=\"257\" height=\"450\" srcset=\"https:\/\/greatnorthhardscape.com\/wp-content\/uploads\/2017\/02\/display-a.jpg 445w, https:\/\/greatnorthhardscape.com\/wp-content\/uploads\/2017\/02\/display-a-172x300.jpg 172w\" sizes=\"auto, (max-width: 257px) 100vw, 257px\" \/><\/a><p id=\"caption-attachment-1070\" class=\"wp-caption-text\">Grand pr\u00e9sentoir<\/p><\/div>\n<div id=\"attachment_1069\" style=\"width: 258px\" class=\"wp-caption alignleft\"><a href=\"https:\/\/greatnorthhardscape.com\/wp-content\/uploads\/2017\/02\/Sm-Dealer-Rack.jpg\"><img loading=\"lazy\" decoding=\"async\" aria-describedby=\"caption-attachment-1069\" class=\"wp-image-1069\" src=\"https:\/\/greatnorthhardscape.com\/wp-content\/uploads\/2017\/02\/Sm-Dealer-Rack.jpg\" alt=\"\" width=\"248\" height=\"450\" srcset=\"https:\/\/greatnorthhardscape.com\/wp-content\/uploads\/2017\/02\/Sm-Dealer-Rack.jpg 400w, https:\/\/greatnorthhardscape.com\/wp-content\/uploads\/2017\/02\/Sm-Dealer-Rack-165x300.jpg 165w\" sizes=\"auto, (max-width: 248px) 100vw, 248px\" \/><\/a><p id=\"caption-attachment-1069\" class=\"wp-caption-text\">Petit pr\u00e9sentoir<\/p><\/div>\n<hr class=\"box-white\">\n<h3><b>Caract\u00e9ristiques du module d&rsquo;affichage :<\/b><\/h3>\n<ul>\n<li>Tablette \u00e0 \u00e9cran tactile avec vid\u00e9o tactile et ludique pour chaque outil utilis\u00e9 sur des chantiers r\u00e9els.<\/li>\n<li>L&rsquo;\u00e9clairage LED vers le bas met en valeur les outils, attire l&rsquo;attention et donne un aspect tr\u00e8s professionnel.<\/li>\n<li>Conception compacte et robuste.<\/li>\n<li>Facile \u00e0 d\u00e9placer gr\u00e2ce aux roulettes robustes incluses.<\/li>\n<li>Facile \u00e0 assembler.<\/li>\n<\/ul>\n<p>Notre pr\u00e9sentoir de point de vente est une forme sp\u00e9cialis\u00e9e de promotion des ventes qu&rsquo;il est pr\u00e9f\u00e9rable de placer pr\u00e8s, sur ou \u00e0 c\u00f4t\u00e9 d&rsquo;une caisse (le \u00ab\u00a0point de vente\u00a0\u00bb). Il est destin\u00e9 \u00e0 attirer l&rsquo;attention des clients sur nos outils.<\/p>\n<h3><b>Comment gagner le jeu de la d\u00e9cision d&rsquo;achat en magasin ?<\/b><\/h3>\n<p>Le merchandising et les pr\u00e9sentoirs des points de vente (PLV) peuvent cr\u00e9er un lien \u00e9motionnel avec les acheteurs et il est prouv\u00e9 qu&rsquo;ils favorisent les d\u00e9cisions impulsives. Cependant, il ne suffit plus de se d\u00e9barrasser du fouillis pour attirer les acheteurs. Afin de cr\u00e9er un v\u00e9ritable lien et de stimuler les achats dans le commerce de d\u00e9tail, il est essentiel de disposer de pr\u00e9sentoirs de merchandising avec des d\u00e9monstrations audio\/visuelles efficaces.<\/p>\n<hr class=\"box-white\">\n<h3 style=\"text-align: center;\">Pr\u00e9sentoir mural d&rsquo;outils en pav\u00e9<\/h3>\n<p><a href=\"https:\/\/greatnorthhardscape.com\/wp-content\/uploads\/2020\/01\/Pave-Tool-Wall-Display.jpg\"><img loading=\"lazy\" decoding=\"async\" class=\"aligncenter wp-image-3531\" src=\"https:\/\/greatnorthhardscape.com\/wp-content\/uploads\/2020\/01\/Pave-Tool-Wall-Display-1024x669.jpg\" alt=\"\" width=\"741\" height=\"484\" srcset=\"https:\/\/greatnorthhardscape.com\/wp-content\/uploads\/2020\/01\/Pave-Tool-Wall-Display-1024x669.jpg 1024w, https:\/\/greatnorthhardscape.com\/wp-content\/uploads\/2020\/01\/Pave-Tool-Wall-Display-300x196.jpg 300w, https:\/\/greatnorthhardscape.com\/wp-content\/uploads\/2020\/01\/Pave-Tool-Wall-Display-768x502.jpg 768w, https:\/\/greatnorthhardscape.com\/wp-content\/uploads\/2020\/01\/Pave-Tool-Wall-Display-500x327.jpg 500w, https:\/\/greatnorthhardscape.com\/wp-content\/uploads\/2020\/01\/Pave-Tool-Wall-Display.jpg 1200w\" sizes=\"auto, (max-width: 741px) 100vw, 741px\" \/><\/a><\/p>\n","protected":false},"excerpt":{"rendered":"<p>Caract\u00e9ristiques du module d&rsquo;affichage : Tablette \u00e0 \u00e9cran tactile avec vid\u00e9o tactile et ludique pour chaque outil utilis\u00e9 sur des chantiers r\u00e9els. L&rsquo;\u00e9clairage LED vers le bas met en valeur les outils, attire l&rsquo;attention et donne un aspect tr\u00e8s professionnel. Conception compacte et robuste. Facile \u00e0 d\u00e9placer gr\u00e2ce aux roulettes robustes incluses. Facile \u00e0 assembler. [&hellip;]<\/p>\n","protected":false},"author":2,"featured_media":0,"parent":7646,"menu_order":0,"comment_status":"closed","ping_status":"closed","template":"","meta":{"footnotes":""},"class_list":["post-7626","page","type-page","status-publish","hentry"],"aioseo_notices":[],"_links":{"self":[{"href":"https:\/\/greatnorthhardscape.com\/fr\/wp-json\/wp\/v2\/pages\/7626","targetHints":{"allow":["GET"]}}],"collection":[{"href":"https:\/\/greatnorthhardscape.com\/fr\/wp-json\/wp\/v2\/pages"}],"about":[{"href":"https:\/\/greatnorthhardscape.com\/fr\/wp-json\/wp\/v2\/types\/page"}],"author":[{"embeddable":true,"href":"https:\/\/greatnorthhardscape.com\/fr\/wp-json\/wp\/v2\/users\/2"}],"replies":[{"embeddable":true,"href":"https:\/\/greatnorthhardscape.com\/fr\/wp-json\/wp\/v2\/comments?post=7626"}],"version-history":[{"count":0,"href":"https:\/\/greatnorthhardscape.com\/fr\/wp-json\/wp\/v2\/pages\/7626\/revisions"}],"up":[{"embeddable":true,"href":"https:\/\/greatnorthhardscape.com\/fr\/wp-json\/wp\/v2\/pages\/7646"}],"wp:attachment":[{"href":"https:\/\/greatnorthhardscape.com\/fr\/wp-json\/wp\/v2\/media?parent=7626"}],"curies":[{"name":"wp","href":"https:\/\/api.w.org\/{rel}","templated":true}]}}