{"id":7628,"date":"2017-04-27T12:38:15","date_gmt":"2017-04-27T16:38:15","guid":{"rendered":"https:\/\/greatnorthhardscape.com\/francais"},"modified":"2017-04-27T12:38:15","modified_gmt":"2017-04-27T16:38:15","slug":"francais","status":"publish","type":"page","link":"https:\/\/greatnorthhardscape.com\/fr\/francais","title":{"rendered":"Fran\u00e7ais"},"content":{"rendered":"<h1 style=\"text-align: center;\">Site web fran\u00e7ais \u00e0 venir bient\u00f4t<\/h1>\n<table class=\" aligncenter\" border=\"0\" width=\"600\" cellspacing=\"8\" cellpadding=\"8\">\n<tbody>\n<tr>\n<td align=\"center\" width=\"50%\">T\u00e9l\u00e9phone : 1-800-720-7627<br \/>\n519-745-9996 (Kitchener)<br \/>\n514-447-8924 (Qu\u00e9bec)<br \/>\nT\u00e9l\u00e9c. : 519-745-8028<\/td>\n<td align=\"center\" width=\"50%\">Les Produits Great North Landscape<br \/>\n(Division de Snapedge Canada Lt\u00e9e)<br \/>\n2300 Shirley Drive, Suite #4<br \/>\nKitchener, Ontario N2B 3Y2<\/td>\n<\/tr>\n<tr>\n<td align=\"center\" width=\"50%\">Courriel : Commandes<br \/>\norders@snapedge.ca<br \/>\ninfo@snapedge.ca<\/td>\n<td align=\"center\" width=\"50%\">Ventes et soutien technique<br \/>\nsales@snapedge.ca<\/td>\n<\/tr>\n<\/tbody>\n<\/table>\n<p style=\"text-align: center;\"><a href=\"http:\/\/greatnorthhardscape.com\/catalogue\/catalogue-2017-Website-French.pdf\" target=\"_blank\" rel=\"noopener noreferrer\"><img loading=\"lazy\" decoding=\"async\" class=\"alignnone wp-image-1172 size-full\" src=\"http:\/\/greatnorthhardscape.com\/wp-content\/uploads\/2017\/04\/catalogue-2017.jpg\" alt=\"\" width=\"182\" height=\"281\"><\/a><\/p>\n<p style=\"text-align: center;\">T\u00e9l\u00e9charger notre catalogue<\/p>\n<p>&nbsp;<\/p>\n","protected":false},"excerpt":{"rendered":"<p>Site web fran\u00e7ais \u00e0 venir bient\u00f4t T\u00e9l\u00e9phone : 1-800-720-7627 519-745-9996 (Kitchener) 514-447-8924 (Qu\u00e9bec) T\u00e9l\u00e9c. : 519-745-8028 Les Produits Great North Landscape (Division de Snapedge Canada Lt\u00e9e) 2300 Shirley Drive, Suite #4 Kitchener, Ontario N2B 3Y2 Courriel : Commandes orders@snapedge.ca info@snapedge.ca Ventes et soutien technique sales@snapedge.ca T\u00e9l\u00e9charger notre catalogue &nbsp;<\/p>\n","protected":false},"author":2,"featured_media":0,"parent":0,"menu_order":0,"comment_status":"closed","ping_status":"closed","template":"","meta":{"footnotes":""},"class_list":["post-7628","page","type-page","status-publish","hentry"],"aioseo_notices":[],"_links":{"self":[{"href":"https:\/\/greatnorthhardscape.com\/fr\/wp-json\/wp\/v2\/pages\/7628","targetHints":{"allow":["GET"]}}],"collection":[{"href":"https:\/\/greatnorthhardscape.com\/fr\/wp-json\/wp\/v2\/pages"}],"about":[{"href":"https:\/\/greatnorthhardscape.com\/fr\/wp-json\/wp\/v2\/types\/page"}],"author":[{"embeddable":true,"href":"https:\/\/greatnorthhardscape.com\/fr\/wp-json\/wp\/v2\/users\/2"}],"replies":[{"embeddable":true,"href":"https:\/\/greatnorthhardscape.com\/fr\/wp-json\/wp\/v2\/comments?post=7628"}],"version-history":[{"count":0,"href":"https:\/\/greatnorthhardscape.com\/fr\/wp-json\/wp\/v2\/pages\/7628\/revisions"}],"wp:attachment":[{"href":"https:\/\/greatnorthhardscape.com\/fr\/wp-json\/wp\/v2\/media?parent=7628"}],"curies":[{"name":"wp","href":"https:\/\/api.w.org\/{rel}","templated":true}]}}