{"id":7629,"date":"2016-07-15T16:25:11","date_gmt":"2016-07-15T20:25:11","guid":{"rendered":"https:\/\/greatnorthhardscape.com\/dealer-locator-localisateur-de-concessionnaires\/hardscape-tools-localisateur-de-revendeurs"},"modified":"2016-07-15T16:25:11","modified_gmt":"2016-07-15T20:25:11","slug":"hardscape-tools-localisateur-de-revendeurs","status":"publish","type":"page","link":"https:\/\/greatnorthhardscape.com\/fr\/dealer-locator-localisateur-de-concessionnaires\/hardscape-tools-localisateur-de-revendeurs","title":{"rendered":"Hardscape Tools &#8211; Localisateur de revendeurs"},"content":{"rendered":"<div data-rt-animation-group=\"group\" class=\"rt-toggle \"><ol><li class=\"open\" data-rt-animate=\"animate\" data-rt-animation-type=\"fadeInDown\">\n<div class=\"toggle-head\">\n<div class=\"toggle-number\">1<\/div>\n<div class=\"toggle-title\"> <strong>Colombie-Britannique<\/strong> <\/div>\n<\/div>\n<div class=\"toggle-content fluid\">\n<p><strong>Burnco Rock Products<\/strong><br \/>\n19779 &#8211; 56 Avenue<br \/>\nLangley, BC V3A 3X8<br \/>\n604-754-3700<\/p>\n<\/div>\n<\/li>\n<li data-rt-animate=\"animate\" data-rt-animation-type=\"fadeInDown\">\n<div class=\"toggle-head\">\n<div class=\"toggle-number\">2<\/div>\n<div class=\"toggle-title\"> <strong>Alberta<\/strong> <\/div>\n<\/div>\n<div class=\"toggle-content fluid\">\n<p><strong>Burnco Rock Products<\/strong><br \/>\n11649 &#8211; 199e rue<br \/>\nEdmonton, AB T5S 2C6<br \/>\nT\u00c9L. 780-466-5200<\/p>\n<p><strong>Burnco Rock Products<\/strong><br \/>\n7811 &#8211; 44A Street<br \/>\nEdmonton, AB T6B 3A4<br \/>\nT\u00c9L. 780-466-5200<\/p>\n<p><strong>Burnco Rock Products<\/strong><br \/>\n6924 &#8211; 13th Street Se<br \/>\nCalgary, AB T2H 2Z8<br \/>\n403-252-1131<\/p>\n<\/div>\n<\/li>\n<li data-rt-animate=\"animate\" data-rt-animation-type=\"fadeInDown\">\n<div class=\"toggle-head\">\n<div class=\"toggle-number\">3<\/div>\n<div class=\"toggle-title\"> <strong>Ontario<\/strong> <\/div>\n<\/div>\n<div class=\"toggle-content fluid\">\n<p><strong>Central Precast<\/strong><br \/>\n25, avenue Bongard<br \/>\nNepean, ON K2E 6V2<br \/>\n613-225-9510<\/p>\n<p><strong>Syst\u00e8mes g\u00e9osynth\u00e9tiques<\/strong><br \/>\n3543 Conroy Rd,<br \/>\nOttawa ON K1T 3S6<br \/>\n613-733-9585<\/p>\n<p><strong>Arnts : Le fournisseur de paysage<\/strong><br \/>\n4105 Lake Ridge Road North<br \/>\nWhitby, ON L1P 0B1<br \/>\n905-655-0601<\/p>\n<p><strong>Pierre Best Way<\/strong><br \/>\n8821 Weston Rd.<br \/>\nWoodbridge, ON L4L 1A6<br \/>\n416-747-0988<\/p>\n<p><strong>Pierre Best Way<\/strong><br \/>\n63 Anderson Blvd.<br \/>\nUxbridge, ON L9P 0C7<br \/>\n905-640-5845<\/p>\n<p><strong>Hard-Co&nbsp;Fournitures paysag\u00e8res<\/strong><br \/>\n4900 Thickson Road, Nord<br \/>\nWhitby, ON L1R 2W9<br \/>\nP : (905) 655-9954<\/p>\n<\/div>\n<\/li>\n<\/ol><\/div>\n","protected":false},"excerpt":{"rendered":"","protected":false},"author":2,"featured_media":0,"parent":7618,"menu_order":0,"comment_status":"closed","ping_status":"closed","template":"","meta":{"footnotes":""},"class_list":["post-7629","page","type-page","status-publish","hentry"],"aioseo_notices":[],"_links":{"self":[{"href":"https:\/\/greatnorthhardscape.com\/fr\/wp-json\/wp\/v2\/pages\/7629","targetHints":{"allow":["GET"]}}],"collection":[{"href":"https:\/\/greatnorthhardscape.com\/fr\/wp-json\/wp\/v2\/pages"}],"about":[{"href":"https:\/\/greatnorthhardscape.com\/fr\/wp-json\/wp\/v2\/types\/page"}],"author":[{"embeddable":true,"href":"https:\/\/greatnorthhardscape.com\/fr\/wp-json\/wp\/v2\/users\/2"}],"replies":[{"embeddable":true,"href":"https:\/\/greatnorthhardscape.com\/fr\/wp-json\/wp\/v2\/comments?post=7629"}],"version-history":[{"count":0,"href":"https:\/\/greatnorthhardscape.com\/fr\/wp-json\/wp\/v2\/pages\/7629\/revisions"}],"up":[{"embeddable":true,"href":"https:\/\/greatnorthhardscape.com\/fr\/wp-json\/wp\/v2\/pages\/7618"}],"wp:attachment":[{"href":"https:\/\/greatnorthhardscape.com\/fr\/wp-json\/wp\/v2\/media?parent=7629"}],"curies":[{"name":"wp","href":"https:\/\/api.w.org\/{rel}","templated":true}]}}