{"id":7630,"date":"2014-06-19T17:41:23","date_gmt":"2014-06-19T21:41:23","guid":{"rendered":"https:\/\/greatnorthhardscape.com\/litterature-et-soutien\/fiche-de-donnees-de-securite"},"modified":"2014-06-19T17:41:23","modified_gmt":"2014-06-19T21:41:23","slug":"fiche-de-donnees-de-securite","status":"publish","type":"page","link":"https:\/\/greatnorthhardscape.com\/fr\/litterature-et-soutien\/fiche-de-donnees-de-securite","title":{"rendered":"FICHE DE DONN\u00c9ES DE S\u00c9CURIT\u00c9"},"content":{"rendered":"<p><a href=\"http:\/\/greatnorthhardscape.com\/pdf\/msds\/SnapedgeBarrierLowProfilePermEdge-SDS-2020.pdf\" target=\"_blank\" rel=\"noopener\">Barri\u00e8re Snapedge StaRight<br \/>\n<\/a><a href=\"http:\/\/greatnorthhardscape.com\/wp-content\/uploads\/2014\/06\/MSDS-BL-Platinum-Adhesive-2014.pdf\">MSDS-BL Adh\u00e9sif platine<\/a><a href=\"http:\/\/greatnorthhardscape.com\/wp-content\/uploads\/2014\/06\/SnapedgeBarrierStaRight-MSDS-2014.pdf\" target=\"_blank\" rel=\"noopener\"><br \/>\n<\/a><a href=\"http:\/\/greatnorthhardscape.com\/wp-content\/uploads\/2014\/06\/EV-EvolutionPolymericSand-MSDS-English.pdf\">EV Evolution Polymeric Sand &#8211; Anglais<\/a><a href=\"http:\/\/greatnorthhardscape.com\/wp-content\/uploads\/2014\/06\/SnapedgeBarrierStaRight-MSDS-2014.pdf\" target=\"_blank\" rel=\"noopener\"><br \/>\n<\/a><a href=\"http:\/\/greatnorthhardscape.com\/wp-content\/uploads\/2014\/06\/MSDS-47919-GreenTape.pdf\">MSDS &#8211; 47919 GreenTape<br \/>\n<\/a><a href=\"http:\/\/greatnorthhardscape.com\/wp-content\/uploads\/2014\/06\/MSDS-XTgrid.pdf\">MSDS &#8211; XTgrid<br \/>\n<\/a><a href=\"http:\/\/greatnorthhardscape.com\/wp-content\/uploads\/2014\/06\/MSDS-N-Series-S-Series-Mirapave-Mirascape-Nonwoven.pdf\">MSDS &#8211; N-Series &amp; S-Series, Mirapave, Mirascape Nonwoven<br \/>\n<\/a><a href=\"http:\/\/greatnorthhardscape.com\/wp-content\/uploads\/2014\/06\/SB-10-MSDS-2013ALLPAGES.pdf\">SB-10 MSDS 2013ALLPAGES<br \/>\n<\/a><a href=\"http:\/\/greatnorthhardscape.com\/wp-content\/uploads\/2014\/06\/PermEdge-MSDS-2014.pdf\">PermEdge MSDS <\/a> <a href=\"http:\/\/greatnorthhardscape.com\/wp-content\/uploads\/2014\/06\/SB-10-MSDS-2013ALLPAGES.pdf\"><br \/>\n<\/a><a href=\"http:\/\/greatnorthhardscape.com\/wp-content\/uploads\/2014\/06\/MSDSPolysweepPolymericSandJan2015.pdf\">MSDSPolysweepSable polym\u00e8re<\/a><a href=\"http:\/\/greatnorthhardscape.com\/wp-content\/uploads\/2014\/06\/SB-10-MSDS-2013ALLPAGES.pdf\"><br \/>\n<\/a><a href=\"http:\/\/greatnorthhardscape.com\/wp-content\/uploads\/2014\/06\/SB-1300-LVOC-MSDS-11.pdf\">SB-1300 LVOC MSDS &rsquo;11<\/a><a href=\"http:\/\/greatnorthhardscape.com\/wp-content\/uploads\/2014\/06\/SB-10-MSDS-2013ALLPAGES.pdf\"><br \/>\n<\/a><a href=\"http:\/\/greatnorthhardscape.com\/wp-content\/uploads\/2014\/06\/SB-6000-MSDS-Sheet.pdf\">Fiche de donn\u00e9es de s\u00e9curit\u00e9 SB-6000<\/a><a href=\"http:\/\/greatnorthhardscape.com\/wp-content\/uploads\/2014\/06\/SB-10-MSDS-2013ALLPAGES.pdf\"><br \/>\n<\/a><a href=\"http:\/\/greatnorthhardscape.com\/wp-content\/uploads\/2014\/06\/SB-7000-MSDS-11.pdf\">SB-7000 MSDS &rsquo;11<br \/>\n<\/a><a href=\"http:\/\/greatnorthhardscape.com\/wp-content\/uploads\/2014\/06\/SB9000-MSDS-01.26.14-GreatNorthVer.pdf\">SB9000 MSDS-01.26.14<\/a><a href=\"http:\/\/greatnorthhardscape.com\/wp-content\/uploads\/2014\/06\/SB-10-MSDS-2013ALLPAGES.pdf\"><br \/>\n<\/a><a href=\"http:\/\/greatnorthhardscape.com\/wp-content\/uploads\/2014\/06\/sb442_msds.pdf\">sb442_msds<\/a><a href=\"http:\/\/greatnorthhardscape.com\/wp-content\/uploads\/2014\/06\/SB-10-MSDS-2013ALLPAGES.pdf\"><br \/>\n<\/a><a href=\"http:\/\/greatnorthhardscape.com\/wp-content\/uploads\/2014\/06\/sb488_msds.pdf\">sb488_msds<br \/>\n<\/a><a href=\"http:\/\/greatnorthhardscape.com\/wp-content\/uploads\/2014\/06\/LandscapeRetainingTB.pdf\">PaysageRetenueTB<\/a><\/p>\n<p>&nbsp;<\/p>\n","protected":false},"excerpt":{"rendered":"<p>Barri\u00e8re Snapedge StaRight MSDS-BL Adh\u00e9sif platine EV Evolution Polymeric Sand &#8211; Anglais MSDS &#8211; 47919 GreenTape MSDS &#8211; XTgrid MSDS &#8211; N-Series &amp; S-Series, Mirapave, Mirascape Nonwoven SB-10 MSDS 2013ALLPAGES PermEdge MSDS MSDSPolysweepSable polym\u00e8re SB-1300 LVOC MSDS &rsquo;11 Fiche de donn\u00e9es de s\u00e9curit\u00e9 SB-6000 SB-7000 MSDS &rsquo;11 SB9000 MSDS-01.26.14 sb442_msds sb488_msds PaysageRetenueTB &nbsp;<\/p>\n","protected":false},"author":2,"featured_media":0,"parent":7621,"menu_order":0,"comment_status":"closed","ping_status":"closed","template":"","meta":{"footnotes":""},"class_list":["post-7630","page","type-page","status-publish","hentry"],"aioseo_notices":[],"_links":{"self":[{"href":"https:\/\/greatnorthhardscape.com\/fr\/wp-json\/wp\/v2\/pages\/7630","targetHints":{"allow":["GET"]}}],"collection":[{"href":"https:\/\/greatnorthhardscape.com\/fr\/wp-json\/wp\/v2\/pages"}],"about":[{"href":"https:\/\/greatnorthhardscape.com\/fr\/wp-json\/wp\/v2\/types\/page"}],"author":[{"embeddable":true,"href":"https:\/\/greatnorthhardscape.com\/fr\/wp-json\/wp\/v2\/users\/2"}],"replies":[{"embeddable":true,"href":"https:\/\/greatnorthhardscape.com\/fr\/wp-json\/wp\/v2\/comments?post=7630"}],"version-history":[{"count":0,"href":"https:\/\/greatnorthhardscape.com\/fr\/wp-json\/wp\/v2\/pages\/7630\/revisions"}],"up":[{"embeddable":true,"href":"https:\/\/greatnorthhardscape.com\/fr\/wp-json\/wp\/v2\/pages\/7621"}],"wp:attachment":[{"href":"https:\/\/greatnorthhardscape.com\/fr\/wp-json\/wp\/v2\/media?parent=7630"}],"curies":[{"name":"wp","href":"https:\/\/api.w.org\/{rel}","templated":true}]}}