{"id":7631,"date":"2018-06-20T12:39:05","date_gmt":"2018-06-20T16:39:05","guid":{"rendered":"https:\/\/greatnorthhardscape.com\/litterature-et-soutien\/demande-de-catalogue-actuel"},"modified":"2025-12-22T15:36:12","modified_gmt":"2025-12-22T20:36:12","slug":"demande-de-catalogue-actuel","status":"publish","type":"page","link":"https:\/\/greatnorthhardscape.com\/fr\/litterature-et-soutien\/demande-de-catalogue-actuel","title":{"rendered":"Demande de catalogue actuel"},"content":{"rendered":"<div class=\"row clearfix\">\n<div class=\"box two \">\n<h1>Notre nouveau catalogue<br \/>\nGreat North Hardscape<br \/>\nest arriv\u00e9 !<\/h1>\n<h3 class=\"BodyA\"><span lang=\"EN-US\">Veuillez remplir le formulaire ci-dessous<br \/>\npour t\u00e9l\u00e9charger notre catalogue de produits le plus r\u00e9cent.<\/span><\/h3>\n<\/div>\n<a href=\"https:\/\/greatnorthhardscape.com\/wp-content\/uploads\/2025\/12\/Catalogue-Illustration-2026.jpg\"><img loading=\"lazy\" decoding=\"async\" class=\"alignnone wp-image-9236\" src=\"https:\/\/greatnorthhardscape.com\/wp-content\/uploads\/2025\/12\/Catalogue-Illustration-2026-1024x490.jpg\" alt=\"\" width=\"733\" height=\"351\" srcset=\"https:\/\/greatnorthhardscape.com\/wp-content\/uploads\/2025\/12\/Catalogue-Illustration-2026-1024x490.jpg 1024w, https:\/\/greatnorthhardscape.com\/wp-content\/uploads\/2025\/12\/Catalogue-Illustration-2026-300x144.jpg 300w, https:\/\/greatnorthhardscape.com\/wp-content\/uploads\/2025\/12\/Catalogue-Illustration-2026-768x368.jpg 768w, https:\/\/greatnorthhardscape.com\/wp-content\/uploads\/2025\/12\/Catalogue-Illustration-2026-1536x735.jpg 1536w, https:\/\/greatnorthhardscape.com\/wp-content\/uploads\/2025\/12\/Catalogue-Illustration-2026-500x239.jpg 500w, https:\/\/greatnorthhardscape.com\/wp-content\/uploads\/2025\/12\/Catalogue-Illustration-2026.jpg 1671w\" sizes=\"auto, (max-width: 733px) 100vw, 733px\" \/><\/a><\/p>\n<h3>Disponible en anglais et en fran\u00e7ais<\/h3>\n<div class=\"box two \">\n<\/div>\n<\/div>\n<script type=\"text\/javascript\">\n\/* <![CDATA[ *\/\nvar gform;gform||(document.addEventListener(\"gform_main_scripts_loaded\",function(){gform.scriptsLoaded=!0}),document.addEventListener(\"gform\/theme\/scripts_loaded\",function(){gform.themeScriptsLoaded=!0}),window.addEventListener(\"DOMContentLoaded\",function(){gform.domLoaded=!0}),gform={domLoaded:!1,scriptsLoaded:!1,themeScriptsLoaded:!1,isFormEditor:()=>\"function\"==typeof InitializeEditor,callIfLoaded:function(o){return!(!gform.domLoaded||!gform.scriptsLoaded||!gform.themeScriptsLoaded&&!gform.isFormEditor()||(gform.isFormEditor()&&console.warn(\"The use of gform.initializeOnLoaded() is deprecated in the form editor context and will be removed in Gravity Forms 3.1.\"),o(),0))},initializeOnLoaded:function(o){gform.callIfLoaded(o)||(document.addEventListener(\"gform_main_scripts_loaded\",()=>{gform.scriptsLoaded=!0,gform.callIfLoaded(o)}),document.addEventListener(\"gform\/theme\/scripts_loaded\",()=>{gform.themeScriptsLoaded=!0,gform.callIfLoaded(o)}),window.addEventListener(\"DOMContentLoaded\",()=>{gform.domLoaded=!0,gform.callIfLoaded(o)}))},hooks:{action:{},filter:{}},addAction:function(o,r,e,t){gform.addHook(\"action\",o,r,e,t)},addFilter:function(o,r,e,t){gform.addHook(\"filter\",o,r,e,t)},doAction:function(o){gform.doHook(\"action\",o,arguments)},applyFilters:function(o){return gform.doHook(\"filter\",o,arguments)},removeAction:function(o,r){gform.removeHook(\"action\",o,r)},removeFilter:function(o,r,e){gform.removeHook(\"filter\",o,r,e)},addHook:function(o,r,e,t,n){null==gform.hooks[o][r]&&(gform.hooks[o][r]=[]);var d=gform.hooks[o][r];null==n&&(n=r+\"_\"+d.length),gform.hooks[o][r].push({tag:n,callable:e,priority:t=null==t?10:t})},doHook:function(r,o,e){var t;if(e=Array.prototype.slice.call(e,1),null!=gform.hooks[r][o]&&((o=gform.hooks[r][o]).sort(function(o,r){return o.priority-r.priority}),o.forEach(function(o){\"function\"!=typeof(t=o.callable)&&(t=window[t]),\"action\"==r?t.apply(null,e):e[0]=t.apply(null,e)})),\"filter\"==r)return e[0]},removeHook:function(o,r,t,n){var e;null!=gform.hooks[o][r]&&(e=(e=gform.hooks[o][r]).filter(function(o,r,e){return!!(null!=n&&n!=o.tag||null!=t&&t!=o.priority)}),gform.hooks[o][r]=e)}});\n\/* ]]> *\/\n<\/script>\n\n                <div class='gf_browser_gecko gform_wrapper gravity-theme gform-theme--no-framework' data-form-theme='gravity-theme' data-form-index='0' id='gform_wrapper_1' ><form method='post' enctype='multipart\/form-data'  id='gform_1'  action='\/fr\/wp-json\/wp\/v2\/pages\/7631' data-formid='1' novalidate><div class='gf_invisible ginput_recaptchav3' data-sitekey='6Lci3NQeAAAAAL3glgjXxcvPFnC__qW-l3q51_7w' data-tabindex='0'><input id=\"input_9e4ac593f2b5cde8e633ad1c4ff5c880\" class=\"gfield_recaptcha_response\" type=\"hidden\" name=\"input_9e4ac593f2b5cde8e633ad1c4ff5c880\" value=\"\"\/><\/div>\n                        <div class='gform-body gform_body'><div id='gform_fields_1' class='gform_fields top_label form_sublabel_below description_below validation_below'><fieldset id=\"field_1_1\" class=\"gfield gfield--type-name gfield_contains_required field_sublabel_below gfield--no-description field_description_below field_validation_below gfield_visibility_visible\"  ><legend class='gfield_label gform-field-label gfield_label_before_complex' >Name<span class=\"gfield_required\"><span class=\"gfield_required gfield_required_text\">(N\u00e9cessaire)<\/span><\/span><\/legend><div class='ginput_complex ginput_container ginput_container--name no_prefix has_first_name no_middle_name has_last_name no_suffix gf_name_has_2 ginput_container_name gform-grid-row' id='input_1_1'>\n                            \n                            <span id='input_1_1_3_container' class='name_first gform-grid-col gform-grid-col--size-auto' >\n                                                    <input type='text' name='input_1.3' id='input_1_1_3' value=''   aria-required='true'     \/>\n                                                    <label for='input_1_1_3' class='gform-field-label gform-field-label--type-sub '>Pr\u00e9nom<\/label>\n                                                <\/span>\n                            \n                            <span id='input_1_1_6_container' class='name_last gform-grid-col gform-grid-col--size-auto' >\n                                                    <input type='text' name='input_1.6' id='input_1_1_6' value=''   aria-required='true'     \/>\n                                                    <label for='input_1_1_6' class='gform-field-label gform-field-label--type-sub '>Nom<\/label>\n                                                <\/span>\n                            \n                        <\/div><\/fieldset><div id=\"field_1_3\" class=\"gfield gfield--type-text gfield--width-half gfield_contains_required field_sublabel_below gfield--no-description field_description_below field_validation_below gfield_visibility_visible\"  ><label class='gfield_label gform-field-label' for='input_1_3'>Company<span class=\"gfield_required\"><span class=\"gfield_required gfield_required_text\">(N\u00e9cessaire)<\/span><\/span><\/label><div class='ginput_container ginput_container_text'><input name='input_3' id='input_1_3' type='text' value='' class='large'     aria-required=\"true\" aria-invalid=\"false\"   \/><\/div><\/div><div id=\"field_1_4\" class=\"gfield gfield--type-text gfield--width-half gfield_contains_required field_sublabel_below gfield--no-description field_description_below field_validation_below gfield_visibility_visible\"  ><label class='gfield_label gform-field-label' for='input_1_4'>Title<span class=\"gfield_required\"><span class=\"gfield_required gfield_required_text\">(N\u00e9cessaire)<\/span><\/span><\/label><div class='ginput_container ginput_container_text'><input name='input_4' id='input_1_4' type='text' value='' class='large'     aria-required=\"true\" aria-invalid=\"false\"   \/><\/div><\/div><div id=\"field_1_2\" class=\"gfield gfield--type-email gfield--width-full gfield_contains_required field_sublabel_below gfield--no-description field_description_below field_validation_below gfield_visibility_visible\"  ><label class='gfield_label gform-field-label' for='input_1_2'>Email<span class=\"gfield_required\"><span class=\"gfield_required gfield_required_text\">(N\u00e9cessaire)<\/span><\/span><\/label><div class='ginput_container ginput_container_email'>\n                            <input name='input_2' id='input_1_2' type='email' value='' class='large'    aria-required=\"true\" aria-invalid=\"false\"  \/>\n                        <\/div><\/div><div id=\"field_1_5\" class=\"gfield gfield--type-text field_sublabel_below gfield--no-description field_description_below field_validation_below gfield_visibility_visible\"  ><label class='gfield_label gform-field-label' for='input_1_5'>Website<\/label><div class='ginput_container ginput_container_text'><input name='input_5' id='input_1_5' type='text' value='' class='large'      aria-invalid=\"false\"   \/><\/div><\/div><fieldset id=\"field_1_6\" class=\"gfield gfield--type-checkbox gfield--type-choice gfield--width-half gfield_contains_required field_sublabel_below gfield--no-description field_description_below field_validation_below gfield_visibility_visible\"  ><legend class='gfield_label gform-field-label gfield_label_before_complex' >Let Us Know Who Are You<span class=\"gfield_required\"><span class=\"gfield_required gfield_required_text\">(N\u00e9cessaire)<\/span><\/span><\/legend><div class='ginput_container ginput_container_checkbox'><div class='gfield_checkbox ' id='input_1_6'><div class='gchoice gchoice_1_6_1'>\n\t\t\t\t\t\t\t\t<input class='gfield-choice-input' name='input_6.1' type='checkbox'  value='Dealer \/ Wholesaler'  id='choice_1_6_1'   \/>\n\t\t\t\t\t\t\t\t<label for='choice_1_6_1' id='label_1_6_1' class='gform-field-label gform-field-label--type-inline'>Dealer \/ Wholesaler<\/label>\n\t\t\t\t\t\t\t<\/div><div class='gchoice gchoice_1_6_2'>\n\t\t\t\t\t\t\t\t<input class='gfield-choice-input' name='input_6.2' type='checkbox'  value='Contractor'  id='choice_1_6_2'   \/>\n\t\t\t\t\t\t\t\t<label for='choice_1_6_2' id='label_1_6_2' class='gform-field-label gform-field-label--type-inline'>Contractor<\/label>\n\t\t\t\t\t\t\t<\/div><div class='gchoice gchoice_1_6_3'>\n\t\t\t\t\t\t\t\t<input class='gfield-choice-input' name='input_6.3' type='checkbox'  value='Residential'  id='choice_1_6_3'   \/>\n\t\t\t\t\t\t\t\t<label for='choice_1_6_3' id='label_1_6_3' class='gform-field-label gform-field-label--type-inline'>Residential<\/label>\n\t\t\t\t\t\t\t<\/div><div class='gchoice gchoice_1_6_4'>\n\t\t\t\t\t\t\t\t<input class='gfield-choice-input' name='input_6.4' type='checkbox'  value='Sales Rep'  id='choice_1_6_4'   \/>\n\t\t\t\t\t\t\t\t<label for='choice_1_6_4' id='label_1_6_4' class='gform-field-label gform-field-label--type-inline'>Sales Rep<\/label>\n\t\t\t\t\t\t\t<\/div><div class='gchoice gchoice_1_6_5'>\n\t\t\t\t\t\t\t\t<input class='gfield-choice-input' name='input_6.5' type='checkbox'  value='Distributor'  id='choice_1_6_5'   \/>\n\t\t\t\t\t\t\t\t<label for='choice_1_6_5' id='label_1_6_5' class='gform-field-label gform-field-label--type-inline'>Distributor<\/label>\n\t\t\t\t\t\t\t<\/div><\/div><\/div><\/fieldset><div id=\"field_1_7\" class=\"gfield gfield--type-phone gfield--width-half field_sublabel_below gfield--no-description field_description_below field_validation_below gfield_visibility_visible\"  ><label class='gfield_label gform-field-label' for='input_1_7'>Phone<\/label><div class='ginput_container ginput_container_phone'><input name='input_7' id='input_1_7' type='tel' value='' class='large'    aria-invalid=\"false\"   \/><\/div><\/div><fieldset id=\"field_1_8\" class=\"gfield gfield--type-radio gfield--type-choice field_sublabel_below gfield--no-description field_description_below field_validation_below gfield_visibility_visible\"  ><legend class='gfield_label gform-field-label' >Newsletter<\/legend><div class='ginput_container ginput_container_radio'><div class='gfield_radio' id='input_1_8'>\n\t\t\t<div class='gchoice gchoice_1_8_0'>\n\t\t\t\t\t<input class='gfield-choice-input' name='input_8' type='radio' value='Yes, subscribe me to your newsletter.'  id='choice_1_8_0' onchange='gformToggleRadioOther( this )'    \/>\n\t\t\t\t\t<label for='choice_1_8_0' id='label_1_8_0' class='gform-field-label gform-field-label--type-inline'>Yes, subscribe me to your newsletter.<\/label>\n\t\t\t<\/div><\/div><\/div><\/fieldset><\/div><\/div>\n        <div class='gform-footer gform_footer top_label'> <input type='submit' id='gform_submit_button_1' class='gform_button button' onclick='gform.submission.handleButtonClick(this);' data-submission-type='submit' value='Submit'  \/> \n            <input type='hidden' class='gform_hidden' name='gform_submission_method' data-js='gform_submission_method_1' value='postback' \/>\n            <input type='hidden' class='gform_hidden' name='gform_theme' data-js='gform_theme_1' id='gform_theme_1' value='gravity-theme' \/>\n            <input type='hidden' class='gform_hidden' name='gform_style_settings' data-js='gform_style_settings_1' id='gform_style_settings_1' value='[]' \/>\n            <input type='hidden' class='gform_hidden' name='is_submit_1' value='1' \/>\n            <input type='hidden' class='gform_hidden' name='gform_submit' value='1' \/>\n            \n            <input type='hidden' class='gform_hidden' name='gform_currency' data-currency='USD' value='779kfWXtwTzcVtNUP9K88F0VjD9+0Q5MYqsBiiRCCWv1nAXuXi8pdXa8AxM4qCD+0VyJwgkU3HwLS\/7jnFh+c8DTIV2JpnOtCgtPk1X77Y1lSt0=' \/>\n            <input type='hidden' class='gform_hidden' name='gform_unique_id' value='' \/>\n            <input type='hidden' class='gform_hidden' name='state_1' value='WyJ7XCI4XCI6W1wiY2U2ZjVmNGY0MzljMTI5MDRlOGUyNWUzNjgwMDRlMDFcIl19IiwiMGVlNDI3YWNhYWRlY2JlM2Y0NWJiNTcxODNjNDk4MzIiXQ==' \/>\n            <input type='hidden' autocomplete='off' class='gform_hidden' name='gform_target_page_number_1' id='gform_target_page_number_1' value='0' \/>\n            <input type='hidden' autocomplete='off' class='gform_hidden' name='gform_source_page_number_1' id='gform_source_page_number_1' value='1' \/>\n            <input type='hidden' name='gform_field_values' value='' \/>\n            \n        <\/div>\n                        <\/form>\n                        <\/div><script type=\"text\/javascript\">\n\/* <![CDATA[ *\/\n gform.initializeOnLoaded( function() {gformInitSpinner( 1, 'https:\/\/greatnorthhardscape.com\/wp-content\/plugins\/gravityforms\/images\/spinner.svg', true );jQuery('#gform_ajax_frame_1').on('load',function(){var contents = jQuery(this).contents().find('*').html();var is_postback = contents.indexOf('GF_AJAX_POSTBACK') >= 0;if(!is_postback){return;}var form_content = jQuery(this).contents().find('#gform_wrapper_1');var is_confirmation = jQuery(this).contents().find('#gform_confirmation_wrapper_1').length > 0;var is_redirect = contents.indexOf('gformRedirect(){') >= 0;var is_form = form_content.length > 0 && ! is_redirect && ! is_confirmation;var mt = parseInt(jQuery('html').css('margin-top'), 10) + parseInt(jQuery('body').css('margin-top'), 10) + 100;if(is_form){jQuery('#gform_wrapper_1').html(form_content.html());if(form_content.hasClass('gform_validation_error')){jQuery('#gform_wrapper_1').addClass('gform_validation_error');} else {jQuery('#gform_wrapper_1').removeClass('gform_validation_error');}setTimeout( function() { \/* delay the scroll by 50 milliseconds to fix a bug in chrome *\/  }, 50 );if(window['gformInitDatepicker']) {gformInitDatepicker();}if(window['gformInitPriceFields']) {gformInitPriceFields();}var current_page = jQuery('#gform_source_page_number_1').val();gformInitSpinner( 1, 'https:\/\/greatnorthhardscape.com\/wp-content\/plugins\/gravityforms\/images\/spinner.svg', true );jQuery(document).trigger('gform_page_loaded', [1, current_page]);window['gf_submitting_1'] = false;}else if(!is_redirect){var confirmation_content = jQuery(this).contents().find('.GF_AJAX_POSTBACK').html();if(!confirmation_content){confirmation_content = contents;}jQuery('#gform_wrapper_1').replaceWith(confirmation_content);jQuery(document).trigger('gform_confirmation_loaded', [1]);window['gf_submitting_1'] = false;wp.a11y.speak(jQuery('#gform_confirmation_message_1').text());}else{jQuery('#gform_1').append(contents);if(window['gformRedirect']) {gformRedirect();}}jQuery(document).trigger(\"gform_pre_post_render\", [{ formId: \"1\", currentPage: \"current_page\", abort: function() { this.preventDefault(); } }]);        if (event && event.defaultPrevented) {                return;        }        const gformWrapperDiv = document.getElementById( \"gform_wrapper_1\" );        if ( gformWrapperDiv ) {            const visibilitySpan = document.createElement( \"span\" );            visibilitySpan.id = \"gform_visibility_test_1\";            gformWrapperDiv.insertAdjacentElement( \"afterend\", visibilitySpan );        }        const visibilityTestDiv = document.getElementById( \"gform_visibility_test_1\" );        let postRenderFired = false;        function triggerPostRender() {            if ( postRenderFired ) {                return;            }            postRenderFired = true;            gform.core.triggerPostRenderEvents( 1, current_page );            if ( visibilityTestDiv ) {                visibilityTestDiv.parentNode.removeChild( visibilityTestDiv );            }        }        function debounce( func, wait, immediate ) {            var timeout;            return function() {                var context = this, args = arguments;                var later = function() {                    timeout = null;                    if ( !immediate ) func.apply( context, args );                };                var callNow = immediate && !timeout;                clearTimeout( timeout );                timeout = setTimeout( later, wait );                if ( callNow ) func.apply( context, args );            };        }        const debouncedTriggerPostRender = debounce( function() {            triggerPostRender();        }, 200 );        if ( visibilityTestDiv && visibilityTestDiv.offsetParent === null ) {            const observer = new MutationObserver( ( mutations ) => {                mutations.forEach( ( mutation ) => {                    if ( mutation.type === 'attributes' && visibilityTestDiv.offsetParent !== null ) {                        debouncedTriggerPostRender();                        observer.disconnect();                    }                });            });            observer.observe( document.body, {                attributes: true,                childList: false,                subtree: true,                attributeFilter: [ 'style', 'class' ],            });        } else {            triggerPostRender();        }    } );} ); \n\/* ]]> *\/\n<\/script>\n\n","protected":false},"excerpt":{"rendered":"","protected":false},"author":2,"featured_media":0,"parent":7621,"menu_order":0,"comment_status":"closed","ping_status":"closed","template":"","meta":{"footnotes":""},"class_list":["post-7631","page","type-page","status-publish","hentry"],"aioseo_notices":[],"_links":{"self":[{"href":"https:\/\/greatnorthhardscape.com\/fr\/wp-json\/wp\/v2\/pages\/7631","targetHints":{"allow":["GET"]}}],"collection":[{"href":"https:\/\/greatnorthhardscape.com\/fr\/wp-json\/wp\/v2\/pages"}],"about":[{"href":"https:\/\/greatnorthhardscape.com\/fr\/wp-json\/wp\/v2\/types\/page"}],"author":[{"embeddable":true,"href":"https:\/\/greatnorthhardscape.com\/fr\/wp-json\/wp\/v2\/users\/2"}],"replies":[{"embeddable":true,"href":"https:\/\/greatnorthhardscape.com\/fr\/wp-json\/wp\/v2\/comments?post=7631"}],"version-history":[{"count":4,"href":"https:\/\/greatnorthhardscape.com\/fr\/wp-json\/wp\/v2\/pages\/7631\/revisions"}],"predecessor-version":[{"id":9243,"href":"https:\/\/greatnorthhardscape.com\/fr\/wp-json\/wp\/v2\/pages\/7631\/revisions\/9243"}],"up":[{"embeddable":true,"href":"https:\/\/greatnorthhardscape.com\/fr\/wp-json\/wp\/v2\/pages\/7621"}],"wp:attachment":[{"href":"https:\/\/greatnorthhardscape.com\/fr\/wp-json\/wp\/v2\/media?parent=7631"}],"curies":[{"name":"wp","href":"https:\/\/api.w.org\/{rel}","templated":true}]}}