{"id":7633,"date":"2018-10-12T10:55:36","date_gmt":"2018-10-12T14:55:36","guid":{"rendered":"https:\/\/greatnorthhardscape.com\/brouettes-tufx-bon"},"modified":"2018-10-12T10:55:36","modified_gmt":"2018-10-12T14:55:36","slug":"brouettes-tufx-bon","status":"publish","type":"page","link":"https:\/\/greatnorthhardscape.com\/fr\/produits\/brouettes\/brouettes-tufx-bon","title":{"rendered":"Brouettes TUFX Bon"},"content":{"rendered":"<h3>Parfait pour la pelouse et le jardin<\/h3>\n<ul>\n<li>Conception ergonomique sup\u00e9rieure permettant de manipuler et de contr\u00f4ler facilement les charges lourdes<\/li>\n<li>Plateau anti-\u00e9claboussures de grande capacit\u00e9. Disponible en poly\u00e9thyl\u00e8ne ou en acier<\/li>\n<li>Cadre durable en acier soud\u00e9 d&rsquo;une seule pi\u00e8ce et recouvert d&rsquo;un rev\u00eatement en poudre<\/li>\n<li>Moyeu de roue en acier \u00e0 longue dur\u00e9e de vie avec pneu ou pneu anti-crevaison<\/li>\n<li>Assemblage rapide (trois parties) avec seulement six boulons<\/li>\n<\/ul>\n<div id=\"products-750910\" class=\"product_holder product-showcase clearfix  \"><div class=\"product_boxes\" data-rt-animation-group=\"group\"><\/div><\/div>\n","protected":false},"excerpt":{"rendered":"<p>Parfait pour la pelouse et le jardin Conception ergonomique sup\u00e9rieure permettant de manipuler et de contr\u00f4ler facilement les charges lourdes Plateau anti-\u00e9claboussures de grande capacit\u00e9. Disponible en poly\u00e9thyl\u00e8ne ou en acier Cadre durable en acier soud\u00e9 d&rsquo;une seule pi\u00e8ce et recouvert d&rsquo;un rev\u00eatement en poudre Moyeu de roue en acier \u00e0 longue dur\u00e9e de vie [&hellip;]<\/p>\n","protected":false},"author":2,"featured_media":0,"parent":7642,"menu_order":0,"comment_status":"closed","ping_status":"closed","template":"","meta":{"footnotes":""},"class_list":["post-7633","page","type-page","status-publish","hentry"],"aioseo_notices":[],"_links":{"self":[{"href":"https:\/\/greatnorthhardscape.com\/fr\/wp-json\/wp\/v2\/pages\/7633","targetHints":{"allow":["GET"]}}],"collection":[{"href":"https:\/\/greatnorthhardscape.com\/fr\/wp-json\/wp\/v2\/pages"}],"about":[{"href":"https:\/\/greatnorthhardscape.com\/fr\/wp-json\/wp\/v2\/types\/page"}],"author":[{"embeddable":true,"href":"https:\/\/greatnorthhardscape.com\/fr\/wp-json\/wp\/v2\/users\/2"}],"replies":[{"embeddable":true,"href":"https:\/\/greatnorthhardscape.com\/fr\/wp-json\/wp\/v2\/comments?post=7633"}],"version-history":[{"count":0,"href":"https:\/\/greatnorthhardscape.com\/fr\/wp-json\/wp\/v2\/pages\/7633\/revisions"}],"up":[{"embeddable":true,"href":"https:\/\/greatnorthhardscape.com\/fr\/wp-json\/wp\/v2\/pages\/7642"}],"wp:attachment":[{"href":"https:\/\/greatnorthhardscape.com\/fr\/wp-json\/wp\/v2\/media?parent=7633"}],"curies":[{"name":"wp","href":"https:\/\/api.w.org\/{rel}","templated":true}]}}