{"id":7634,"date":"2018-10-12T11:09:53","date_gmt":"2018-10-12T15:09:53","guid":{"rendered":"https:\/\/greatnorthhardscape.com\/accessoires-pour-brouettes-tufx"},"modified":"2018-10-12T11:09:53","modified_gmt":"2018-10-12T15:09:53","slug":"accessoires-pour-brouettes-tufx","status":"publish","type":"page","link":"https:\/\/greatnorthhardscape.com\/fr\/produits\/brouettes\/accessoires-pour-brouettes-tufx","title":{"rendered":"Accessoires pour brouettes TUFX"},"content":{"rendered":"<p><a href=\"https:\/\/greatnorthhardscape.com\/wp-content\/uploads\/2017\/05\/display-stand.png\"><img loading=\"lazy\" decoding=\"async\" class=\"wp-image-1271 alignright\" src=\"https:\/\/greatnorthhardscape.com\/wp-content\/uploads\/2017\/05\/display-stand-142x300.png\" alt=\"\" width=\"99\" height=\"209\" srcset=\"https:\/\/greatnorthhardscape.com\/wp-content\/uploads\/2017\/05\/display-stand-142x300.png 142w, https:\/\/greatnorthhardscape.com\/wp-content\/uploads\/2017\/05\/display-stand.png 400w\" sizes=\"auto, (max-width: 99px) 100vw, 99px\" \/><\/a>Choisissez parmi plusieurs mod\u00e8les de roues et de pneus pour adapter votre brouette \u00e0 vos besoins sp\u00e9cifiques.<\/p>\n<p>Nous proposons \u00e9galement des pi\u00e8ces de rechange et un kit pour convertir votre mod\u00e8le \u00e0 une roue en un mod\u00e8le \u00e0 deux roues.<br \/>\n<div id=\"products-280785\" class=\"product_holder product-showcase clearfix  \"><div class=\"product_boxes\" data-rt-animation-group=\"group\"><div class=\"row clearfix  with_borders fluid\"><div class=\"box three  first first-row   tufx-accessories-fr\"><div class=\"product_item_holder\" data-rt-animate=\"animate\" data-rt-animation-type=\"fadeIn\">\n\t<!-- product image -->\n\t<div class=\"featured_image\"> \n\t\t\t<a href=\"https:\/\/greatnorthhardscape.com\/fr\/product-detail\/wf091-roues-et-pneus\" title=\"WF091 Roues et pneus\" rel=\"bookmark\"><img decoding=\"async\" src=\"https:\/\/greatnorthhardscape.com\/wp-content\/uploads\/2018\/10\/WF091wheel.jpg\" alt=\"\" class=\"\" \/><\/a> \n\t<\/div> \n\n\n\t\t\t\t\t\n\t<div class=\"product_info\">\n\n\t\t\t\t<!-- title-->\n\t\t<h4><a href=\"https:\/\/greatnorthhardscape.com\/fr\/product-detail\/wf091-roues-et-pneus\" title=\"WF091 Roues et pneus\" rel=\"bookmark\">WF091 Roues et pneus<\/a><\/h4>\n\t\t\n\t\t<!-- text-->\n\t\t\n\t\t \n\n\t<\/div>\n\t<\/div><\/div>\n<div class=\"box three  first-row   tufx-accessories-fr\"><div class=\"product_item_holder\" data-rt-animate=\"animate\" data-rt-animation-type=\"fadeIn\">\n\t<!-- product image -->\n\t<div class=\"featured_image\"> \n\t\t\t<a href=\"https:\/\/greatnorthhardscape.com\/fr\/product-detail\/wf081-roues-et-pneus\" title=\"WF081 Roues et pneus\" rel=\"bookmark\"><img decoding=\"async\" src=\"https:\/\/greatnorthhardscape.com\/wp-content\/uploads\/2018\/10\/WF081wheel.jpg\" alt=\"\" class=\"\" \/><\/a> \n\t<\/div> \n\n\n\t\t\t\t\t\n\t<div class=\"product_info\">\n\n\t\t\t\t<!-- title-->\n\t\t<h4><a href=\"https:\/\/greatnorthhardscape.com\/fr\/product-detail\/wf081-roues-et-pneus\" title=\"WF081 Roues et pneus\" rel=\"bookmark\">WF081 Roues et pneus<\/a><\/h4>\n\t\t\n\t\t<!-- text-->\n\t\t\n\t\t \n\n\t<\/div>\n\t<\/div><\/div>\n<div class=\"box three  last first-row   tufx-accessories-fr\"><div class=\"product_item_holder\" data-rt-animate=\"animate\" data-rt-animation-type=\"fadeIn\">\n\t<!-- product image -->\n\t<div class=\"featured_image\"> \n\t\t\t<a href=\"https:\/\/greatnorthhardscape.com\/fr\/product-detail\/wa020-roues-et-pneus\" title=\"WA020 Roues et pneus\" rel=\"bookmark\"><img decoding=\"async\" src=\"https:\/\/greatnorthhardscape.com\/wp-content\/uploads\/2018\/10\/WA020wheel.jpg\" alt=\"\" class=\"\" \/><\/a> \n\t<\/div> \n\n\n\t\t\t\t\t\n\t<div class=\"product_info\">\n\n\t\t\t\t<!-- title-->\n\t\t<h4><a href=\"https:\/\/greatnorthhardscape.com\/fr\/product-detail\/wa020-roues-et-pneus\" title=\"WA020 Roues et pneus\" rel=\"bookmark\">WA020 Roues et pneus<\/a><\/h4>\n\t\t\n\t\t<!-- text-->\n\t\t\n\t\t \n\n\t<\/div>\n\t<\/div><\/div>\n<\/div><div class=\"row clearfix  with_borders fluid\"><div class=\"box three  first last  last-row  tufx-accessories-fr\"><div class=\"product_item_holder\" data-rt-animate=\"animate\" data-rt-animation-type=\"fadeIn\">\n\t<!-- product image -->\n\t<div class=\"featured_image\"> \n\t\t\t<a href=\"https:\/\/greatnorthhardscape.com\/fr\/product-detail\/wa019-roues-et-pneus\" title=\"WA019 Roues et pneus\" rel=\"bookmark\"><img decoding=\"async\" src=\"https:\/\/greatnorthhardscape.com\/wp-content\/uploads\/2018\/10\/WA019wheel.jpg\" alt=\"\" class=\"\" \/><\/a> \n\t<\/div> \n\n\n\t\t\t\t\t\n\t<div class=\"product_info\">\n\n\t\t\t\t<!-- title-->\n\t\t<h4><a href=\"https:\/\/greatnorthhardscape.com\/fr\/product-detail\/wa019-roues-et-pneus\" title=\"WA019 Roues et pneus\" rel=\"bookmark\">WA019 Roues et pneus<\/a><\/h4>\n\t\t\n\t\t<!-- text-->\n\t\t\n\t\t \n\n\t<\/div>\n\t<\/div><\/div>\n<\/div><\/div><\/div><\/p>\n","protected":false},"excerpt":{"rendered":"<p>Choisissez parmi plusieurs mod\u00e8les de roues et de pneus pour adapter votre brouette \u00e0 vos besoins sp\u00e9cifiques. Nous proposons \u00e9galement des pi\u00e8ces de rechange et un kit pour convertir votre mod\u00e8le \u00e0 une roue en un mod\u00e8le \u00e0 deux roues.<\/p>\n","protected":false},"author":2,"featured_media":0,"parent":7642,"menu_order":0,"comment_status":"closed","ping_status":"closed","template":"","meta":{"footnotes":""},"class_list":["post-7634","page","type-page","status-publish","hentry"],"aioseo_notices":[],"_links":{"self":[{"href":"https:\/\/greatnorthhardscape.com\/fr\/wp-json\/wp\/v2\/pages\/7634","targetHints":{"allow":["GET"]}}],"collection":[{"href":"https:\/\/greatnorthhardscape.com\/fr\/wp-json\/wp\/v2\/pages"}],"about":[{"href":"https:\/\/greatnorthhardscape.com\/fr\/wp-json\/wp\/v2\/types\/page"}],"author":[{"embeddable":true,"href":"https:\/\/greatnorthhardscape.com\/fr\/wp-json\/wp\/v2\/users\/2"}],"replies":[{"embeddable":true,"href":"https:\/\/greatnorthhardscape.com\/fr\/wp-json\/wp\/v2\/comments?post=7634"}],"version-history":[{"count":0,"href":"https:\/\/greatnorthhardscape.com\/fr\/wp-json\/wp\/v2\/pages\/7634\/revisions"}],"up":[{"embeddable":true,"href":"https:\/\/greatnorthhardscape.com\/fr\/wp-json\/wp\/v2\/pages\/7642"}],"wp:attachment":[{"href":"https:\/\/greatnorthhardscape.com\/fr\/wp-json\/wp\/v2\/media?parent=7634"}],"curies":[{"name":"wp","href":"https:\/\/api.w.org\/{rel}","templated":true}]}}