{"id":7635,"date":"2018-10-12T11:07:32","date_gmt":"2018-10-12T15:07:32","guid":{"rendered":"https:\/\/greatnorthhardscape.com\/brouettes-tufx-mieux"},"modified":"2018-10-12T11:07:32","modified_gmt":"2018-10-12T15:07:32","slug":"brouettes-tufx-mieux","status":"publish","type":"page","link":"https:\/\/greatnorthhardscape.com\/fr\/produits\/brouettes\/brouettes-tufx-mieux","title":{"rendered":"Brouettes TUFX Mieux"},"content":{"rendered":"<h3>Pour tous vos projets de construction de maisons<\/h3>\n<ul>\n<li>Conception ergonomique sup\u00e9rieure permettant de manipuler et de contr\u00f4ler facilement les charges lourdes<\/li>\n<li>Plateau extra-\u00e9pais, r\u00e9sistant et \u00e0 fort impact. Disponible en poly\u00e9thyl\u00e8ne ou en acier<\/li>\n<li>Cadre durable en acier soud\u00e9 d&rsquo;une seule pi\u00e8ce avec rev\u00eatement en poudre ou finition en zinc avec renforts suppl\u00e9mentaires disponibles.<\/li>\n<li>Roue \u00e0 fort impact avec moyeu en poly ou en acier. Pneu pour gazon disponible en version pneumatique ou sans crevaison<\/li>\n<\/ul>\n<div id=\"products-805613\" class=\"product_holder product-showcase clearfix  \"><div class=\"product_boxes\" data-rt-animation-group=\"group\"><div class=\"row clearfix  with_borders fluid\"><div class=\"box three  first first-row   tufx-better-wheelbarrows-fr\"><div class=\"product_item_holder\" data-rt-animate=\"animate\" data-rt-animation-type=\"fadeIn\">\n\t<!-- product image -->\n\t<div class=\"featured_image\"> \n\t\t\t<a href=\"https:\/\/greatnorthhardscape.com\/fr\/product-detail\/tp805\" title=\"TP805\" rel=\"bookmark\"><img decoding=\"async\" src=\"https:\/\/greatnorthhardscape.com\/wp-content\/uploads\/2018\/10\/betterTP805-1-480x274.jpg\" alt=\"\" class=\"\" \/><\/a> \n\t<\/div> \n\n\n\t\t\t\t\t\n\t<div class=\"product_info\">\n\n\t\t\t\t<!-- title-->\n\t\t<h4><a href=\"https:\/\/greatnorthhardscape.com\/fr\/product-detail\/tp805\" title=\"TP805\" rel=\"bookmark\">TP805<\/a><\/h4>\n\t\t\n\t\t<!-- text-->\n\t\t\n\t\t \n\n\t<\/div>\n\t<\/div><\/div>\n<div class=\"box three  first-row   tufx-better-wheelbarrows-fr\"><div class=\"product_item_holder\" data-rt-animate=\"animate\" data-rt-animation-type=\"fadeIn\">\n\t<!-- product image -->\n\t<div class=\"featured_image\"> \n\t\t\t<a href=\"https:\/\/greatnorthhardscape.com\/fr\/product-detail\/tk100\" title=\"TK100\" rel=\"bookmark\"><img decoding=\"async\" src=\"https:\/\/greatnorthhardscape.com\/wp-content\/uploads\/2018\/10\/betterTK100-1-480x274.jpg\" alt=\"\" class=\"\" \/><\/a> \n\t<\/div> \n\n\n\t\t\t\t\t\n\t<div class=\"product_info\">\n\n\t\t\t\t<!-- title-->\n\t\t<h4><a href=\"https:\/\/greatnorthhardscape.com\/fr\/product-detail\/tk100\" title=\"TK100\" rel=\"bookmark\">TK100<\/a><\/h4>\n\t\t\n\t\t<!-- text-->\n\t\t\n\t\t \n\n\t<\/div>\n\t<\/div><\/div>\n<div class=\"box three  last first-row   tufx-better-wheelbarrows-fr\"><div class=\"product_item_holder\" data-rt-animate=\"animate\" data-rt-animation-type=\"fadeIn\">\n\t<!-- product image -->\n\t<div class=\"featured_image\"> \n\t\t\t<a href=\"https:\/\/greatnorthhardscape.com\/fr\/product-detail\/pe100\" title=\"PE100\" rel=\"bookmark\"><img decoding=\"async\" src=\"https:\/\/greatnorthhardscape.com\/wp-content\/uploads\/2018\/10\/betterPE100-1-480x274.jpg\" alt=\"\" class=\"\" \/><\/a> \n\t<\/div> \n\n\n\t\t\t\t\t\n\t<div class=\"product_info\">\n\n\t\t\t\t<!-- title-->\n\t\t<h4><a href=\"https:\/\/greatnorthhardscape.com\/fr\/product-detail\/pe100\" title=\"PE100\" rel=\"bookmark\">PE100<\/a><\/h4>\n\t\t\n\t\t<!-- text-->\n\t\t\n\t\t \n\n\t<\/div>\n\t<\/div><\/div>\n<\/div><div class=\"row clearfix  with_borders fluid\"><div class=\"box three  first  last-row  tufx-better-wheelbarrows-fr\"><div class=\"product_item_holder\" data-rt-animate=\"animate\" data-rt-animation-type=\"fadeIn\">\n\t<!-- product image -->\n\t<div class=\"featured_image\"> \n\t\t\t<a href=\"https:\/\/greatnorthhardscape.com\/fr\/product-detail\/sm100\" title=\"SM100\" rel=\"bookmark\"><img decoding=\"async\" src=\"https:\/\/greatnorthhardscape.com\/wp-content\/uploads\/2018\/10\/betterSM100-1-480x274.jpg\" alt=\"\" class=\"\" \/><\/a> \n\t<\/div> \n\n\n\t\t\t\t\t\n\t<div class=\"product_info\">\n\n\t\t\t\t<!-- title-->\n\t\t<h4><a href=\"https:\/\/greatnorthhardscape.com\/fr\/product-detail\/sm100\" title=\"SM100\" rel=\"bookmark\">SM100<\/a><\/h4>\n\t\t\n\t\t<!-- text-->\n\t\t\n\t\t \n\n\t<\/div>\n\t<\/div><\/div>\n<div class=\"box three  last  last-row  tufx-better-wheelbarrows-fr\"><div class=\"product_item_holder\" data-rt-animate=\"animate\" data-rt-animation-type=\"fadeIn\">\n\t<!-- product image -->\n\t<div class=\"featured_image\"> \n\t\t\t<a href=\"https:\/\/greatnorthhardscape.com\/fr\/product-detail\/gue90\" title=\"GUE90\" rel=\"bookmark\"><img decoding=\"async\" src=\"https:\/\/greatnorthhardscape.com\/wp-content\/uploads\/2018\/10\/betterGUE90-1-480x274.jpg\" alt=\"\" class=\"\" \/><\/a> \n\t<\/div> \n\n\n\t\t\t\t\t\n\t<div class=\"product_info\">\n\n\t\t\t\t<!-- title-->\n\t\t<h4><a href=\"https:\/\/greatnorthhardscape.com\/fr\/product-detail\/gue90\" title=\"GUE90\" rel=\"bookmark\">GUE90<\/a><\/h4>\n\t\t\n\t\t<!-- text-->\n\t\t\n\t\t \n\n\t<\/div>\n\t<\/div><\/div>\n<\/div><\/div><\/div>\n","protected":false},"excerpt":{"rendered":"<p>Pour tous vos projets de construction de maisons Conception ergonomique sup\u00e9rieure permettant de manipuler et de contr\u00f4ler facilement les charges lourdes Plateau extra-\u00e9pais, r\u00e9sistant et \u00e0 fort impact. Disponible en poly\u00e9thyl\u00e8ne ou en acier Cadre durable en acier soud\u00e9 d&rsquo;une seule pi\u00e8ce avec rev\u00eatement en poudre ou finition en zinc avec renforts suppl\u00e9mentaires disponibles. Roue [&hellip;]<\/p>\n","protected":false},"author":2,"featured_media":0,"parent":7642,"menu_order":0,"comment_status":"closed","ping_status":"closed","template":"","meta":{"footnotes":""},"class_list":["post-7635","page","type-page","status-publish","hentry"],"aioseo_notices":[],"_links":{"self":[{"href":"https:\/\/greatnorthhardscape.com\/fr\/wp-json\/wp\/v2\/pages\/7635","targetHints":{"allow":["GET"]}}],"collection":[{"href":"https:\/\/greatnorthhardscape.com\/fr\/wp-json\/wp\/v2\/pages"}],"about":[{"href":"https:\/\/greatnorthhardscape.com\/fr\/wp-json\/wp\/v2\/types\/page"}],"author":[{"embeddable":true,"href":"https:\/\/greatnorthhardscape.com\/fr\/wp-json\/wp\/v2\/users\/2"}],"replies":[{"embeddable":true,"href":"https:\/\/greatnorthhardscape.com\/fr\/wp-json\/wp\/v2\/comments?post=7635"}],"version-history":[{"count":0,"href":"https:\/\/greatnorthhardscape.com\/fr\/wp-json\/wp\/v2\/pages\/7635\/revisions"}],"up":[{"embeddable":true,"href":"https:\/\/greatnorthhardscape.com\/fr\/wp-json\/wp\/v2\/pages\/7642"}],"wp:attachment":[{"href":"https:\/\/greatnorthhardscape.com\/fr\/wp-json\/wp\/v2\/media?parent=7635"}],"curies":[{"name":"wp","href":"https:\/\/api.w.org\/{rel}","templated":true}]}}