{"id":7638,"date":"2019-01-25T09:39:02","date_gmt":"2019-01-25T14:39:02","guid":{"rendered":"https:\/\/greatnorthhardscape.com\/chariots-a-main-de-service-industriel"},"modified":"2019-01-25T09:39:02","modified_gmt":"2019-01-25T14:39:02","slug":"chariots-a-main-de-service-industriel","status":"publish","type":"page","link":"https:\/\/greatnorthhardscape.com\/fr\/chariots-a-main-de-service-industriel","title":{"rendered":"Chariots \u00e0 main de service industriel"},"content":{"rendered":"<h1>Chariots \u00e0 main de service industriel<\/h1>\n<ul>\n<li>Les cadres en acier tubulaire tr\u00e8s r\u00e9sistants supportent des charges plus importantes.<\/li>\n<li>Rev\u00eatement en poudre ou finition en zinc pour une meilleure protection contre la rouille et une plus longue dur\u00e9e de vie.<\/li>\n<li>La plaque de base chanfrein\u00e9e vous permet de passer sous les charges avec facilit\u00e9<\/li>\n<li>Les poign\u00e9es ergonomiques permettent une plus grande maniabilit\u00e9 et r\u00e9duisent la fatigue.<\/li>\n<li>Supports d&rsquo;essieu en acier pour une r\u00e9sistance et une stabilit\u00e9 accrues<\/li>\n<li>Roues plates \u00ab\u00a0Real Feel\u00a0\u00bb pour une faible r\u00e9sistance au roulement<\/li>\n<li>Fabriqu\u00e9 au Canada<\/li>\n<\/ul>\n<div id=\"products-481708\" class=\"product_holder product-showcase clearfix  \"><div class=\"product_boxes\" data-rt-animation-group=\"group\"><div class=\"row clearfix  with_borders fluid\"><div class=\"box three  first first-row   industrial-duty-hand-trucks-fr\"><div class=\"product_item_holder\" data-rt-animate=\"animate\" data-rt-animation-type=\"fadeIn\">\n\t<!-- product image -->\n\t<div class=\"featured_image\"> \n\t\t\t<a href=\"https:\/\/greatnorthhardscape.com\/fr\/product-detail\/tx800tm\" title=\"TX800TM\" rel=\"bookmark\"><img decoding=\"async\" src=\"https:\/\/greatnorthhardscape.com\/wp-content\/uploads\/2019\/07\/TX800TM.jpg\" alt=\"\" class=\"\" \/><\/a> \n\t<\/div> \n\n\n\t\t\t\t\t\n\t<div class=\"product_info\">\n\n\t\t\t\t<!-- title-->\n\t\t<h4><a href=\"https:\/\/greatnorthhardscape.com\/fr\/product-detail\/tx800tm\" title=\"TX800TM\" rel=\"bookmark\">TX800TM<\/a><\/h4>\n\t\t\n\t\t<!-- text-->\n\t\t\n\t\t \n\n\t<\/div>\n\t<\/div><\/div>\n<div class=\"box three  first-row   industrial-duty-hand-trucks-fr\"><div class=\"product_item_holder\" data-rt-animate=\"animate\" data-rt-animation-type=\"fadeIn\">\n\t<!-- product image -->\n\t<div class=\"featured_image\"> \n\t\t\t<a href=\"https:\/\/greatnorthhardscape.com\/fr\/product-detail\/tufx-tx600l\" title=\"TUFX TX600L\" rel=\"bookmark\"><img decoding=\"async\" src=\"https:\/\/greatnorthhardscape.com\/wp-content\/uploads\/2019\/01\/TX600L.jpg\" alt=\"\" class=\"\" \/><\/a> \n\t<\/div> \n\n\n\t\t\t\t\t\n\t<div class=\"product_info\">\n\n\t\t\t\t<!-- title-->\n\t\t<h4><a href=\"https:\/\/greatnorthhardscape.com\/fr\/product-detail\/tufx-tx600l\" title=\"TUFX TX600L\" rel=\"bookmark\">TUFX TX600L<\/a><\/h4>\n\t\t\n\t\t<!-- text-->\n\t\t\n\t\t \n\n\t<\/div>\n\t<\/div><\/div>\n<div class=\"box three  last first-row   industrial-duty-hand-trucks-fr\"><div class=\"product_item_holder\" data-rt-animate=\"animate\" data-rt-animation-type=\"fadeIn\">\n\t<!-- product image -->\n\t<div class=\"featured_image\"> \n\t\t\t<a href=\"https:\/\/greatnorthhardscape.com\/fr\/product-detail\/tufx-tx600p\" title=\"TUFX TX600P\" rel=\"bookmark\"><img decoding=\"async\" src=\"https:\/\/greatnorthhardscape.com\/wp-content\/uploads\/2019\/01\/TX600P.jpg\" alt=\"\" class=\"\" \/><\/a> \n\t<\/div> \n\n\n\t\t\t\t\t\n\t<div class=\"product_info\">\n\n\t\t\t\t<!-- title-->\n\t\t<h4><a href=\"https:\/\/greatnorthhardscape.com\/fr\/product-detail\/tufx-tx600p\" title=\"TUFX TX600P\" rel=\"bookmark\">TUFX TX600P<\/a><\/h4>\n\t\t\n\t\t<!-- text-->\n\t\t\n\t\t \n\n\t<\/div>\n\t<\/div><\/div>\n<\/div><div class=\"row clearfix  with_borders fluid\"><div class=\"box three  first last  last-row  outils-pour-le-paysage-et-la-porcelaine industrial-duty-hand-trucks-fr rubi-tools-fr\"><div class=\"product_item_holder\" data-rt-animate=\"animate\" data-rt-animation-type=\"fadeIn\">\n\t<!-- product image -->\n\t<div class=\"featured_image\"> \n\t\t\t<a href=\"https:\/\/greatnorthhardscape.com\/fr\/product-detail\/tufx-tx1000t\" title=\"TUFX TX1000T\" rel=\"bookmark\"><img decoding=\"async\" src=\"https:\/\/greatnorthhardscape.com\/wp-content\/uploads\/2019\/01\/TX1000T.jpg\" alt=\"\" class=\"\" \/><\/a> \n\t<\/div> \n\n\n\t\t\t\t\t\n\t<div class=\"product_info\">\n\n\t\t\t\t<!-- title-->\n\t\t<h4><a href=\"https:\/\/greatnorthhardscape.com\/fr\/product-detail\/tufx-tx1000t\" title=\"TUFX TX1000T\" rel=\"bookmark\">TUFX TX1000T<\/a><\/h4>\n\t\t\n\t\t<!-- text-->\n\t\t\n\t\t \n\n\t<\/div>\n\t<\/div><\/div>\n<\/div><\/div><\/div>\n","protected":false},"excerpt":{"rendered":"<p>Chariots \u00e0 main de service industriel Les cadres en acier tubulaire tr\u00e8s r\u00e9sistants supportent des charges plus importantes. Rev\u00eatement en poudre ou finition en zinc pour une meilleure protection contre la rouille et une plus longue dur\u00e9e de vie. La plaque de base chanfrein\u00e9e vous permet de passer sous les charges avec facilit\u00e9 Les poign\u00e9es [&hellip;]<\/p>\n","protected":false},"author":2,"featured_media":0,"parent":0,"menu_order":0,"comment_status":"closed","ping_status":"closed","template":"","meta":{"footnotes":""},"class_list":["post-7638","page","type-page","status-publish","hentry"],"aioseo_notices":[],"_links":{"self":[{"href":"https:\/\/greatnorthhardscape.com\/fr\/wp-json\/wp\/v2\/pages\/7638","targetHints":{"allow":["GET"]}}],"collection":[{"href":"https:\/\/greatnorthhardscape.com\/fr\/wp-json\/wp\/v2\/pages"}],"about":[{"href":"https:\/\/greatnorthhardscape.com\/fr\/wp-json\/wp\/v2\/types\/page"}],"author":[{"embeddable":true,"href":"https:\/\/greatnorthhardscape.com\/fr\/wp-json\/wp\/v2\/users\/2"}],"replies":[{"embeddable":true,"href":"https:\/\/greatnorthhardscape.com\/fr\/wp-json\/wp\/v2\/comments?post=7638"}],"version-history":[{"count":0,"href":"https:\/\/greatnorthhardscape.com\/fr\/wp-json\/wp\/v2\/pages\/7638\/revisions"}],"wp:attachment":[{"href":"https:\/\/greatnorthhardscape.com\/fr\/wp-json\/wp\/v2\/media?parent=7638"}],"curies":[{"name":"wp","href":"https:\/\/api.w.org\/{rel}","templated":true}]}}