{"id":7639,"date":"2018-10-12T11:08:01","date_gmt":"2018-10-12T15:08:01","guid":{"rendered":"https:\/\/greatnorthhardscape.com\/brouettes-tufx-best"},"modified":"2023-05-08T11:35:53","modified_gmt":"2023-05-08T15:35:53","slug":"brouettes-tufx-best","status":"publish","type":"page","link":"https:\/\/greatnorthhardscape.com\/fr\/produits\/brouettes\/brouettes-tufx-best","title":{"rendered":"Brouettes TUFX Best"},"content":{"rendered":"<h3>Les brouettes les plus l\u00e9g\u00e8res et les plus solides de l&rsquo;industrie !<br \/>\nChoisi #1 par les contractants.<\/h3>\n<ul>\n<li>Conception ergonomique sup\u00e9rieure permettant de manipuler et de contr\u00f4ler facilement les charges lourdes<\/li>\n<li>Plateau extra-\u00e9pais, r\u00e9sistant et \u00e0 fort impact. Disponible en poly\u00e9thyl\u00e8ne ou en acier<\/li>\n<li>Cadres robustes d&rsquo;une seule pi\u00e8ce en finition zingu\u00e9e avec renforts XX<\/li>\n<li>Roue \u00e0 fort impact avec moyeu en poly. Disponible en version pneumatique ou plate<\/li>\n<li>Garantie limit\u00e9e \u00e0 vie contre les d\u00e9fauts de fabrication<\/li>\n<\/ul>\n<div id=\"products-641334\" class=\"product_holder product-showcase clearfix  \"><div class=\"product_boxes\" data-rt-animation-group=\"group\"><div class=\"row clearfix  with_borders fluid\"><div class=\"box three  first first-row   tufx-best-wheelbarrows-fr\"><div class=\"product_item_holder\" data-rt-animate=\"animate\" data-rt-animation-type=\"fadeIn\">\n\t<!-- product image -->\n\t<div class=\"featured_image\"> \n\t\t\t<a href=\"https:\/\/greatnorthhardscape.com\/fr\/product-detail\/sx140x\" title=\"SX140X\" rel=\"bookmark\"><img decoding=\"async\" src=\"https:\/\/greatnorthhardscape.com\/wp-content\/uploads\/2018\/10\/bestSX140X-1-480x274.jpg\" alt=\"\" class=\"\" \/><\/a> \n\t<\/div> \n\n\n\t\t\t\t\t\n\t<div class=\"product_info\">\n\n\t\t\t\t<!-- title-->\n\t\t<h4><a href=\"https:\/\/greatnorthhardscape.com\/fr\/product-detail\/sx140x\" title=\"SX140X\" rel=\"bookmark\">SX140X<\/a><\/h4>\n\t\t\n\t\t<!-- text-->\n\t\t\n\t\t \n\n\t<\/div>\n\t<\/div><\/div>\n<div class=\"box three  first-row   outils-a-main-et-materiel-darpentage tufx-best-wheelbarrows-fr\"><div class=\"product_item_holder\" data-rt-animate=\"animate\" data-rt-animation-type=\"fadeIn\">\n\t<!-- product image -->\n\t<div class=\"featured_image\"> \n\t\t\t<a href=\"https:\/\/greatnorthhardscape.com\/fr\/product-detail\/px120f-x7\" title=\"PX120F-X7\" rel=\"bookmark\"><img decoding=\"async\" src=\"https:\/\/greatnorthhardscape.com\/wp-content\/uploads\/2018\/10\/bestPX120FX7-1-480x274.jpg\" alt=\"\" class=\"\" \/><\/a> \n\t<\/div> \n\n\n\t\t\t\t\t\n\t<div class=\"product_info\">\n\n\t\t\t\t<!-- title-->\n\t\t<h4><a href=\"https:\/\/greatnorthhardscape.com\/fr\/product-detail\/px120f-x7\" title=\"PX120F-X7\" rel=\"bookmark\">PX120F-X7<\/a><\/h4>\n\t\t\n\t\t<!-- text-->\n\t\t\n\t\t \n\n\t<\/div>\n\t<\/div><\/div>\n<div class=\"box three  last first-row   tufx-best-wheelbarrows-fr\"><div class=\"product_item_holder\" data-rt-animate=\"animate\" data-rt-animation-type=\"fadeIn\">\n\t<!-- product image -->\n\t<div class=\"featured_image\"> \n\t\t\t<a href=\"https:\/\/greatnorthhardscape.com\/fr\/product-detail\/tp566f\" title=\"TP566F\" rel=\"bookmark\"><img decoding=\"async\" src=\"https:\/\/greatnorthhardscape.com\/wp-content\/uploads\/2018\/10\/bestTP566F-1-480x274.jpg\" alt=\"\" class=\"\" \/><\/a> \n\t<\/div> \n\n\n\t\t\t\t\t\n\t<div class=\"product_info\">\n\n\t\t\t\t<!-- title-->\n\t\t<h4><a href=\"https:\/\/greatnorthhardscape.com\/fr\/product-detail\/tp566f\" title=\"TP566F\" rel=\"bookmark\">TP566F<\/a><\/h4>\n\t\t\n\t\t<!-- text-->\n\t\t\n\t\t \n\n\t<\/div>\n\t<\/div><\/div>\n<\/div><div class=\"row clearfix  with_borders fluid\"><div class=\"box three  first  last-row  tufx-best-wheelbarrows-fr\"><div class=\"product_item_holder\" data-rt-animate=\"animate\" data-rt-animation-type=\"fadeIn\">\n\t<!-- product image -->\n\t<div class=\"featured_image\"> \n\t\t\t<a href=\"https:\/\/greatnorthhardscape.com\/fr\/product-detail\/sx120-x0\" title=\"SX120-X0\" rel=\"bookmark\"><img decoding=\"async\" src=\"https:\/\/greatnorthhardscape.com\/wp-content\/uploads\/2018\/10\/bestSX120X0-1-480x274.jpg\" alt=\"\" class=\"\" \/><\/a> \n\t<\/div> \n\n\n\t\t\t\t\t\n\t<div class=\"product_info\">\n\n\t\t\t\t<!-- title-->\n\t\t<h4><a href=\"https:\/\/greatnorthhardscape.com\/fr\/product-detail\/sx120-x0\" title=\"SX120-X0\" rel=\"bookmark\">SX120-X0<\/a><\/h4>\n\t\t\n\t\t<!-- text-->\n\t\t\n\t\t \n\n\t<\/div>\n\t<\/div><\/div>\n<div class=\"box three   last-row  tufx-best-wheelbarrows-fr\"><div class=\"product_item_holder\" data-rt-animate=\"animate\" data-rt-animation-type=\"fadeIn\">\n\t<!-- product image -->\n\t<div class=\"featured_image\"> \n\t\t\t<a href=\"https:\/\/greatnorthhardscape.com\/fr\/product-detail\/px162x\" title=\"PX162X\" rel=\"bookmark\"><img decoding=\"async\" src=\"https:\/\/greatnorthhardscape.com\/wp-content\/uploads\/2018\/10\/bestPX162X-1-480x274.jpg\" alt=\"\" class=\"\" \/><\/a> \n\t<\/div> \n\n\n\t\t\t\t\t\n\t<div class=\"product_info\">\n\n\t\t\t\t<!-- title-->\n\t\t<h4><a href=\"https:\/\/greatnorthhardscape.com\/fr\/product-detail\/px162x\" title=\"PX162X\" rel=\"bookmark\">PX162X<\/a><\/h4>\n\t\t\n\t\t<!-- text-->\n\t\t\n\t\t \n\n\t<\/div>\n\t<\/div><\/div>\n<div class=\"box three  last  last-row  tufx-best-wheelbarrows-fr\"><div class=\"product_item_holder\" data-rt-animate=\"animate\" data-rt-animation-type=\"fadeIn\">\n\t<!-- product image -->\n\t<div class=\"featured_image\"> \n\t\t\t<a href=\"https:\/\/greatnorthhardscape.com\/fr\/product-detail\/ts120f-x3\" title=\"TS120F-X3\" rel=\"bookmark\"><img decoding=\"async\" src=\"https:\/\/greatnorthhardscape.com\/wp-content\/uploads\/2018\/10\/bestTS120FX3-1-480x274.jpg\" alt=\"\" class=\"\" \/><\/a> \n\t<\/div> \n\n\n\t\t\t\t\t\n\t<div class=\"product_info\">\n\n\t\t\t\t<!-- title-->\n\t\t<h4><a href=\"https:\/\/greatnorthhardscape.com\/fr\/product-detail\/ts120f-x3\" title=\"TS120F-X3\" rel=\"bookmark\">TS120F-X3<\/a><\/h4>\n\t\t\n\t\t<!-- text-->\n\t\t\n\t\t \n\n\t<\/div>\n\t<\/div><\/div>\n<\/div><\/div><\/div>\n","protected":false},"excerpt":{"rendered":"<p>Les brouettes les plus l\u00e9g\u00e8res et les plus solides de l&rsquo;industrie ! Choisi #1 par les contractants. Conception ergonomique sup\u00e9rieure permettant de manipuler et de contr\u00f4ler facilement les charges lourdes Plateau extra-\u00e9pais, r\u00e9sistant et \u00e0 fort impact. Disponible en poly\u00e9thyl\u00e8ne ou en acier Cadres robustes d&rsquo;une seule pi\u00e8ce en finition zingu\u00e9e avec renforts XX Roue [&hellip;]<\/p>\n","protected":false},"author":2,"featured_media":0,"parent":7642,"menu_order":0,"comment_status":"closed","ping_status":"closed","template":"","meta":{"footnotes":""},"class_list":["post-7639","page","type-page","status-publish","hentry"],"aioseo_notices":[],"_links":{"self":[{"href":"https:\/\/greatnorthhardscape.com\/fr\/wp-json\/wp\/v2\/pages\/7639","targetHints":{"allow":["GET"]}}],"collection":[{"href":"https:\/\/greatnorthhardscape.com\/fr\/wp-json\/wp\/v2\/pages"}],"about":[{"href":"https:\/\/greatnorthhardscape.com\/fr\/wp-json\/wp\/v2\/types\/page"}],"author":[{"embeddable":true,"href":"https:\/\/greatnorthhardscape.com\/fr\/wp-json\/wp\/v2\/users\/2"}],"replies":[{"embeddable":true,"href":"https:\/\/greatnorthhardscape.com\/fr\/wp-json\/wp\/v2\/comments?post=7639"}],"version-history":[{"count":1,"href":"https:\/\/greatnorthhardscape.com\/fr\/wp-json\/wp\/v2\/pages\/7639\/revisions"}],"predecessor-version":[{"id":8024,"href":"https:\/\/greatnorthhardscape.com\/fr\/wp-json\/wp\/v2\/pages\/7639\/revisions\/8024"}],"up":[{"embeddable":true,"href":"https:\/\/greatnorthhardscape.com\/fr\/wp-json\/wp\/v2\/pages\/7642"}],"wp:attachment":[{"href":"https:\/\/greatnorthhardscape.com\/fr\/wp-json\/wp\/v2\/media?parent=7639"}],"curies":[{"name":"wp","href":"https:\/\/api.w.org\/{rel}","templated":true}]}}