{"id":7644,"date":"2018-12-04T09:07:54","date_gmt":"2018-12-04T14:07:54","guid":{"rendered":"https:\/\/greatnorthhardscape.com\/a-propos-de-nous"},"modified":"2018-12-04T09:07:54","modified_gmt":"2018-12-04T14:07:54","slug":"a-propos-de-nous","status":"publish","type":"page","link":"https:\/\/greatnorthhardscape.com\/fr\/a-propos-de-nous","title":{"rendered":"A propos de nous"},"content":{"rendered":"<p><a href=\"https:\/\/greatnorthhardscape.com\/wp-content\/uploads\/2022\/07\/Building-2022.jpg\"><img loading=\"lazy\" decoding=\"async\" class=\"alignnone wp-image-5719\" src=\"https:\/\/greatnorthhardscape.com\/wp-content\/uploads\/2022\/07\/Building-2022-1024x504.jpg\" alt=\"\" width=\"746\" height=\"367\" srcset=\"https:\/\/greatnorthhardscape.com\/wp-content\/uploads\/2022\/07\/Building-2022-1024x504.jpg 1024w, https:\/\/greatnorthhardscape.com\/wp-content\/uploads\/2022\/07\/Building-2022-300x148.jpg 300w, https:\/\/greatnorthhardscape.com\/wp-content\/uploads\/2022\/07\/Building-2022-768x378.jpg 768w, https:\/\/greatnorthhardscape.com\/wp-content\/uploads\/2022\/07\/Building-2022-500x246.jpg 500w, https:\/\/greatnorthhardscape.com\/wp-content\/uploads\/2022\/07\/Building-2022.jpg 1280w\" sizes=\"auto, (max-width: 746px) 100vw, 746px\" \/><\/a><\/p>\n<h2><b>Nous vous sommes extr\u00eamement reconnaissants de votre soutien !<span class=\"Apple-converted-space\"> <\/span><\/b><\/h2>\n<p>Lorsque je repense aux 25 derni\u00e8res ann\u00e9es que j&rsquo;ai pass\u00e9es dans l&rsquo;industrie de l&rsquo;am\u00e9nagement paysager, je me dis qu&rsquo;il est temps d&rsquo;aller de l&rsquo;avant,<span class=\"Apple-converted-space\">  <\/span>Je ne peux m&#8217;emp\u00eacher d&rsquo;\u00eatre remplie de gratitude et d&rsquo;enthousiasme.<span class=\"Apple-converted-space\">  <\/span>Je suis reconnaissant \u00e0 nos revendeurs de longue date, \u00e0 nos entrepreneurs et \u00e0 nos nouveaux revendeurs qui valident nos efforts par leur soutien croissant ann\u00e9e apr\u00e8s ann\u00e9e.<span class=\"Apple-converted-space\">  <\/span>Je suis reconnaissant \u00e0 nos marques partenaires de nous faire personnellement confiance pour proposer aux Canadiens leurs produits de qualit\u00e9 \u00e0 des prix abordables, ainsi que nos propres marques de confiance exclusives.<span class=\"Apple-converted-space\">  <\/span>Au fil des ans, nous avons rassembl\u00e9 la gamme la plus compl\u00e8te de produits fiables en une seule source. C&rsquo;est ce que nous appelons &#8230;..Solutions simplifi\u00e9es.<span class=\"Apple-converted-space\"> <\/span><\/p>\n<p>En tant que soci\u00e9t\u00e9, nous avons aid\u00e9 nos revendeurs \u00e0 rationaliser le processus de commande et \u00e0 r\u00e9duire le nombre d&rsquo;UGS, de fournisseurs, de bons de commande et de factures qu&rsquo;ils g\u00e8rent chaque mois, mais gagner votre confiance ne s&rsquo;arr\u00eate jamais.<span class=\"Apple-converted-space\">  <\/span>Nous sommes impatients de gagner votre confiance et votre confiance.<\/p>\n<p>En tant que fournisseur national, nous nous engageons activement dans l&rsquo;industrie en consacrant du temps, de l&rsquo;expertise, des ressources, des dons et des fonds \u00e0 des associations, des salons professionnels et des parrainages.<span class=\"Apple-converted-space\">  <\/span>Au fur et \u00e0 mesure de notre croissance, nous sommes fiers d&rsquo;annoncer notre derni\u00e8re initiative en mati\u00e8re de formation, <b><br \/>\n  <i>GNHProBreak<\/i><br \/>\n<\/b>organis\u00e9e par des professionnels de la GNH dans nos locaux et sur les march\u00e9s locaux \u00e0 travers le pays.<span class=\"Apple-converted-space\">  <\/span>ProBreak offre une exp\u00e9rience de formation pratique et s\u00fbre pour toutes nos marques exclusives.<span class=\"Apple-converted-space\">  <\/span>Visitez le site GNHProBreak.com pour conna\u00eetre le calendrier des \u00e9v\u00e9nements organis\u00e9s dans votre r\u00e9gion.<\/p>\n<p>Pour l&rsquo;avenir, je suis tr\u00e8s enthousiaste \u00e0 l&rsquo;id\u00e9e de nos nouveaux produits comme <b><i>EASYJoint<\/i><\/b> et <b><i>EASYClickBase<\/i><\/b>, qui permettent de r\u00e9soudre les probl\u00e8mes quotidiens et d&rsquo;acc\u00e9l\u00e9rer l&rsquo;installation de presque tous les projets d&rsquo;enclenchement.<span class=\"Apple-converted-space\">  <\/span>Avec plus de 10 ans d&rsquo;installations et des milliers de tonnes d&rsquo;<b><i>EASYJoint<\/i><\/b> install\u00e9es ; et maintenant, plus de 3 ans de tests in-ground achev\u00e9s et 200,000 sq\/ft install\u00e9s pour <b><i>EASYClickBase<\/i><\/b>, nous avons une base solide pour votre succ\u00e8s avec ces technologies avanc\u00e9es.<span class=\"Apple-converted-space\">  <\/span>Ne manquez pas de suivre cette tendance en 2022 !<span class=\"Apple-converted-space\"> <\/span><\/p>\n<p>Je suis enthousiaste \u00e0 l&rsquo;id\u00e9e de r\u00e9introduire nos produits exclusifs de premi\u00e8re qualit\u00e9, tels que <b>SnapEdge et Polysweep<\/b>, aupr\u00e8s de vous, nouveaux hardscapers, et je suis fier que ces produits continuent de gagner en popularit\u00e9 gr\u00e2ce \u00e0 leurs performances r\u00e9elles.<span class=\"Apple-converted-space\">  <\/span>R\u00e9cemment, nous avons introduit le plus grand avantage pour les projets <b>Open Grade Base&#8230;..<\/b> <span class=\"Apple-converted-space\">            <\/span><b>Hybrid Edge<\/b>.<span class=\"Apple-converted-space\">  <\/span>Hybrid Edge est le bord le plus avanc\u00e9 qui \u00e9tablit une connexion m\u00e9canique avec la terre pour les installations de bases hybrides, ce qui est particuli\u00e8rement critique dans les projets de bases ouvertes pour <b>v\u00e9hicules<\/b>.<span class=\"Apple-converted-space\">  <\/span>Renseignez-vous aupr\u00e8s de notre \u00e9quipe !  <span class=\"Apple-converted-space\"> <\/span><\/p>\n<p>Enfin, je suis particuli\u00e8rement reconnaissant \u00e0 notre \u00e9quipe professionnelle de personnes soucieuses du service, qui travaillent sans rel\u00e2che au nom de nos revendeurs pour leur fournir la formation, l&rsquo;assistance et l&rsquo;ex\u00e9cution des commandes dont ils ont besoin pour r\u00e9ussir eux aussi. Je suis tr\u00e8s fi\u00e8re de notre personnel, nouveau et exp\u00e9riment\u00e9, qui apporte chaque jour son enthousiasme et son \u00e9nergie aux marques GNH et \u00e0 notre industrie.<span class=\"Apple-converted-space\">  <\/span>Vous \u00eates le meilleur des meilleurs !<\/p>\n<p>\u00c0 nos pr\u00e9cieux clients, sachez qu&rsquo;en choisissant GNH, vous choisissez les marques et les personnes qui obtiennent des r\u00e9sultats.<span class=\"Apple-converted-space\"> <\/span><\/p>\n<p>Merci de faire partie de notre histoire.<\/p>\n<p>Sinc\u00e8rement,<br \/>\n<strong>Attilio Renon<br \/>\n<\/strong>Pr\u00e9sident, Great North Hardscape<br \/>\ndiv. Snapedge Canada Ltd.<\/p>\n","protected":false},"excerpt":{"rendered":"<p>Nous vous sommes extr\u00eamement reconnaissants de votre soutien ! Lorsque je repense aux 25 derni\u00e8res ann\u00e9es que j&rsquo;ai pass\u00e9es dans l&rsquo;industrie de l&rsquo;am\u00e9nagement paysager, je me dis qu&rsquo;il est temps d&rsquo;aller de l&rsquo;avant, Je ne peux m&#8217;emp\u00eacher d&rsquo;\u00eatre remplie de gratitude et d&rsquo;enthousiasme. Je suis reconnaissant \u00e0 nos revendeurs de longue date, \u00e0 nos entrepreneurs [&hellip;]<\/p>\n","protected":false},"author":2,"featured_media":0,"parent":0,"menu_order":0,"comment_status":"closed","ping_status":"closed","template":"","meta":{"footnotes":""},"class_list":["post-7644","page","type-page","status-publish","hentry"],"aioseo_notices":[],"_links":{"self":[{"href":"https:\/\/greatnorthhardscape.com\/fr\/wp-json\/wp\/v2\/pages\/7644","targetHints":{"allow":["GET"]}}],"collection":[{"href":"https:\/\/greatnorthhardscape.com\/fr\/wp-json\/wp\/v2\/pages"}],"about":[{"href":"https:\/\/greatnorthhardscape.com\/fr\/wp-json\/wp\/v2\/types\/page"}],"author":[{"embeddable":true,"href":"https:\/\/greatnorthhardscape.com\/fr\/wp-json\/wp\/v2\/users\/2"}],"replies":[{"embeddable":true,"href":"https:\/\/greatnorthhardscape.com\/fr\/wp-json\/wp\/v2\/comments?post=7644"}],"version-history":[{"count":0,"href":"https:\/\/greatnorthhardscape.com\/fr\/wp-json\/wp\/v2\/pages\/7644\/revisions"}],"wp:attachment":[{"href":"https:\/\/greatnorthhardscape.com\/fr\/wp-json\/wp\/v2\/media?parent=7644"}],"curies":[{"name":"wp","href":"https:\/\/api.w.org\/{rel}","templated":true}]}}