{"id":7654,"date":"2022-09-01T12:00:57","date_gmt":"2022-09-01T16:00:57","guid":{"rendered":"https:\/\/greatnorthhardscape.com\/videos-smart-level"},"modified":"2025-04-17T08:55:16","modified_gmt":"2025-04-17T12:55:16","slug":"videos-smart-level","status":"publish","type":"page","link":"https:\/\/greatnorthhardscape.com\/fr\/videos-sur-les-produits\/videos-smart-level","title":{"rendered":"Vid\u00e9os Smart Level"},"content":{"rendered":"<h1>Le cr\u00e9ateur Mike East explique Smart Level<\/h1>\n<p><iframe loading=\"lazy\" width=\"560\" height=\"315\" src=\"https:\/\/www.youtube.com\/embed\/yrtYyGzVGxM?si=IFu5ldsFR6Fq39fz\" title=\"Lecteur vid\u00e9o YouTube\" frameborder=\"0\" allow=\"accelerometer; autoplay; clipboard-write; encrypted-media; gyroscope; picture-in-picture; web-share\" referrerpolicy=\"strict-origin-when-cross-origin\" allowfullscreen=\"\"><\/iframe><br \/>\n<iframe loading=\"lazy\" title=\"Lecteur vid\u00e9o YouTube\" src=\"https:\/\/www.youtube.com\/embed\/wQbW6qDtf4E\" width=\"560\" height=\"315\" frameborder=\"0\" allowfullscreen=\"allowfullscreen\"><\/iframe><\/p>\n<h1>Cartographie d&rsquo;images \u00e0 l&rsquo;aide d&rsquo;un iPhone<\/h1>\n<p><iframe loading=\"lazy\" title=\"Lecteur vid\u00e9o YouTube\" src=\"https:\/\/www.youtube.com\/embed\/1HZLlj5BnLY\" width=\"560\" height=\"315\" frameborder=\"0\" allowfullscreen=\"allowfullscreen\"><\/iframe><\/p>\n<h1>Cartographie d&rsquo;images \u00e0 l&rsquo;aide d&rsquo;un Android<\/h1>\n<p><iframe loading=\"lazy\" title=\"Lecteur vid\u00e9o YouTube\" src=\"https:\/\/www.youtube.com\/embed\/A3_GWfdqg9k\" width=\"560\" height=\"315\" frameborder=\"0\" allowfullscreen=\"allowfullscreen\"><\/iframe><\/p>\n<h1>Tutoriel sur l&rsquo;inspection des logements<\/h1>\n<p><iframe loading=\"lazy\" title=\"Lecteur vid\u00e9o YouTube\" src=\"https:\/\/www.youtube.com\/embed\/zu93U7y9qyo\" width=\"560\" height=\"315\" frameborder=\"0\" allowfullscreen=\"allowfullscreen\"><\/iframe><\/p>\n<h1>Comment s&rsquo;assurer que le dernier micrologiciel est install\u00e9 ?<\/h1>\n<p><iframe loading=\"lazy\" title=\"Lecteur vid\u00e9o YouTube\" src=\"https:\/\/www.youtube.com\/embed\/W7hvazknI1Y\" width=\"560\" height=\"315\" frameborder=\"0\" allowfullscreen=\"allowfullscreen\"><\/iframe><\/p>\n<h2>Toutes les vid\u00e9os : <a href=\"https:\/\/www.youtube.com\/user\/mikeeast7\/videos\" target=\"_blank\" rel=\"noopener\">Page d&rsquo;accueil Smart Level sur YouTube<\/a><\/h2>\n","protected":false},"excerpt":{"rendered":"<p>Le cr\u00e9ateur Mike East explique Smart Level Cartographie d&rsquo;images \u00e0 l&rsquo;aide d&rsquo;un iPhone Cartographie d&rsquo;images \u00e0 l&rsquo;aide d&rsquo;un Android Tutoriel sur l&rsquo;inspection des logements Comment s&rsquo;assurer que le dernier micrologiciel est install\u00e9 ? Toutes les vid\u00e9os : Page d&rsquo;accueil Smart Level sur YouTube<\/p>\n","protected":false},"author":2,"featured_media":0,"parent":7660,"menu_order":0,"comment_status":"closed","ping_status":"closed","template":"","meta":{"footnotes":""},"class_list":["post-7654","page","type-page","status-publish","hentry"],"aioseo_notices":[],"_links":{"self":[{"href":"https:\/\/greatnorthhardscape.com\/fr\/wp-json\/wp\/v2\/pages\/7654","targetHints":{"allow":["GET"]}}],"collection":[{"href":"https:\/\/greatnorthhardscape.com\/fr\/wp-json\/wp\/v2\/pages"}],"about":[{"href":"https:\/\/greatnorthhardscape.com\/fr\/wp-json\/wp\/v2\/types\/page"}],"author":[{"embeddable":true,"href":"https:\/\/greatnorthhardscape.com\/fr\/wp-json\/wp\/v2\/users\/2"}],"replies":[{"embeddable":true,"href":"https:\/\/greatnorthhardscape.com\/fr\/wp-json\/wp\/v2\/comments?post=7654"}],"version-history":[{"count":3,"href":"https:\/\/greatnorthhardscape.com\/fr\/wp-json\/wp\/v2\/pages\/7654\/revisions"}],"predecessor-version":[{"id":8958,"href":"https:\/\/greatnorthhardscape.com\/fr\/wp-json\/wp\/v2\/pages\/7654\/revisions\/8958"}],"up":[{"embeddable":true,"href":"https:\/\/greatnorthhardscape.com\/fr\/wp-json\/wp\/v2\/pages\/7660"}],"wp:attachment":[{"href":"https:\/\/greatnorthhardscape.com\/fr\/wp-json\/wp\/v2\/media?parent=7654"}],"curies":[{"name":"wp","href":"https:\/\/api.w.org\/{rel}","templated":true}]}}