{"id":7655,"date":"2022-07-07T13:46:54","date_gmt":"2022-07-07T17:46:54","guid":{"rendered":"https:\/\/greatnorthhardscape.com\/scellants-et-nettoyants-videos"},"modified":"2022-07-07T13:46:54","modified_gmt":"2022-07-07T17:46:54","slug":"scellants-et-nettoyants-videos","status":"publish","type":"page","link":"https:\/\/greatnorthhardscape.com\/fr\/videos-sur-les-produits\/scellants-et-nettoyants-videos","title":{"rendered":"Scellants et nettoyants Vid\u00e9os"},"content":{"rendered":"<h3>Installation du produit<\/h3>\n<div class=\"row clearfix\">\n<div class=\"box three \">\n<p><div id=\"attachment_5668\" style=\"width: 310px\" class=\"wp-caption alignnone\"><a href=\"https:\/\/greatnorthhardscape.com\/videos\/SEK\/GNHSureBond%20Institute2partmix.mp4\" target=\"_blank\" rel=\"noopener\"><img loading=\"lazy\" decoding=\"async\" aria-describedby=\"caption-attachment-5668\" class=\"wp-image-5668 size-medium\" src=\"https:\/\/greatnorthhardscape.com\/wp-content\/uploads\/2022\/07\/SB6700-300x169.jpg\" alt=\"\" width=\"300\" height=\"169\" srcset=\"https:\/\/greatnorthhardscape.com\/wp-content\/uploads\/2022\/07\/SB6700-300x169.jpg 300w, https:\/\/greatnorthhardscape.com\/wp-content\/uploads\/2022\/07\/SB6700-768x432.jpg 768w, https:\/\/greatnorthhardscape.com\/wp-content\/uploads\/2022\/07\/SB6700-500x281.jpg 500w, https:\/\/greatnorthhardscape.com\/wp-content\/uploads\/2022\/07\/SB6700.jpg 800w\" sizes=\"auto, (max-width: 300px) 100vw, 300px\" \/><\/a><p id=\"caption-attachment-5668\" class=\"wp-caption-text\">SUREBOND SB-6700 SurfacePRO<\/p><\/div><\/p>\n<p><div id=\"attachment_5679\" style=\"width: 310px\" class=\"wp-caption alignnone\"><a href=\"https:\/\/greatnorthhardscape.com\/videos\/SEK\/GNHSureBond%20Instituteoilextractor.mp4\" target=\"_blank\" rel=\"noopener\"><img loading=\"lazy\" decoding=\"async\" aria-describedby=\"caption-attachment-5679\" class=\"wp-image-5679 size-medium\" src=\"https:\/\/greatnorthhardscape.com\/wp-content\/uploads\/2022\/07\/Oil-Cleaner-300x169.jpg\" alt=\"\" width=\"300\" height=\"169\" srcset=\"https:\/\/greatnorthhardscape.com\/wp-content\/uploads\/2022\/07\/Oil-Cleaner-300x169.jpg 300w, https:\/\/greatnorthhardscape.com\/wp-content\/uploads\/2022\/07\/Oil-Cleaner-768x432.jpg 768w, https:\/\/greatnorthhardscape.com\/wp-content\/uploads\/2022\/07\/Oil-Cleaner-500x281.jpg 500w, https:\/\/greatnorthhardscape.com\/wp-content\/uploads\/2022\/07\/Oil-Cleaner.jpg 800w\" sizes=\"auto, (max-width: 300px) 100vw, 300px\" \/><\/a><p id=\"caption-attachment-5679\" class=\"wp-caption-text\">SUREBOND Nettoyant pour taches d&rsquo;huile<\/p><\/div><\/p>\n<p><div id=\"attachment_5689\" style=\"width: 310px\" class=\"wp-caption alignnone\"><a href=\"https:\/\/greatnorthhardscape.com\/videos\/SEK\/GNHSureBond%20InstituteFloodSqueegee.mp4\" target=\"_blank\" rel=\"noopener\"><img loading=\"lazy\" decoding=\"async\" aria-describedby=\"caption-attachment-5689\" class=\"wp-image-5689 size-medium\" src=\"https:\/\/greatnorthhardscape.com\/wp-content\/uploads\/2022\/07\/Joint-Stabalizer-300x169.jpg\" alt=\"\" width=\"300\" height=\"169\" srcset=\"https:\/\/greatnorthhardscape.com\/wp-content\/uploads\/2022\/07\/Joint-Stabalizer-300x169.jpg 300w, https:\/\/greatnorthhardscape.com\/wp-content\/uploads\/2022\/07\/Joint-Stabalizer-768x432.jpg 768w, https:\/\/greatnorthhardscape.com\/wp-content\/uploads\/2022\/07\/Joint-Stabalizer-500x281.jpg 500w, https:\/\/greatnorthhardscape.com\/wp-content\/uploads\/2022\/07\/Joint-Stabalizer.jpg 800w\" sizes=\"auto, (max-width: 300px) 100vw, 300px\" \/><\/a><p id=\"caption-attachment-5689\" class=\"wp-caption-text\">SUREBOND SB-8700 Scellant \u00e0 joints<\/p><\/div><\/p>\n<\/div>\n<div class=\"box three \">\n<p><div id=\"attachment_5677\" style=\"width: 310px\" class=\"wp-caption alignnone\"><a href=\"https:\/\/greatnorthhardscape.com\/videos\/SEK\/GNHSureBond%20Instituteeffloremove.mp4\" target=\"_blank\" rel=\"noopener\"><img loading=\"lazy\" decoding=\"async\" aria-describedby=\"caption-attachment-5677\" class=\"wp-image-5677 size-medium\" src=\"https:\/\/greatnorthhardscape.com\/wp-content\/uploads\/2022\/07\/Efflorescence-Cleaner-300x169.jpg\" alt=\"\" width=\"300\" height=\"169\" srcset=\"https:\/\/greatnorthhardscape.com\/wp-content\/uploads\/2022\/07\/Efflorescence-Cleaner-300x169.jpg 300w, https:\/\/greatnorthhardscape.com\/wp-content\/uploads\/2022\/07\/Efflorescence-Cleaner-768x433.jpg 768w, https:\/\/greatnorthhardscape.com\/wp-content\/uploads\/2022\/07\/Efflorescence-Cleaner-500x282.jpg 500w, https:\/\/greatnorthhardscape.com\/wp-content\/uploads\/2022\/07\/Efflorescence-Cleaner.jpg 800w\" sizes=\"auto, (max-width: 300px) 100vw, 300px\" \/><\/a><p id=\"caption-attachment-5677\" class=\"wp-caption-text\">Nettoyant pour efflorescences, d\u00e9p\u00f4ts min\u00e9raux et salins<\/p><\/div><\/p>\n<p><div id=\"attachment_5685\" style=\"width: 310px\" class=\"wp-caption alignnone\"><a href=\"https:\/\/greatnorthhardscape.com\/videos\/SEK\/GNHSureBond%20Institutesealerstripper.mp4\" target=\"_blank\" rel=\"noopener\"><img loading=\"lazy\" decoding=\"async\" aria-describedby=\"caption-attachment-5685\" class=\"wp-image-5685 size-medium\" src=\"https:\/\/greatnorthhardscape.com\/wp-content\/uploads\/2022\/07\/Surestrip-300x169.jpg\" alt=\"\" width=\"300\" height=\"169\" srcset=\"https:\/\/greatnorthhardscape.com\/wp-content\/uploads\/2022\/07\/Surestrip-300x169.jpg 300w, https:\/\/greatnorthhardscape.com\/wp-content\/uploads\/2022\/07\/Surestrip-768x432.jpg 768w, https:\/\/greatnorthhardscape.com\/wp-content\/uploads\/2022\/07\/Surestrip-500x281.jpg 500w, https:\/\/greatnorthhardscape.com\/wp-content\/uploads\/2022\/07\/Surestrip.jpg 800w\" sizes=\"auto, (max-width: 300px) 100vw, 300px\" \/><\/a><p id=\"caption-attachment-5685\" class=\"wp-caption-text\">SUREBOND Sealer Stripper<\/p><\/div><\/p>\n<p><div id=\"attachment_5691\" style=\"width: 310px\" class=\"wp-caption alignnone\"><a href=\"https:\/\/greatnorthhardscape.com\/videos\/SEK\/GNHSureBond%20Institutwetonwet.mp4\" target=\"_blank\" rel=\"noopener\"><img loading=\"lazy\" decoding=\"async\" aria-describedby=\"caption-attachment-5691\" class=\"wp-image-5691 size-medium\" src=\"https:\/\/greatnorthhardscape.com\/wp-content\/uploads\/2022\/07\/SB-4000-300x169.jpg\" alt=\"\" width=\"300\" height=\"169\" srcset=\"https:\/\/greatnorthhardscape.com\/wp-content\/uploads\/2022\/07\/SB-4000-300x169.jpg 300w, https:\/\/greatnorthhardscape.com\/wp-content\/uploads\/2022\/07\/SB-4000-768x432.jpg 768w, https:\/\/greatnorthhardscape.com\/wp-content\/uploads\/2022\/07\/SB-4000-500x281.jpg 500w, https:\/\/greatnorthhardscape.com\/wp-content\/uploads\/2022\/07\/SB-4000.jpg 800w\" sizes=\"auto, (max-width: 300px) 100vw, 300px\" \/><\/a><p id=\"caption-attachment-5691\" class=\"wp-caption-text\">SUREBOND SB-4000<\/p><\/div><\/p>\n<\/div>\n<div class=\"box three \">\n<p><div id=\"attachment_5683\" style=\"width: 310px\" class=\"wp-caption alignnone\"><a href=\"https:\/\/greatnorthhardscape.com\/videos\/SEK\/GNHSureBond%20Instituteorganicstainremove.mp4\" target=\"_blank\" rel=\"noopener\"><img loading=\"lazy\" decoding=\"async\" aria-describedby=\"caption-attachment-5683\" class=\"wp-image-5683 size-medium\" src=\"https:\/\/greatnorthhardscape.com\/wp-content\/uploads\/2022\/07\/Stain-and-RustBuster-300x168.jpg\" alt=\"SUREBOND Stain and Rust Buster (Nettoyeur de taches et de rouille)\" width=\"300\" height=\"168\" srcset=\"https:\/\/greatnorthhardscape.com\/wp-content\/uploads\/2022\/07\/Stain-and-RustBuster-300x168.jpg 300w, https:\/\/greatnorthhardscape.com\/wp-content\/uploads\/2022\/07\/Stain-and-RustBuster-768x431.jpg 768w, https:\/\/greatnorthhardscape.com\/wp-content\/uploads\/2022\/07\/Stain-and-RustBuster-500x281.jpg 500w, https:\/\/greatnorthhardscape.com\/wp-content\/uploads\/2022\/07\/Stain-and-RustBuster.jpg 802w\" sizes=\"auto, (max-width: 300px) 100vw, 300px\" \/><\/a><p id=\"caption-attachment-5683\" class=\"wp-caption-text\">SUREBOND Stain &amp; Rust Buster (Nettoyeur de taches et de rouille)<\/p><\/div><\/p>\n<p><div id=\"attachment_5687\" style=\"width: 310px\" class=\"wp-caption alignnone\"><a href=\"https:\/\/greatnorthhardscape.com\/videos\/SEK\/GNHSureBond%20Institutesurfacerestoration.mp4\"><img loading=\"lazy\" decoding=\"async\" aria-describedby=\"caption-attachment-5687\" class=\"wp-image-5687 size-medium\" src=\"https:\/\/greatnorthhardscape.com\/wp-content\/uploads\/2022\/07\/Multi-Use-Cleaner-300x169.jpg\" alt=\"\" width=\"300\" height=\"169\" srcset=\"https:\/\/greatnorthhardscape.com\/wp-content\/uploads\/2022\/07\/Multi-Use-Cleaner-300x169.jpg 300w, https:\/\/greatnorthhardscape.com\/wp-content\/uploads\/2022\/07\/Multi-Use-Cleaner-768x432.jpg 768w, https:\/\/greatnorthhardscape.com\/wp-content\/uploads\/2022\/07\/Multi-Use-Cleaner-500x281.jpg 500w, https:\/\/greatnorthhardscape.com\/wp-content\/uploads\/2022\/07\/Multi-Use-Cleaner.jpg 800w\" sizes=\"auto, (max-width: 300px) 100vw, 300px\" \/><\/a><p id=\"caption-attachment-5687\" class=\"wp-caption-text\">SUREBOND Multi-Use Cleaner (Nettoyant \u00e0 usages multiples)<\/p><\/div><\/p>\n<\/div>\n<\/div>\n<h3>Techniques d&rsquo;application<\/h3>\n<div class=\"row clearfix\">\n<div class=\"box three \">\n<p><div id=\"attachment_5695\" style=\"width: 310px\" class=\"wp-caption alignnone\"><a href=\"https:\/\/greatnorthhardscape.com\/videos\/SEK\/GNHSureBond%20Institutespraybackroll.mp4\" target=\"_blank\" rel=\"noopener\"><img loading=\"lazy\" decoding=\"async\" aria-describedby=\"caption-attachment-5695\" class=\"wp-image-5695 size-medium\" src=\"https:\/\/greatnorthhardscape.com\/wp-content\/uploads\/2022\/07\/Properly-Apply-Sealer-300x169.jpg\" alt=\"\" width=\"300\" height=\"169\" srcset=\"https:\/\/greatnorthhardscape.com\/wp-content\/uploads\/2022\/07\/Properly-Apply-Sealer-300x169.jpg 300w, https:\/\/greatnorthhardscape.com\/wp-content\/uploads\/2022\/07\/Properly-Apply-Sealer-768x432.jpg 768w, https:\/\/greatnorthhardscape.com\/wp-content\/uploads\/2022\/07\/Properly-Apply-Sealer-500x281.jpg 500w, https:\/\/greatnorthhardscape.com\/wp-content\/uploads\/2022\/07\/Properly-Apply-Sealer.jpg 800w\" sizes=\"auto, (max-width: 300px) 100vw, 300px\" \/><\/a><p id=\"caption-attachment-5695\" class=\"wp-caption-text\">Application correcte du scellant &#8211; SB-8700<\/p><\/div><\/p>\n<p><div id=\"attachment_5703\" style=\"width: 310px\" class=\"wp-caption alignnone\"><a href=\"https:\/\/greatnorthhardscape.com\/videos\/SEK\/GNHSureBond%20Institutejointsand.mp4\" target=\"_blank\" rel=\"noopener\"><img loading=\"lazy\" decoding=\"async\" aria-describedby=\"caption-attachment-5703\" class=\"wp-image-5703 size-medium\" src=\"https:\/\/greatnorthhardscape.com\/wp-content\/uploads\/2022\/07\/Installing-Joint-Sand-300x168.jpg\" alt=\"\" width=\"300\" height=\"168\" srcset=\"https:\/\/greatnorthhardscape.com\/wp-content\/uploads\/2022\/07\/Installing-Joint-Sand-300x168.jpg 300w, https:\/\/greatnorthhardscape.com\/wp-content\/uploads\/2022\/07\/Installing-Joint-Sand-768x430.jpg 768w, https:\/\/greatnorthhardscape.com\/wp-content\/uploads\/2022\/07\/Installing-Joint-Sand-500x280.jpg 500w, https:\/\/greatnorthhardscape.com\/wp-content\/uploads\/2022\/07\/Installing-Joint-Sand.jpg 803w\" sizes=\"auto, (max-width: 300px) 100vw, 300px\" \/><\/a><p id=\"caption-attachment-5703\" class=\"wp-caption-text\">Mise en place du sable de jointoiement<\/p><\/div><\/p>\n<\/div>\n<div class=\"box three \">\n<p><div id=\"attachment_5693\" style=\"width: 310px\" class=\"wp-caption alignnone\"><a href=\"https:\/\/greatnorthhardscape.com\/videos\/SEK\/GNHSureBond%20Instituterestoration.mp4\" target=\"_blank\" rel=\"noopener\"><img loading=\"lazy\" decoding=\"async\" aria-describedby=\"caption-attachment-5693\" class=\"wp-image-5693 size-medium\" src=\"https:\/\/greatnorthhardscape.com\/wp-content\/uploads\/2022\/07\/Surface-Restoration-300x169.jpg\" alt=\"\" width=\"300\" height=\"169\" srcset=\"https:\/\/greatnorthhardscape.com\/wp-content\/uploads\/2022\/07\/Surface-Restoration-300x169.jpg 300w, https:\/\/greatnorthhardscape.com\/wp-content\/uploads\/2022\/07\/Surface-Restoration-768x432.jpg 768w, https:\/\/greatnorthhardscape.com\/wp-content\/uploads\/2022\/07\/Surface-Restoration-500x281.jpg 500w, https:\/\/greatnorthhardscape.com\/wp-content\/uploads\/2022\/07\/Surface-Restoration.jpg 800w\" sizes=\"auto, (max-width: 300px) 100vw, 300px\" \/><\/a><p id=\"caption-attachment-5693\" class=\"wp-caption-text\">Restauration de surface<\/p><\/div><\/p>\n<p><div id=\"attachment_5705\" style=\"width: 310px\" class=\"wp-caption alignnone\"><a href=\"https:\/\/greatnorthhardscape.com\/videos\/SEK\/GNHSureBond%20Institutepaverbond.mp4\" target=\"_blank\" rel=\"noopener\"><img loading=\"lazy\" decoding=\"async\" aria-describedby=\"caption-attachment-5705\" class=\"wp-image-5705 size-medium\" src=\"https:\/\/greatnorthhardscape.com\/wp-content\/uploads\/2022\/07\/Using-Adhesive-300x168.jpg\" alt=\"\" width=\"300\" height=\"168\" srcset=\"https:\/\/greatnorthhardscape.com\/wp-content\/uploads\/2022\/07\/Using-Adhesive-300x168.jpg 300w, https:\/\/greatnorthhardscape.com\/wp-content\/uploads\/2022\/07\/Using-Adhesive-768x431.jpg 768w, https:\/\/greatnorthhardscape.com\/wp-content\/uploads\/2022\/07\/Using-Adhesive-500x281.jpg 500w, https:\/\/greatnorthhardscape.com\/wp-content\/uploads\/2022\/07\/Using-Adhesive.jpg 802w\" sizes=\"auto, (max-width: 300px) 100vw, 300px\" \/><\/a><p id=\"caption-attachment-5705\" class=\"wp-caption-text\">Utilisation du SB-10 PAVER BOND<\/p><\/div><\/p>\n<\/div>\n<div class=\"box three \">\n<p><div id=\"attachment_5700\" style=\"width: 310px\" class=\"wp-caption alignnone\"><a href=\"https:\/\/greatnorthhardscape.com\/videos\/SEK\/GNHSureBond%20Instituteedgecrete.mp4\" target=\"_blank\" rel=\"noopener\"><img loading=\"lazy\" decoding=\"async\" aria-describedby=\"caption-attachment-5700\" class=\"wp-image-5700 size-medium\" src=\"https:\/\/greatnorthhardscape.com\/wp-content\/uploads\/2022\/07\/Installing-Edgecrete-300x169.jpg\" alt=\"\" width=\"300\" height=\"169\" srcset=\"https:\/\/greatnorthhardscape.com\/wp-content\/uploads\/2022\/07\/Installing-Edgecrete-300x169.jpg 300w, https:\/\/greatnorthhardscape.com\/wp-content\/uploads\/2022\/07\/Installing-Edgecrete-768x432.jpg 768w, https:\/\/greatnorthhardscape.com\/wp-content\/uploads\/2022\/07\/Installing-Edgecrete-500x281.jpg 500w, https:\/\/greatnorthhardscape.com\/wp-content\/uploads\/2022\/07\/Installing-Edgecrete.jpg 800w\" sizes=\"auto, (max-width: 300px) 100vw, 300px\" \/><\/a><p id=\"caption-attachment-5700\" class=\"wp-caption-text\">Installation d&rsquo;EDGECRETE &#8211; Bordures de pav\u00e9s<\/p><\/div><\/p>\n<p><div id=\"attachment_5707\" style=\"width: 310px\" class=\"wp-caption alignnone\"><a href=\"https:\/\/greatnorthhardscape.com\/videos\/SEK\/GNHSureBond%20Institutepolysweep.mp4\" target=\"_blank\" rel=\"noopener\"><img loading=\"lazy\" decoding=\"async\" aria-describedby=\"caption-attachment-5707\" class=\"wp-image-5707 size-medium\" src=\"https:\/\/greatnorthhardscape.com\/wp-content\/uploads\/2022\/07\/Installing-Polysweep-300x168.jpg\" alt=\"\" width=\"300\" height=\"168\" srcset=\"https:\/\/greatnorthhardscape.com\/wp-content\/uploads\/2022\/07\/Installing-Polysweep-300x168.jpg 300w, https:\/\/greatnorthhardscape.com\/wp-content\/uploads\/2022\/07\/Installing-Polysweep-768x430.jpg 768w, https:\/\/greatnorthhardscape.com\/wp-content\/uploads\/2022\/07\/Installing-Polysweep-500x280.jpg 500w, https:\/\/greatnorthhardscape.com\/wp-content\/uploads\/2022\/07\/Installing-Polysweep.jpg 803w\" sizes=\"auto, (max-width: 300px) 100vw, 300px\" \/><\/a><p id=\"caption-attachment-5707\" class=\"wp-caption-text\">Installation du sable de jointoiement PolySweep<\/p><\/div><\/p>\n<\/div>\n<\/div>\n<p>&nbsp;<\/p>\n","protected":false},"excerpt":{"rendered":"<p>Installation du produit Techniques d&rsquo;application &nbsp;<\/p>\n","protected":false},"author":2,"featured_media":0,"parent":7660,"menu_order":0,"comment_status":"closed","ping_status":"closed","template":"","meta":{"footnotes":""},"class_list":["post-7655","page","type-page","status-publish","hentry"],"aioseo_notices":[],"_links":{"self":[{"href":"https:\/\/greatnorthhardscape.com\/fr\/wp-json\/wp\/v2\/pages\/7655","targetHints":{"allow":["GET"]}}],"collection":[{"href":"https:\/\/greatnorthhardscape.com\/fr\/wp-json\/wp\/v2\/pages"}],"about":[{"href":"https:\/\/greatnorthhardscape.com\/fr\/wp-json\/wp\/v2\/types\/page"}],"author":[{"embeddable":true,"href":"https:\/\/greatnorthhardscape.com\/fr\/wp-json\/wp\/v2\/users\/2"}],"replies":[{"embeddable":true,"href":"https:\/\/greatnorthhardscape.com\/fr\/wp-json\/wp\/v2\/comments?post=7655"}],"version-history":[{"count":0,"href":"https:\/\/greatnorthhardscape.com\/fr\/wp-json\/wp\/v2\/pages\/7655\/revisions"}],"up":[{"embeddable":true,"href":"https:\/\/greatnorthhardscape.com\/fr\/wp-json\/wp\/v2\/pages\/7660"}],"wp:attachment":[{"href":"https:\/\/greatnorthhardscape.com\/fr\/wp-json\/wp\/v2\/media?parent=7655"}],"curies":[{"name":"wp","href":"https:\/\/api.w.org\/{rel}","templated":true}]}}