{"id":7658,"date":"2020-10-27T11:59:15","date_gmt":"2020-10-27T15:59:15","guid":{"rendered":"https:\/\/greatnorthhardscape.com\/tableau-de-comparaison-des-prix-du-powerpac"},"modified":"2026-04-01T16:53:30","modified_gmt":"2026-04-01T20:53:30","slug":"tableau-de-comparaison-des-prix-du-powerpac","status":"publish","type":"page","link":"https:\/\/greatnorthhardscape.com\/fr\/tableau-de-comparaison-des-prix-du-powerpac","title":{"rendered":"Tableau de comparaison des prix du PowerPac"},"content":{"rendered":"<a id=\"\" href=\"https:\/\/greatnorthhardscape.com\/product-showcase\/track-equipment\" target=\"_self\" title=\"BACK TO TRACK EQUIPMENT\" class=\"button_ default small  margin-t0   alignright\" data-rt-animate=\"animate\" data-rt-animation-type=\"bounceIn\" data-rt-animation-group=\"single\" >BACK TO TRACK EQUIPMENT<\/a>\nLes machines de d\u00e9versement compactes, cr\u00e9\u00e9es par le fabricant allemand PowerPac, ont de nombreuses applications utiles. Ils sont suffisamment compacts pour passer par la plupart des portes r\u00e9sidentielles et sont assez r\u00e9sistants pour traverser des terrains accident\u00e9s et escarp\u00e9s. Ils permettent de r\u00e9duire les d\u00e9lais de construction et les contraintes physiques des travailleurs. Il existe des machines \u00e0 chenilles et \u00e0 roues. Les machines sur chenilles r\u00e9duisent les contraintes sur les zones \u00e0 fort trafic telles que l&rsquo;herbe, les trottoirs et les all\u00e9es, qui peuvent souvent souffrir de l&rsquo;impact d&rsquo;\u00e9quipements plus grands. Le RDE-500 \u00e9lectrique permet d&rsquo;acc\u00e9der \u00e0 encore plus d&rsquo;endroits.<\/p>\n","protected":false},"excerpt":{"rendered":"<p>Les machines de d\u00e9versement compactes, cr\u00e9\u00e9es par le fabricant allemand PowerPac, ont de nombreuses applications utiles. Ils sont suffisamment compacts pour passer par la plupart des portes r\u00e9sidentielles et sont assez r\u00e9sistants pour traverser des terrains accident\u00e9s et escarp\u00e9s. Ils permettent de r\u00e9duire les d\u00e9lais de construction et les contraintes physiques des travailleurs. Il existe [&hellip;]<\/p>\n","protected":false},"author":2,"featured_media":0,"parent":0,"menu_order":0,"comment_status":"closed","ping_status":"closed","template":"","meta":{"footnotes":""},"class_list":["post-7658","page","type-page","status-publish","hentry"],"aioseo_notices":[],"_links":{"self":[{"href":"https:\/\/greatnorthhardscape.com\/fr\/wp-json\/wp\/v2\/pages\/7658","targetHints":{"allow":["GET"]}}],"collection":[{"href":"https:\/\/greatnorthhardscape.com\/fr\/wp-json\/wp\/v2\/pages"}],"about":[{"href":"https:\/\/greatnorthhardscape.com\/fr\/wp-json\/wp\/v2\/types\/page"}],"author":[{"embeddable":true,"href":"https:\/\/greatnorthhardscape.com\/fr\/wp-json\/wp\/v2\/users\/2"}],"replies":[{"embeddable":true,"href":"https:\/\/greatnorthhardscape.com\/fr\/wp-json\/wp\/v2\/comments?post=7658"}],"version-history":[{"count":2,"href":"https:\/\/greatnorthhardscape.com\/fr\/wp-json\/wp\/v2\/pages\/7658\/revisions"}],"predecessor-version":[{"id":9446,"href":"https:\/\/greatnorthhardscape.com\/fr\/wp-json\/wp\/v2\/pages\/7658\/revisions\/9446"}],"wp:attachment":[{"href":"https:\/\/greatnorthhardscape.com\/fr\/wp-json\/wp\/v2\/media?parent=7658"}],"curies":[{"name":"wp","href":"https:\/\/api.w.org\/{rel}","templated":true}]}}