{"id":7662,"date":"2022-01-28T13:11:09","date_gmt":"2022-01-28T18:11:09","guid":{"rendered":"https:\/\/greatnorthhardscape.com\/litterature-et-soutien\/pieces-detachees-service-et-garantie-powerpac"},"modified":"2022-01-28T13:11:09","modified_gmt":"2022-01-28T18:11:09","slug":"pieces-detachees-service-et-garantie-powerpac","status":"publish","type":"page","link":"https:\/\/greatnorthhardscape.com\/fr\/litterature-et-soutien\/pieces-detachees-service-et-garantie-powerpac","title":{"rendered":"Pi\u00e8ces d\u00e9tach\u00e9es, service et garantie PowerPac"},"content":{"rendered":"<h2 style=\"font-weight: 400;\">DEMANDES DE PI\u00c8CES<\/h2>\n<p style=\"font-weight: 400;\">Veuillez cliquer sur le bouton de demande de pi\u00e8ces d\u00e9tach\u00e9es PowerPac sur le site Web de la GNH, sous la rubrique \u00c9quipement de piste (ou lien ci-dessous) et remplir toutes les informations concernant la pi\u00e8ce dont vous avez besoin et le probl\u00e8me rencontr\u00e9, ainsi que toute information sur la cause du probl\u00e8me. Un repr\u00e9sentant du service client\u00e8le vous contactera. Ce service de pi\u00e8ces d\u00e9tach\u00e9es est fourni aux clients de GNH par le partenaire national de pi\u00e8ces d\u00e9tach\u00e9es PowerPac, Hawkeye Equipment.<\/p>\n<p style=\"font-weight: 400;\">Pour toutes les pi\u00e8ces et tous les services de garantie sp\u00e9cifiques au moteur, veuillez vous adresser \u00e0 votre centre de service Honda, Briggs ou tout autre fabricant de moteurs.<\/p>\n<p style=\"font-weight: 400;\">Formulaire de demande de pi\u00e8ces d\u00e9tach\u00e9es PowerPac : <a href=\"http:\/\/pmiequipment.com\/parts-service\" target=\"_blank\" rel=\"noopener\">pmiequipment.com\/parts-service<\/a><\/p>\n<p style=\"font-weight: 400;\">Votre demande de pi\u00e8ces sera trait\u00e9e par Hawkeye Equipment. Pour un acc\u00e8s local aux pi\u00e8ces d&rsquo;usure de base, comme les c\u00e2bles ou les leviers d&rsquo;acc\u00e9l\u00e9rateur, contactez directement GNH pour v\u00e9rifier la disponibilit\u00e9 une fois que vous avez parl\u00e9 \u00e0 votre magasin local de moteurs \u00e0 plombs.<\/p>\n<p style=\"font-weight: 400;\">Remarque : aucune information sur les clients ne sera communiqu\u00e9e ou vendue \u00e0 des tiers et toutes les informations seront uniquement utilis\u00e9es pour traiter et fournir la garantie et l&rsquo;assistance pi\u00e8ces aux concessionnaires et \u00e0 leurs clients.<\/p>\n<h2 style=\"font-weight: 400;\">SERVICE MACHINE<\/h2>\n<p style=\"font-weight: 400;\">Apportez la machine \u00e0 un atelier d&rsquo;entretien de petits \u00e9quipements avec lequel vous \u00eates en relation et les pi\u00e8ces et l&rsquo;assistance technique leur seront fournies par Hawkeye Equipment.<\/p>\n<p style=\"font-weight: 400;\">Demander au centre de service de contacter Hawkeye Equipment Inc. \u00e0 l&rsquo;adresse <a href=\"mailto:info@hawkeyeequipment.ca\">info@hawkeyeequipment.ca<\/a> pour les demandes de pi\u00e8ces et de service. c\/o Neil Palmer (Propri\u00e9taire)<\/p>\n<h2 style=\"font-weight: 400;\">SERVICE MOTEUR<\/h2>\n<p style=\"font-weight: 400;\">(Garantie pi\u00e8ces et service sur le moteur. G\u00e9n\u00e9ralement 3 ans ; se r\u00e9f\u00e9rer au fabricant du moteur pour plus de d\u00e9tails).<\/p>\n<p style=\"font-weight: 400;\">Localisateur de services autoris\u00e9s Briggs Canada : <a href=\"http:\/\/www.briggsandstratton.ca\/na\/en_ca\/dealer-locator.html\" target=\"_blank\" rel=\"noopener\">www.briggsandstratton.ca\/na\/en_ca\/dealer-locator.html<\/a><\/p>\n<p style=\"font-weight: 400;\">Veillez \u00e0 s\u00e9lectionner \u00ab\u00a0Moteurs\u00a0\u00bb dans le type de produit et \u00e0 indiquer votre lieu de r\u00e9sidence.<\/p>\n<p style=\"font-weight: 400;\">Localisateur de service autoris\u00e9 Honda Canada : <a href=\"http:\/\/powerequipment.honda.ca\/where-to-buy\" target=\"_blank\" rel=\"noopener\">powerequipment.honda.ca\/o\u00f9-acheter<\/a><\/p>\n<p style=\"font-weight: 400;\">Saisissez votre code postal et contactez le partenaire de service pour v\u00e9rifier le d\u00e9lai d&rsquo;ex\u00e9cution et r\u00e9server un service.<\/p>\n<p style=\"font-weight: 400;\">Veillez \u00e0 s\u00e9lectionner le mat\u00e9riel de construction et industriel et \u00e0 saisir votre code postal. Contactez ensuite le partenaire de service pour v\u00e9rifier les d\u00e9lais d&rsquo;ex\u00e9cution et r\u00e9server l&rsquo;intervention.<\/p>\n<h2 style=\"font-weight: 400;\">GARANTIE<\/h2>\n<p style=\"font-weight: 400;\">Tous les produits PowerPac sont assortis d&rsquo;une garantie d&rsquo;un an sur les pi\u00e8ces uniquement pour toute utilisation par les entreprises, les entrepreneurs et les municipalit\u00e9s. Les pi\u00e8ces d&rsquo;usure g\u00e9n\u00e9rale et les dommages r\u00e9sultant d&rsquo;un abus physique ou d&rsquo;un mauvais entretien ne sont pas couverts. Pour plus de d\u00e9tails sur la garantie du produit, veuillez vous r\u00e9f\u00e9rer au manuel d&rsquo;utilisation du produit. Tous les moteurs sont soumis \u00e0 la garantie du fabricant, qui est g\u00e9n\u00e9ralement de trois ans pour les pi\u00e8ces et le service. Reportez-vous au manuel du moteur ou au site web du fabricant du moteur pour conna\u00eetre les d\u00e9tails et la couverture de la p\u00e9riode de garantie du moteur.<\/p>\n<h2 style=\"font-weight: 400;\">ENREGISTREMENT DE LA GARANTIE<\/h2>\n<p style=\"font-weight: 400;\">Si votre machine n&rsquo;est pas encore enregistr\u00e9e pour la garantie, vous pouvez le faire en cliquant sur ce lien.<\/p>\n<p style=\"font-weight: 400;\">Enregistrement de la garantie PowerPac : <a href=\"http:\/\/pmiequipment.com\/warranty-registration-form\" target=\"_blank\" rel=\"noopener\">pmiequipment.com\/warranty-registration-form<\/a><\/p>\n","protected":false},"excerpt":{"rendered":"<p>DEMANDES DE PI\u00c8CES Veuillez cliquer sur le bouton de demande de pi\u00e8ces d\u00e9tach\u00e9es PowerPac sur le site Web de la GNH, sous la rubrique \u00c9quipement de piste (ou lien ci-dessous) et remplir toutes les informations concernant la pi\u00e8ce dont vous avez besoin et le probl\u00e8me rencontr\u00e9, ainsi que toute information sur la cause du probl\u00e8me. [&hellip;]<\/p>\n","protected":false},"author":2,"featured_media":0,"parent":7621,"menu_order":0,"comment_status":"closed","ping_status":"closed","template":"","meta":{"footnotes":""},"class_list":["post-7662","page","type-page","status-publish","hentry"],"aioseo_notices":[],"_links":{"self":[{"href":"https:\/\/greatnorthhardscape.com\/fr\/wp-json\/wp\/v2\/pages\/7662","targetHints":{"allow":["GET"]}}],"collection":[{"href":"https:\/\/greatnorthhardscape.com\/fr\/wp-json\/wp\/v2\/pages"}],"about":[{"href":"https:\/\/greatnorthhardscape.com\/fr\/wp-json\/wp\/v2\/types\/page"}],"author":[{"embeddable":true,"href":"https:\/\/greatnorthhardscape.com\/fr\/wp-json\/wp\/v2\/users\/2"}],"replies":[{"embeddable":true,"href":"https:\/\/greatnorthhardscape.com\/fr\/wp-json\/wp\/v2\/comments?post=7662"}],"version-history":[{"count":0,"href":"https:\/\/greatnorthhardscape.com\/fr\/wp-json\/wp\/v2\/pages\/7662\/revisions"}],"up":[{"embeddable":true,"href":"https:\/\/greatnorthhardscape.com\/fr\/wp-json\/wp\/v2\/pages\/7621"}],"wp:attachment":[{"href":"https:\/\/greatnorthhardscape.com\/fr\/wp-json\/wp\/v2\/media?parent=7662"}],"curies":[{"name":"wp","href":"https:\/\/api.w.org\/{rel}","templated":true}]}}