{"id":7663,"date":"2020-10-27T09:53:09","date_gmt":"2020-10-27T13:53:09","guid":{"rendered":"https:\/\/greatnorthhardscape.com\/essais"},"modified":"2023-10-13T14:10:08","modified_gmt":"2023-10-13T18:10:08","slug":"essais","status":"publish","type":"page","link":"https:\/\/greatnorthhardscape.com\/fr\/essais","title":{"rendered":"Essais"},"content":{"rendered":"\n\t\t\t<!-- START Slider 1 REVOLUTION SLIDER 6.7.4 --><p class=\"rs-p-wp-fix\"><\/p>\n\t\t\t<rs-module-wrap id=\"rev_slider_1_1_wrapper\" data-source=\"gallery\" style=\"visibility:hidden;background:transparent;padding:0;margin:0px auto;margin-top:0;margin-bottom:0;\">\n\t\t\t\t<rs-module id=\"rev_slider_1_1\" style=\"\" data-version=\"6.7.4\">\n\t\t\t\t\t<rs-slides style=\"overflow: hidden; position: absolute;\">\n\t\t\t\t\t\t<rs-slide style=\"position: absolute;\" data-key=\"rs-3\" data-title=\"Slide\" data-duration=\"4000ms\" data-anim=\"ms:1000;r:0;\" data-in=\"o:0;\" data-out=\"a:false;\">\n\t\t\t\t\t\t\t<img decoding=\"async\" src=\"\/\/greatnorthhardscape.com\/wp-content\/plugins\/revslider\/sr6\/assets\/assets\/dummy.png\" alt=\"\" title=\"New-Slideshow\" width=\"1040\" height=\"500\" class=\"rev-slidebg tp-rs-img rs-lazyload\" data-lazyload=\"\/\/greatnorthhardscape.com\/wp-content\/uploads\/2021\/05\/New-Slideshow-3.jpg\" data-bg=\"f:contain;\" data-no-retina>\n<!--\n\t\t\t\t\t\t\t--><rs-layer\n\t\t\t\t\t\t\t\tid=\"slider-1-slide-3-layer-0\" \n\t\t\t\t\t\t\t\tdata-type=\"text\"\n\t\t\t\t\t\t\t\tdata-color=\"#fff\"\n\t\t\t\t\t\t\t\tdata-rsp_ch=\"on\"\n\t\t\t\t\t\t\t\tdata-xy=\"x:25px;y:121px;\"\n\t\t\t\t\t\t\t\tdata-text=\"w:normal;s:48;l:54;fw:800;\"\n\t\t\t\t\t\t\t\tdata-dim=\"w:717;minh:0;\"\n\t\t\t\t\t\t\t\tdata-frame_1=\"y:-4px;st:990;sR:990;\"\n\t\t\t\t\t\t\t\tdata-frame_999=\"o:0;st:w;sR:2710;\"\n\t\t\t\t\t\t\t\tstyle=\"z-index:5;font-family:'Poppins';\"\n\t\t\t\t\t\t\t>La solution de pav\u00e9s en porcelaine ULTIME \n\t\t\t\t\t\t\t<\/rs-layer><!--\n\n\t\t\t\t\t\t\t--><rs-layer\n\t\t\t\t\t\t\t\tid=\"slider-1-slide-3-layer-1\" \n\t\t\t\t\t\t\t\tdata-type=\"text\"\n\t\t\t\t\t\t\t\tdata-color=\"#fff\"\n\t\t\t\t\t\t\t\tdata-rsp_ch=\"on\"\n\t\t\t\t\t\t\t\tdata-xy=\"x:25px;y:243px;\"\n\t\t\t\t\t\t\t\tdata-text=\"w:normal;s:32;l:36;ls:1;fw:500;\"\n\t\t\t\t\t\t\t\tdata-dim=\"minh:0;\"\n\t\t\t\t\t\t\t\tdata-frame_1=\"st:1280;sR:1280;\"\n\t\t\t\t\t\t\t\tdata-frame_999=\"o:0;st:w;sR:2420;\"\n\t\t\t\t\t\t\t\tstyle=\"z-index:6;font-family:'Roboto';\"\n\t\t\t\t\t\t\t>Construisons ensemble \n\t\t\t\t\t\t\t<\/rs-layer><!--\n-->\t\t\t\t\t<\/rs-slide>\n\t\t\t\t\t\t<rs-slide style=\"position: absolute;\" data-key=\"rs-4\" data-title=\"Slide\" data-duration=\"4000ms\" data-anim=\"ms:1000;r:0;\" data-in=\"o:0;\" data-out=\"a:false;\">\n\t\t\t\t\t\t\t<img decoding=\"async\" src=\"\/\/greatnorthhardscape.com\/wp-content\/plugins\/revslider\/sr6\/assets\/assets\/dummy.png\" alt=\"\" title=\"New-Slideshow11\" width=\"1387\" height=\"667\" class=\"rev-slidebg tp-rs-img rs-lazyload\" data-lazyload=\"\/\/greatnorthhardscape.com\/wp-content\/uploads\/2022\/09\/New-Slideshow11-1.png\" data-bg=\"f:contain;\" data-no-retina>\n<!--\n\t\t\t\t\t\t\t--><rs-layer\n\t\t\t\t\t\t\t\tid=\"slider-1-slide-4-layer-0\" \n\t\t\t\t\t\t\t\tdata-type=\"text\"\n\t\t\t\t\t\t\t\tdata-color=\"#000000\"\n\t\t\t\t\t\t\t\tdata-rsp_ch=\"on\"\n\t\t\t\t\t\t\t\tdata-xy=\"x:29px;y:119px;\"\n\t\t\t\t\t\t\t\tdata-text=\"w:normal;s:55;l:62;fw:800;\"\n\t\t\t\t\t\t\t\tdata-dim=\"minh:0;\"\n\t\t\t\t\t\t\t\tdata-frame_1=\"y:-5px;st:990;sR:990;\"\n\t\t\t\t\t\t\t\tdata-frame_999=\"o:0;st:w;sR:2710;\"\n\t\t\t\t\t\t\t\tstyle=\"z-index:5;font-family:'Poppins';\"\n\t\t\t\t\t\t\t>Smart Level \n\t\t\t\t\t\t\t<\/rs-layer><!--\n\n\t\t\t\t\t\t\t--><rs-layer\n\t\t\t\t\t\t\t\tid=\"slider-1-slide-4-layer-1\" \n\t\t\t\t\t\t\t\tdata-type=\"text\"\n\t\t\t\t\t\t\t\tdata-color=\"#000000\"\n\t\t\t\t\t\t\t\tdata-rsp_ch=\"on\"\n\t\t\t\t\t\t\t\tdata-xy=\"x:31px;y:398px;\"\n\t\t\t\t\t\t\t\tdata-text=\"w:normal;s:32;l:36;ls:1;fw:500;\"\n\t\t\t\t\t\t\t\tdata-dim=\"w:462px;minh:0;\"\n\t\t\t\t\t\t\t\tdata-frame_1=\"st:1280;sR:1280;\"\n\t\t\t\t\t\t\t\tdata-frame_999=\"o:0;st:w;sR:2420;\"\n\t\t\t\t\t\t\t\tstyle=\"z-index:6;background-color:rgba(255,255,255,0.73);font-family:'Roboto';\"\n\t\t\t\t\t\t\t>Le vrai Smart Level avec Bluetooth est arriv\u00e9 \n\t\t\t\t\t\t\t<\/rs-layer><!--\n-->\t\t\t\t\t<\/rs-slide>\n\t\t\t\t\t\t<rs-slide style=\"position: absolute;\" data-key=\"rs-6\" data-title=\"Slide\" data-duration=\"4000ms\" data-anim=\"ms:1000;r:0;\" data-in=\"o:0;\" data-out=\"a:false;\">\n\t\t\t\t\t\t\t<img decoding=\"async\" src=\"\/\/greatnorthhardscape.com\/wp-content\/plugins\/revslider\/sr6\/assets\/assets\/dummy.png\" alt=\"\" title=\"New-Slideshow\" width=\"1040\" height=\"500\" class=\"rev-slidebg tp-rs-img rs-lazyload\" data-lazyload=\"\/\/greatnorthhardscape.com\/wp-content\/uploads\/2021\/05\/New-Slideshow-1.jpg\" data-bg=\"f:contain;\" data-no-retina>\n<!--\n\t\t\t\t\t\t\t--><rs-layer\n\t\t\t\t\t\t\t\tid=\"slider-1-slide-6-layer-0\" \n\t\t\t\t\t\t\t\tdata-type=\"text\"\n\t\t\t\t\t\t\t\tdata-color=\"#000000\"\n\t\t\t\t\t\t\t\tdata-rsp_ch=\"on\"\n\t\t\t\t\t\t\t\tdata-xy=\"x:33px;y:45px;\"\n\t\t\t\t\t\t\t\tdata-text=\"w:normal;s:50;l:62;fw:800;\"\n\t\t\t\t\t\t\t\tdata-dim=\"w:698px;minh:0;\"\n\t\t\t\t\t\t\t\tdata-frame_1=\"y:-5px;st:990;sR:990;\"\n\t\t\t\t\t\t\t\tdata-frame_999=\"o:0;st:w;sR:2710;\"\n\t\t\t\t\t\t\t\tstyle=\"z-index:5;font-family:'Poppins';\"\n\t\t\t\t\t\t\t>EASYJoint<br \/>\nCompos\u00e9 de jointement <br \/>\nperm\u00e9able \n\t\t\t\t\t\t\t<\/rs-layer><!--\n\n\t\t\t\t\t\t\t--><rs-layer\n\t\t\t\t\t\t\t\tid=\"slider-1-slide-6-layer-1\" \n\t\t\t\t\t\t\t\tdata-type=\"text\"\n\t\t\t\t\t\t\t\tdata-color=\"#d80000\"\n\t\t\t\t\t\t\t\tdata-rsp_ch=\"on\"\n\t\t\t\t\t\t\t\tdata-xy=\"x:36px;y:324px;\"\n\t\t\t\t\t\t\t\tdata-text=\"w:normal;s:36;l:36;ls:1;fw:500;\"\n\t\t\t\t\t\t\t\tdata-dim=\"w:462px;minh:0;\"\n\t\t\t\t\t\t\t\tdata-frame_1=\"st:1280;sR:1280;\"\n\t\t\t\t\t\t\t\tdata-frame_999=\"o:0;st:w;sR:2420;\"\n\t\t\t\t\t\t\t\tstyle=\"z-index:6;background-color:rgba(255,255,255,0);font-family:'Roboto';\"\n\t\t\t\t\t\t\t>Jointoyage tout temps \n\t\t\t\t\t\t\t<\/rs-layer><!--\n-->\t\t\t\t\t<\/rs-slide>\n\t\t\t\t\t\t<rs-slide style=\"position: absolute;\" data-key=\"rs-9\" data-title=\"Slide\" data-duration=\"4000ms\" data-anim=\"ms:1000;r:0;\" data-in=\"o:0;\" data-out=\"a:false;\">\n\t\t\t\t\t\t\t<img decoding=\"async\" src=\"\/\/greatnorthhardscape.com\/wp-content\/plugins\/revslider\/sr6\/assets\/assets\/dummy.png\" alt=\"\" title=\"New-Slideshow\" width=\"1040\" height=\"500\" class=\"rev-slidebg tp-rs-img rs-lazyload\" data-lazyload=\"\/\/greatnorthhardscape.com\/wp-content\/uploads\/2021\/05\/New-Slideshow-2.jpg\" data-bg=\"f:contain;\" data-no-retina>\n<!--\n\t\t\t\t\t\t\t--><rs-layer\n\t\t\t\t\t\t\t\tid=\"slider-1-slide-9-layer-0\" \n\t\t\t\t\t\t\t\tdata-type=\"text\"\n\t\t\t\t\t\t\t\tdata-color=\"#ffffff\"\n\t\t\t\t\t\t\t\tdata-rsp_ch=\"on\"\n\t\t\t\t\t\t\t\tdata-xy=\"x:37px;y:119px;\"\n\t\t\t\t\t\t\t\tdata-text=\"w:normal;s:54;l:62;fw:800;\"\n\t\t\t\t\t\t\t\tdata-dim=\"w:524px;minh:0;\"\n\t\t\t\t\t\t\t\tdata-frame_1=\"y:-5px;st:990;sR:990;\"\n\t\t\t\t\t\t\t\tdata-frame_999=\"o:0;st:w;sR:2710;\"\n\t\t\t\t\t\t\t\tstyle=\"z-index:5;font-family:'Poppins';\"\n\t\t\t\t\t\t\t>EdgeCrete \n\t\t\t\t\t\t\t<\/rs-layer><!--\n\n\t\t\t\t\t\t\t--><rs-layer\n\t\t\t\t\t\t\t\tid=\"slider-1-slide-9-layer-1\" \n\t\t\t\t\t\t\t\tdata-type=\"text\"\n\t\t\t\t\t\t\t\tdata-color=\"#ffffff\"\n\t\t\t\t\t\t\t\tdata-rsp_ch=\"on\"\n\t\t\t\t\t\t\t\tdata-xy=\"x:39px;y:296px;\"\n\t\t\t\t\t\t\t\tdata-text=\"w:normal;s:32;l:36;ls:1;fw:500;\"\n\t\t\t\t\t\t\t\tdata-dim=\"w:524px;minh:0;\"\n\t\t\t\t\t\t\t\tdata-frame_1=\"st:1560;sR:1560;\"\n\t\t\t\t\t\t\t\tdata-frame_999=\"o:0;st:w;sR:2140;\"\n\t\t\t\t\t\t\t\tstyle=\"z-index:6;background-color:rgba(255,255,255,0);font-family:'Roboto';\"\n\t\t\t\t\t\t\t>Con\u00e7ue pour les bases \u00e0 gravier ou perm\u00e9ables \n\t\t\t\t\t\t\t<\/rs-layer><!--\n\n\t\t\t\t\t\t\t--><rs-layer\n\t\t\t\t\t\t\t\tid=\"slider-1-slide-9-layer-2\" \n\t\t\t\t\t\t\t\tdata-type=\"text\"\n\t\t\t\t\t\t\t\tdata-color=\"#6d9444\"\n\t\t\t\t\t\t\t\tdata-rsp_ch=\"on\"\n\t\t\t\t\t\t\t\tdata-xy=\"x:35px;y:179px;\"\n\t\t\t\t\t\t\t\tdata-text=\"w:normal;s:40;l:55;\"\n\t\t\t\t\t\t\t\tdata-dim=\"w:567px;\"\n\t\t\t\t\t\t\t\tdata-frame_1=\"st:1260;sR:1260;\"\n\t\t\t\t\t\t\t\tdata-frame_999=\"o:0;st:w;sR:2440;\"\n\t\t\t\t\t\t\t\tstyle=\"z-index:7;font-family:'Arial Black', 'Gadget', 'sans-serif';\"\n\t\t\t\t\t\t\t>Contre-bordure de pav\u00e9s \n\t\t\t\t\t\t\t<\/rs-layer><!--\n-->\t\t\t\t\t<\/rs-slide>\n\t\t\t\t\t\t<rs-slide style=\"position: absolute;\" data-key=\"rs-24\" data-title=\"Slide\" data-duration=\"4000ms\" data-anim=\"ms:1000;r:0;\" data-in=\"o:0;\" data-out=\"a:false;\">\n\t\t\t\t\t\t\t<img decoding=\"async\" src=\"\/\/greatnorthhardscape.com\/wp-content\/plugins\/revslider\/sr6\/assets\/assets\/dummy.png\" alt=\"\" title=\"New-Slideshow5a\" width=\"1040\" height=\"500\" class=\"rev-slidebg tp-rs-img rs-lazyload\" data-lazyload=\"\/\/greatnorthhardscape.com\/wp-content\/uploads\/2023\/10\/New-Slideshow5a.jpg\" data-bg=\"f:contain;\" data-no-retina>\n<!--\n\t\t\t\t\t\t\t--><rs-layer\n\t\t\t\t\t\t\t\tid=\"slider-1-slide-24-layer-0\" \n\t\t\t\t\t\t\t\tdata-type=\"text\"\n\t\t\t\t\t\t\t\tdata-color=\"#000000\"\n\t\t\t\t\t\t\t\tdata-rsp_ch=\"on\"\n\t\t\t\t\t\t\t\tdata-xy=\"x:35px;y:136px;\"\n\t\t\t\t\t\t\t\tdata-text=\"w:normal;s:50;l:63;fw:700;\"\n\t\t\t\t\t\t\t\tdata-dim=\"w:643;minh:0;\"\n\t\t\t\t\t\t\t\tdata-frame_1=\"y:-5px;st:1720;sR:1720;\"\n\t\t\t\t\t\t\t\tdata-frame_999=\"o:0;st:w;sR:1980;\"\n\t\t\t\t\t\t\t\tstyle=\"z-index:5;font-family:'Arial', 'Helvetica', 'sans-serif';\"\n\t\t\t\t\t\t\t>Cela change tout ! \n\t\t\t\t\t\t\t<\/rs-layer><!--\n\n\t\t\t\t\t\t\t--><rs-layer\n\t\t\t\t\t\t\t\tid=\"slider-1-slide-24-layer-7\" \n\t\t\t\t\t\t\t\tdata-type=\"text\"\n\t\t\t\t\t\t\t\tdata-color=\"#d62626\"\n\t\t\t\t\t\t\t\tdata-rsp_ch=\"on\"\n\t\t\t\t\t\t\t\tdata-xy=\"x:38px;y:51px;\"\n\t\t\t\t\t\t\t\tdata-text=\"w:normal;s:64;l:80;fw:900;\"\n\t\t\t\t\t\t\t\tdata-dim=\"w:163.125px;minh:0;\"\n\t\t\t\t\t\t\t\tdata-frame_1=\"st:970;sR:970;\"\n\t\t\t\t\t\t\t\tdata-frame_999=\"o:0;st:w;sR:2730;\"\n\t\t\t\t\t\t\t\tstyle=\"z-index:6;font-family:'Roboto';text-transform:uppercase;font-style:italic;\"\n\t\t\t\t\t\t\t>EASY \n\t\t\t\t\t\t\t<\/rs-layer><!--\n\n\t\t\t\t\t\t\t--><rs-layer\n\t\t\t\t\t\t\t\tid=\"slider-1-slide-24-layer-8\" \n\t\t\t\t\t\t\t\tdata-type=\"text\"\n\t\t\t\t\t\t\t\tdata-color=\"#fff\"\n\t\t\t\t\t\t\t\tdata-rsp_ch=\"on\"\n\t\t\t\t\t\t\t\tdata-xy=\"x:201px;y:65px;\"\n\t\t\t\t\t\t\t\tdata-text=\"w:normal;s:64;l:50;fw:900;\"\n\t\t\t\t\t\t\t\tdata-dim=\"minh:0px;\"\n\t\t\t\t\t\t\t\tdata-frame_1=\"st:1280;sR:1280;\"\n\t\t\t\t\t\t\t\tdata-frame_999=\"o:0;st:w;sR:2420;\"\n\t\t\t\t\t\t\t\tstyle=\"z-index:7;font-family:'Roboto';text-transform:uppercase;\"\n\t\t\t\t\t\t\t>clickbase \n\t\t\t\t\t\t\t<\/rs-layer><!--\n-->\t\t\t\t\t<\/rs-slide>\n\t\t\t\t\t\t<rs-slide style=\"position: absolute;\" data-key=\"rs-11\" data-title=\"Slide\" data-duration=\"4000ms\" data-anim=\"ms:1000;r:0;\" data-in=\"o:0;\" data-out=\"a:false;\">\n\t\t\t\t\t\t\t<img decoding=\"async\" src=\"\/\/greatnorthhardscape.com\/wp-content\/plugins\/revslider\/sr6\/assets\/assets\/dummy.png\" alt=\"\" title=\"New-Slideshow4\" width=\"1040\" height=\"500\" class=\"rev-slidebg tp-rs-img rs-lazyload\" data-lazyload=\"\/\/greatnorthhardscape.com\/wp-content\/uploads\/2021\/05\/New-Slideshow4-1.jpg\" data-bg=\"f:contain;\" data-no-retina>\n<!--\n\t\t\t\t\t\t\t--><rs-layer\n\t\t\t\t\t\t\t\tid=\"slider-1-slide-11-layer-0\" \n\t\t\t\t\t\t\t\tdata-type=\"text\"\n\t\t\t\t\t\t\t\tdata-color=\"#000000\"\n\t\t\t\t\t\t\t\tdata-rsp_ch=\"on\"\n\t\t\t\t\t\t\t\tdata-xy=\"x:38px;y:55px;\"\n\t\t\t\t\t\t\t\tdata-text=\"w:normal;s:54;l:62;fw:800;\"\n\t\t\t\t\t\t\t\tdata-dim=\"w:524px;minh:0;\"\n\t\t\t\t\t\t\t\tdata-frame_1=\"y:-5px;st:990;sR:990;\"\n\t\t\t\t\t\t\t\tdata-frame_999=\"o:0;st:w;sR:2710;\"\n\t\t\t\t\t\t\t\tstyle=\"z-index:5;font-family:'Poppins';\"\n\t\t\t\t\t\t\t>PolySweep  \n\t\t\t\t\t\t\t<\/rs-layer><!--\n\n\t\t\t\t\t\t\t--><rs-layer\n\t\t\t\t\t\t\t\tid=\"slider-1-slide-11-layer-1\" \n\t\t\t\t\t\t\t\tdata-type=\"text\"\n\t\t\t\t\t\t\t\tdata-color=\"#000000\"\n\t\t\t\t\t\t\t\tdata-rsp_ch=\"on\"\n\t\t\t\t\t\t\t\tdata-xy=\"x:38px;y:282px;\"\n\t\t\t\t\t\t\t\tdata-text=\"w:normal;s:32;l:36;ls:1;fw:500;\"\n\t\t\t\t\t\t\t\tdata-dim=\"w:524px;minh:0;\"\n\t\t\t\t\t\t\t\tdata-frame_1=\"st:1560;sR:1560;\"\n\t\t\t\t\t\t\t\tdata-frame_999=\"o:0;st:w;sR:2140;\"\n\t\t\t\t\t\t\t\tstyle=\"z-index:6;background-color:rgba(255,255,255,0);font-family:'Roboto';\"\n\t\t\t\t\t\t\t>Simplement un excellent sable \n\t\t\t\t\t\t\t<\/rs-layer><!--\n\n\t\t\t\t\t\t\t--><rs-layer\n\t\t\t\t\t\t\t\tid=\"slider-1-slide-11-layer-2\" \n\t\t\t\t\t\t\t\tdata-type=\"text\"\n\t\t\t\t\t\t\t\tdata-color=\"#e08428\"\n\t\t\t\t\t\t\t\tdata-rsp_ch=\"on\"\n\t\t\t\t\t\t\t\tdata-xy=\"x:38px;y:119px;\"\n\t\t\t\t\t\t\t\tdata-text=\"w:normal;s:40;l:55;\"\n\t\t\t\t\t\t\t\tdata-dim=\"w:567px;\"\n\t\t\t\t\t\t\t\tdata-frame_1=\"st:1260;sR:1260;\"\n\t\t\t\t\t\t\t\tdata-frame_999=\"o:0;st:w;sR:2440;\"\n\t\t\t\t\t\t\t\tstyle=\"z-index:7;font-family:'Arial Black', 'Gadget', 'sans-serif';\"\n\t\t\t\t\t\t\t>Sable polym\u00e8re haute performance \n\t\t\t\t\t\t\t<\/rs-layer><!--\n-->\t\t\t\t\t<\/rs-slide>\n\t\t\t\t\t\t<rs-slide style=\"position: absolute;\" data-key=\"rs-14\" data-title=\"Slide\" data-duration=\"4000ms\" data-anim=\"ms:1000;r:0;\" data-in=\"o:0;\" data-out=\"a:false;\">\n\t\t\t\t\t\t\t<img decoding=\"async\" src=\"\/\/greatnorthhardscape.com\/wp-content\/plugins\/revslider\/sr6\/assets\/assets\/dummy.png\" alt=\"\" title=\"New-Slideshow6\" width=\"1040\" height=\"500\" class=\"rev-slidebg tp-rs-img rs-lazyload\" data-lazyload=\"\/\/greatnorthhardscape.com\/wp-content\/uploads\/2021\/05\/New-Slideshow6.jpg\" data-bg=\"f:contain;\" data-no-retina>\n<!--\n\t\t\t\t\t\t\t--><rs-layer\n\t\t\t\t\t\t\t\tid=\"slider-1-slide-14-layer-0\" \n\t\t\t\t\t\t\t\tdata-type=\"text\"\n\t\t\t\t\t\t\t\tdata-color=\"#000000\"\n\t\t\t\t\t\t\t\tdata-rsp_ch=\"on\"\n\t\t\t\t\t\t\t\tdata-xy=\"x:36px;y:48px;\"\n\t\t\t\t\t\t\t\tdata-text=\"w:normal;s:50;l:62;fw:800;\"\n\t\t\t\t\t\t\t\tdata-dim=\"w:522px;minh:0;\"\n\t\t\t\t\t\t\t\tdata-frame_1=\"y:-5px;st:990;sR:990;\"\n\t\t\t\t\t\t\t\tdata-frame_999=\"o:0;st:w;sR:2710;\"\n\t\t\t\t\t\t\t\tstyle=\"z-index:5;font-family:'Poppins';\"\n\t\t\t\t\t\t\t>Outils de nivellement et de nivellement du sol \n\t\t\t\t\t\t\t<\/rs-layer><!--\n-->\t\t\t\t\t<\/rs-slide>\n\t\t\t\t\t\t<rs-slide style=\"position: absolute;\" data-key=\"rs-16\" data-title=\"Slide\" data-duration=\"4000ms\" data-anim=\"ms:1000;r:0;\" data-in=\"o:0;\" data-out=\"a:false;\">\n\t\t\t\t\t\t\t<img decoding=\"async\" src=\"\/\/greatnorthhardscape.com\/wp-content\/plugins\/revslider\/sr6\/assets\/assets\/dummy.png\" alt=\"\" title=\"New-Slideshow7\" width=\"1040\" height=\"500\" class=\"rev-slidebg tp-rs-img rs-lazyload\" data-lazyload=\"\/\/greatnorthhardscape.com\/wp-content\/uploads\/2021\/05\/New-Slideshow7.jpg\" data-bg=\"f:contain;\" data-no-retina>\n<!--\n\t\t\t\t\t\t\t--><rs-layer\n\t\t\t\t\t\t\t\tid=\"slider-1-slide-16-layer-0\" \n\t\t\t\t\t\t\t\tdata-type=\"text\"\n\t\t\t\t\t\t\t\tdata-color=\"#000000\"\n\t\t\t\t\t\t\t\tdata-rsp_ch=\"on\"\n\t\t\t\t\t\t\t\tdata-xy=\"x:37px;y:39px;\"\n\t\t\t\t\t\t\t\tdata-text=\"w:normal;s:87;l:100;fw:800;\"\n\t\t\t\t\t\t\t\tdata-dim=\"w:562;minh:0;\"\n\t\t\t\t\t\t\t\tdata-frame_1=\"y:-8px;st:990;sR:990;\"\n\t\t\t\t\t\t\t\tdata-frame_999=\"o:0;st:w;sR:2710;\"\n\t\t\t\t\t\t\t\tstyle=\"z-index:5;font-family:'Poppins';\"\n\t\t\t\t\t\t\t>Pince \n\t\t\t\t\t\t\t<\/rs-layer><!--\n\n\t\t\t\t\t\t\t--><rs-layer\n\t\t\t\t\t\t\t\tid=\"slider-1-slide-16-layer-3\" \n\t\t\t\t\t\t\t\tdata-type=\"text\"\n\t\t\t\t\t\t\t\tdata-color=\"#000000\"\n\t\t\t\t\t\t\t\tdata-rsp_ch=\"on\"\n\t\t\t\t\t\t\t\tdata-xy=\"x:38px;y:146px;\"\n\t\t\t\t\t\t\t\tdata-text=\"w:normal;s:60;l:66;\"\n\t\t\t\t\t\t\t\tdata-dim=\"w:453.09375px;\"\n\t\t\t\t\t\t\t\tdata-frame_1=\"st:1290;sR:1290;\"\n\t\t\t\t\t\t\t\tdata-frame_999=\"o:0;st:w;sR:2410;\"\n\t\t\t\t\t\t\t\tstyle=\"z-index:6;font-family:'Roboto';\"\n\t\t\t\t\t\t\t>et appareils de levage lourds \n\t\t\t\t\t\t\t<\/rs-layer><!--\n-->\t\t\t\t\t<\/rs-slide>\n\t\t\t\t\t\t<rs-slide style=\"position: absolute;\" data-key=\"rs-18\" data-title=\"Slide\" data-duration=\"4000ms\" data-anim=\"ms:1000;r:0;\" data-in=\"o:0;\" data-out=\"a:false;\">\n\t\t\t\t\t\t\t<img decoding=\"async\" src=\"\/\/greatnorthhardscape.com\/wp-content\/plugins\/revslider\/sr6\/assets\/assets\/dummy.png\" alt=\"\" title=\"New-Slideshow\" width=\"1040\" height=\"500\" class=\"rev-slidebg tp-rs-img rs-lazyload\" data-lazyload=\"\/\/greatnorthhardscape.com\/wp-content\/uploads\/2021\/05\/New-Slideshow-4.jpg\" data-bg=\"f:contain;\" data-no-retina>\n<!--\n\t\t\t\t\t\t\t--><rs-layer\n\t\t\t\t\t\t\t\tid=\"slider-1-slide-18-layer-0\" \n\t\t\t\t\t\t\t\tdata-type=\"text\"\n\t\t\t\t\t\t\t\tdata-color=\"#ea802a\"\n\t\t\t\t\t\t\t\tdata-rsp_ch=\"on\"\n\t\t\t\t\t\t\t\tdata-xy=\"x:37px;y:42px;\"\n\t\t\t\t\t\t\t\tdata-text=\"w:normal;s:80;l:100;fw:800;\"\n\t\t\t\t\t\t\t\tdata-dim=\"w:520px;minh:0;\"\n\t\t\t\t\t\t\t\tdata-frame_1=\"y:-8px;st:990;sR:990;\"\n\t\t\t\t\t\t\t\tdata-frame_999=\"o:0;st:w;sR:2710;\"\n\t\t\t\t\t\t\t\tstyle=\"z-index:5;font-family:'Poppins';\"\n\t\t\t\t\t\t\t>Optimas Mini Screed \n\t\t\t\t\t\t\t<\/rs-layer><!--\n\n\t\t\t\t\t\t\t--><rs-layer\n\t\t\t\t\t\t\t\tid=\"slider-1-slide-18-layer-3\" \n\t\t\t\t\t\t\t\tdata-type=\"text\"\n\t\t\t\t\t\t\t\tdata-color=\"#000000\"\n\t\t\t\t\t\t\t\tdata-rsp_ch=\"on\"\n\t\t\t\t\t\t\t\tdata-xy=\"x:38px;y:262px;\"\n\t\t\t\t\t\t\t\tdata-text=\"w:normal;s:40;l:47;\"\n\t\t\t\t\t\t\t\tdata-dim=\"w:498px;\"\n\t\t\t\t\t\t\t\tdata-frame_1=\"st:1290;sR:1290;\"\n\t\t\t\t\t\t\t\tdata-frame_999=\"o:0;st:w;sR:2410;\"\n\t\t\t\t\t\t\t\tstyle=\"z-index:6;font-family:'Roboto';\"\n\t\t\t\t\t\t\t>Le nivellement manuel Optimas est l'outil id\u00e9al pour pr\u00e9parer une surface de pav\u00e9. \n\t\t\t\t\t\t\t<\/rs-layer><!--\n-->\t\t\t\t\t<\/rs-slide>\n\t\t\t\t\t\t<rs-slide style=\"position: absolute;\" data-key=\"rs-20\" data-title=\"Slide\" data-duration=\"4000ms\" data-anim=\"ms:1000;r:0;\" data-in=\"o:0;\" data-out=\"a:false;\">\n\t\t\t\t\t\t\t<img decoding=\"async\" src=\"\/\/greatnorthhardscape.com\/wp-content\/plugins\/revslider\/sr6\/assets\/assets\/dummy.png\" alt=\"\" title=\"New-Slideshow9\" width=\"1040\" height=\"500\" class=\"rev-slidebg tp-rs-img rs-lazyload\" data-lazyload=\"\/\/greatnorthhardscape.com\/wp-content\/uploads\/2021\/05\/New-Slideshow9-1.jpg\" data-bg=\"f:contain;\" data-no-retina>\n<!--\n\t\t\t\t\t\t\t--><rs-layer\n\t\t\t\t\t\t\t\tid=\"slider-1-slide-20-layer-0\" \n\t\t\t\t\t\t\t\tdata-type=\"text\"\n\t\t\t\t\t\t\t\tdata-color=\"#116015\"\n\t\t\t\t\t\t\t\tdata-rsp_ch=\"on\"\n\t\t\t\t\t\t\t\tdata-xy=\"x:37px;y:46px;\"\n\t\t\t\t\t\t\t\tdata-text=\"w:normal;s:92;l:115;fw:800;\"\n\t\t\t\t\t\t\t\tdata-dim=\"w:598;minh:0;\"\n\t\t\t\t\t\t\t\tdata-frame_1=\"y:-9px;st:990;sR:990;\"\n\t\t\t\t\t\t\t\tdata-frame_999=\"o:0;st:w;sR:2710;\"\n\t\t\t\t\t\t\t\tstyle=\"z-index:5;font-family:'Poppins';\"\n\t\t\t\t\t\t\t>Snap Edge \n\t\t\t\t\t\t\t<\/rs-layer><!--\n\n\t\t\t\t\t\t\t--><rs-layer\n\t\t\t\t\t\t\t\tid=\"slider-1-slide-20-layer-3\" \n\t\t\t\t\t\t\t\tdata-type=\"text\"\n\t\t\t\t\t\t\t\tdata-color=\"#000000\"\n\t\t\t\t\t\t\t\tdata-rsp_ch=\"on\"\n\t\t\t\t\t\t\t\tdata-xy=\"x:41px;y:200px;\"\n\t\t\t\t\t\t\t\tdata-text=\"w:normal;s:54;l:56;\"\n\t\t\t\t\t\t\t\tdata-dim=\"w:429px;h:247px;\"\n\t\t\t\t\t\t\t\tdata-frame_1=\"st:1290;sR:1290;\"\n\t\t\t\t\t\t\t\tdata-frame_999=\"o:0;st:w;sR:2410;\"\n\t\t\t\t\t\t\t\tstyle=\"z-index:6;font-family:'Roboto';\"\n\t\t\t\t\t\t\t>Pour les entrepreneurs, architectes et propri\u00e9taires \n\t\t\t\t\t\t\t<\/rs-layer><!--\n-->\t\t\t\t\t<\/rs-slide>\n\t\t\t\t\t\t<rs-slide style=\"position: absolute;\" data-key=\"rs-22\" data-title=\"Slide\" data-duration=\"4000ms\" data-anim=\"ms:1000;r:0;\" data-in=\"o:0;\" data-out=\"a:false;\">\n\t\t\t\t\t\t\t<img decoding=\"async\" src=\"\/\/greatnorthhardscape.com\/wp-content\/plugins\/revslider\/sr6\/assets\/assets\/dummy.png\" alt=\"\" title=\"New-Slideshow10\" width=\"1040\" height=\"500\" class=\"rev-slidebg tp-rs-img rs-lazyload\" data-lazyload=\"\/\/greatnorthhardscape.com\/wp-content\/uploads\/2021\/05\/New-Slideshow10.jpg\" data-bg=\"f:contain;\" data-no-retina>\n<!--\n\t\t\t\t\t\t\t--><rs-layer\n\t\t\t\t\t\t\t\tid=\"slider-1-slide-22-layer-0\" \n\t\t\t\t\t\t\t\tdata-type=\"text\"\n\t\t\t\t\t\t\t\tdata-color=\"#777777\"\n\t\t\t\t\t\t\t\tdata-rsp_ch=\"on\"\n\t\t\t\t\t\t\t\tdata-xy=\"x:39px;y:42px;\"\n\t\t\t\t\t\t\t\tdata-text=\"w:normal;s:70;l:87;fw:800;\"\n\t\t\t\t\t\t\t\tdata-dim=\"w:477;h:97;minh:0;\"\n\t\t\t\t\t\t\t\tdata-frame_1=\"y:-7px;st:990;sR:990;\"\n\t\t\t\t\t\t\t\tdata-frame_999=\"o:0;st:w;sR:2710;\"\n\t\t\t\t\t\t\t\tstyle=\"z-index:5;font-family:'Poppins';\"\n\t\t\t\t\t\t\t>Stronghold\u2122 \n\t\t\t\t\t\t\t<\/rs-layer><!--\n\n\t\t\t\t\t\t\t--><rs-layer\n\t\t\t\t\t\t\t\tid=\"slider-1-slide-22-layer-3\" \n\t\t\t\t\t\t\t\tdata-type=\"text\"\n\t\t\t\t\t\t\t\tdata-color=\"#000000\"\n\t\t\t\t\t\t\t\tdata-rsp_ch=\"on\"\n\t\t\t\t\t\t\t\tdata-xy=\"x:42px;y:238px;\"\n\t\t\t\t\t\t\t\tdata-text=\"w:normal;s:54;l:60;\"\n\t\t\t\t\t\t\t\tdata-dim=\"w:429px;h:215px;\"\n\t\t\t\t\t\t\t\tdata-frame_1=\"st:1290;sR:1290;\"\n\t\t\t\t\t\t\t\tdata-frame_999=\"o:0;st:w;sR:2410;\"\n\t\t\t\t\t\t\t\tstyle=\"z-index:6;font-family:'Roboto';\"\n\t\t\t\t\t\t\t>Une retenue en aluminium permanente \n\t\t\t\t\t\t\t<\/rs-layer><!--\n-->\t\t\t\t\t<\/rs-slide>\n\t\t\t\t\t<\/rs-slides>\n\t\t\t\t<\/rs-module>\n\t\t\t\t<script>\n\t\t\t\t\tsetREVStartSize({c: 'rev_slider_1_1',rl:[1240,1024,778,480],el:[500],gw:[1040],gh:[500],type:'standard',justify:'',layout:'fullwidth',mh:\"0\"});if (window.RS_MODULES!==undefined && window.RS_MODULES.modules!==undefined && window.RS_MODULES.modules[\"revslider11\"]!==undefined) {window.RS_MODULES.modules[\"revslider11\"].once = false;window.revapi1 = undefined;if (window.RS_MODULES.checkMinimal!==undefined) window.RS_MODULES.checkMinimal()}\n\t\t\t\t<\/script>\n\t\t\t<\/rs-module-wrap>\n\t\t\t<!-- END REVOLUTION SLIDER -->\n\n","protected":false},"excerpt":{"rendered":"","protected":false},"author":2,"featured_media":0,"parent":0,"menu_order":0,"comment_status":"closed","ping_status":"closed","template":"","meta":{"footnotes":""},"class_list":["post-7663","page","type-page","status-publish","hentry"],"aioseo_notices":[],"_links":{"self":[{"href":"https:\/\/greatnorthhardscape.com\/fr\/wp-json\/wp\/v2\/pages\/7663","targetHints":{"allow":["GET"]}}],"collection":[{"href":"https:\/\/greatnorthhardscape.com\/fr\/wp-json\/wp\/v2\/pages"}],"about":[{"href":"https:\/\/greatnorthhardscape.com\/fr\/wp-json\/wp\/v2\/types\/page"}],"author":[{"embeddable":true,"href":"https:\/\/greatnorthhardscape.com\/fr\/wp-json\/wp\/v2\/users\/2"}],"replies":[{"embeddable":true,"href":"https:\/\/greatnorthhardscape.com\/fr\/wp-json\/wp\/v2\/comments?post=7663"}],"version-history":[{"count":1,"href":"https:\/\/greatnorthhardscape.com\/fr\/wp-json\/wp\/v2\/pages\/7663\/revisions"}],"predecessor-version":[{"id":8180,"href":"https:\/\/greatnorthhardscape.com\/fr\/wp-json\/wp\/v2\/pages\/7663\/revisions\/8180"}],"wp:attachment":[{"href":"https:\/\/greatnorthhardscape.com\/fr\/wp-json\/wp\/v2\/media?parent=7663"}],"curies":[{"name":"wp","href":"https:\/\/api.w.org\/{rel}","templated":true}]}}