{"id":7666,"date":"2020-10-27T09:56:36","date_gmt":"2020-10-27T13:56:36","guid":{"rendered":"https:\/\/greatnorthhardscape.com\/equipement-de-piste"},"modified":"2020-10-27T09:56:36","modified_gmt":"2020-10-27T13:56:36","slug":"equipement-de-piste","status":"publish","type":"page","link":"https:\/\/greatnorthhardscape.com\/fr\/equipement-de-piste","title":{"rendered":"\u00c9quipement de piste"},"content":{"rendered":"<div  class=\"product-showcase-categories clearfix \"><div class=\"product_boxes\" data-rt-animation-group=\"group\"><div class=\"row clearfix with_borders fluid\"><div class=\"box three  first first-row \"><div data-rt-animate=\"animate\" data-rt-animation-type=\"fadeIn\">\n\n<div class=\"product_item_holder product-showcase-category\">\n\n\t\t\t<!-- product image -->\n\t\t<div class=\"featured_image\"> \n\t\t\t\t<a href=\"https:\/\/greatnorthhardscape.com\/fr\/product-showcase\/bennes-et-transporteurs\" title=\"Bennes et transporteurs\" rel=\"bookmark\"><img decoding=\"async\" src=\"https:\/\/greatnorthhardscape.com\/wp-content\/uploads\/2020\/01\/RC1200-480x480.jpg\" alt=\"\" class=\"\" \/>\t\t\t\t\t\t<\/div> \n\t\n\t\t<div class=\"product_info\">\n\n\t\t\t\t<!-- title-->\n\t\t<h4><a href=\"https:\/\/greatnorthhardscape.com\/fr\/product-showcase\/bennes-et-transporteurs\" title=\"Bennes et transporteurs\" rel=\"bookmark\">Bennes et transporteurs<span>4<\/span><\/a><\/h4>\n\t\t\n\t\t<!-- text-->\n\t\t<p>Les dumpers et les transporteurs sur chenilles sont id\u00e9aux pour transporter des produits pr\u00e9fabriqu\u00e9s et des agr\u00e9gats dans des espaces restreints avec un impact minimal sur le sol.  <\/p>\n\t<\/div>\n\t\n<\/div><\/div><\/div>\n<div class=\"box three  first-row \"><div data-rt-animate=\"animate\" data-rt-animation-type=\"fadeIn\">\n\n<div class=\"product_item_holder product-showcase-category\">\n\n\t\t\t<!-- product image -->\n\t\t<div class=\"featured_image\"> \n\t\t\t\t<a href=\"https:\/\/greatnorthhardscape.com\/fr\/product-showcase\/chargeur-multiple\" title=\"Chargeur multiple\" rel=\"bookmark\"><img decoding=\"async\" src=\"https:\/\/greatnorthhardscape.com\/wp-content\/uploads\/2021\/01\/ML300_01-480x480.jpg\" alt=\"\" class=\"\" \/>\t\t\t\t\t\t<\/div> \n\t\n\t\t<div class=\"product_info\">\n\n\t\t\t\t<!-- title-->\n\t\t<h4><a href=\"https:\/\/greatnorthhardscape.com\/fr\/product-showcase\/chargeur-multiple\" title=\"Chargeur multiple\" rel=\"bookmark\">Chargeur multiple<span>2<\/span><\/a><\/h4>\n\t\t\n\t\t<!-- text-->\n\t\t<p>La chargeuse multiple est dot\u00e9e de nombreux accessoires qui permettent d'am\u00e9liorer l'efficacit\u00e9 de nombreux aspects du travail.  <\/p>\n\t<\/div>\n\t\n<\/div><\/div><\/div>\n<div class=\"box three  last first-row \"><div data-rt-animate=\"animate\" data-rt-animation-type=\"fadeIn\">\n\n<div class=\"product_item_holder product-showcase-category\">\n\n\t\t\t<!-- product image -->\n\t\t<div class=\"featured_image\"> \n\t\t\t\t<a href=\"https:\/\/greatnorthhardscape.com\/fr\/product-showcase\/balayeuse-deneigement\" title=\"Balayeuse\/d\u00e9neigement\" rel=\"bookmark\"><img decoding=\"async\" src=\"https:\/\/greatnorthhardscape.com\/wp-content\/uploads\/2020\/01\/MK100whitebackground28129.jpg\" alt=\"\" class=\"\" \/>\t\t\t\t\t\t<\/div> \n\t\n\t\t<div class=\"product_info\">\n\n\t\t\t\t<!-- title-->\n\t\t<h4><a href=\"https:\/\/greatnorthhardscape.com\/fr\/product-showcase\/balayeuse-deneigement\" title=\"Balayeuse\/d\u00e9neigement\" rel=\"bookmark\">Balayeuse\/d\u00e9neigement<span>1<\/span><\/a><\/h4>\n\t\t\n\t\t<!-- text-->\n\t\t<p>Les balayeuses \u00e0 gaz sont id\u00e9ales pour les sites r\u00e9sidentiels, commerciaux et industriels.<\/p>\n\t<\/div>\n\t\n<\/div><\/div><\/div>\n<\/div><div class=\"row clearfix with_borders fluid\"><div class=\"box three  first last  last-row\"><div data-rt-animate=\"animate\" data-rt-animation-type=\"fadeIn\">\n\n<div class=\"product_item_holder product-showcase-category\">\n\n\t\t\t<!-- product image -->\n\t\t<div class=\"featured_image\"> \n\t\t\t\t<a href=\"https:\/\/greatnorthhardscape.com\/fr\/product-showcase\/equipement-electrique\" title=\"\u00c9quipement \u00e9lectrique\" rel=\"bookmark\"><img decoding=\"async\" src=\"https:\/\/greatnorthhardscape.com\/wp-content\/uploads\/2020\/01\/ED120_electric_wheelbarrow_pmi_equipment-480x480.jpg\" alt=\"\" class=\"\" \/>\t\t\t\t\t\t<\/div> \n\t\n\t\t<div class=\"product_info\">\n\n\t\t\t\t<!-- title-->\n\t\t<h4><a href=\"https:\/\/greatnorthhardscape.com\/fr\/product-showcase\/equipement-electrique\" title=\"\u00c9quipement \u00e9lectrique\" rel=\"bookmark\">\u00c9quipement \u00e9lectrique<span>1<\/span><\/a><\/h4>\n\t\t\n\t\t<!-- text-->\n\t\t<p>Les \u00e9quipements \u00e9lectriques vous permettent d'acc\u00e9der \u00e0 des espaces clos et \u00e0 des zones \u00e0 \u00e9missions contr\u00f4l\u00e9es.  <\/p>\n\t<\/div>\n\t\n<\/div><\/div><\/div>\n<\/div><\/div><\/div>\n","protected":false},"excerpt":{"rendered":"","protected":false},"author":2,"featured_media":0,"parent":0,"menu_order":0,"comment_status":"closed","ping_status":"closed","template":"","meta":{"footnotes":""},"class_list":["post-7666","page","type-page","status-publish","hentry"],"aioseo_notices":[],"_links":{"self":[{"href":"https:\/\/greatnorthhardscape.com\/fr\/wp-json\/wp\/v2\/pages\/7666","targetHints":{"allow":["GET"]}}],"collection":[{"href":"https:\/\/greatnorthhardscape.com\/fr\/wp-json\/wp\/v2\/pages"}],"about":[{"href":"https:\/\/greatnorthhardscape.com\/fr\/wp-json\/wp\/v2\/types\/page"}],"author":[{"embeddable":true,"href":"https:\/\/greatnorthhardscape.com\/fr\/wp-json\/wp\/v2\/users\/2"}],"replies":[{"embeddable":true,"href":"https:\/\/greatnorthhardscape.com\/fr\/wp-json\/wp\/v2\/comments?post=7666"}],"version-history":[{"count":0,"href":"https:\/\/greatnorthhardscape.com\/fr\/wp-json\/wp\/v2\/pages\/7666\/revisions"}],"wp:attachment":[{"href":"https:\/\/greatnorthhardscape.com\/fr\/wp-json\/wp\/v2\/media?parent=7666"}],"curies":[{"name":"wp","href":"https:\/\/api.w.org\/{rel}","templated":true}]}}