{"id":9031,"date":"2025-07-08T10:12:21","date_gmt":"2025-07-08T14:12:21","guid":{"rendered":"https:\/\/greatnorthhardscape.com\/les-medias-2"},"modified":"2025-07-08T10:12:21","modified_gmt":"2025-07-08T14:12:21","slug":"les-medias-2","status":"publish","type":"page","link":"https:\/\/greatnorthhardscape.com\/fr\/les-medias-2","title":{"rendered":"Les m\u00e9dias"},"content":{"rendered":"<p><a href=\"https:\/\/greatnorthhardscape.com\/wp-content\/uploads\/2025\/05\/Family-Owned-Operated-stamp-Eng-Fr.zip\">Timbre-poste familial-op\u00e9r\u00e9-Eng-Fr<\/a><\/p>\n<h2 style=\"text-align: center;\"><span style=\"color: #000000;\">Anglais<\/span><\/h2>\n<div class=\"row clearfix\">\n<div class=\"box three \">\n<img loading=\"lazy\" decoding=\"async\" class=\"wp-image-8856 aligncenter\" src=\"https:\/\/greatnorthhardscape.com\/wp-content\/uploads\/2025\/01\/35-Year-Badge@2x.png\" alt=\"\" width=\"200\" height=\"120\" srcset=\"https:\/\/greatnorthhardscape.com\/wp-content\/uploads\/2025\/01\/35-Year-Badge@2x.png 721w, https:\/\/greatnorthhardscape.com\/wp-content\/uploads\/2025\/01\/35-Year-Badge@2x-300x180.png 300w, https:\/\/greatnorthhardscape.com\/wp-content\/uploads\/2025\/01\/35-Year-Badge@2x-500x300.png 500w\" sizes=\"auto, (max-width: 200px) 100vw, 200px\" \/><\/p>\n<p style=\"text-align: center;\"><a href=\"https:\/\/greatnorthhardscape.com\/wp-content\/uploads\/2025\/01\/GNH-35-YEAR-BADGE.zip\" target=\"_blank\" rel=\"noopener\">T\u00c9L\u00c9CHARGER<\/a><br \/>\n<\/div>\n<div class=\"box three \">\n<img loading=\"lazy\" decoding=\"async\" class=\" wp-image-8226 aligncenter\" src=\"https:\/\/greatnorthhardscape.com\/wp-content\/uploads\/2024\/01\/GNH-Logo-Horizontal-Small-300x111.png\" alt=\"\" width=\"268\" height=\"99\"><\/p>\n<p style=\"text-align: center;\"><a href=\"https:\/\/greatnorthhardscape.com\/wp-content\/uploads\/2024\/01\/GNH-logo-Horizontal.zip\" target=\"_blank\" rel=\"noopener\">T\u00c9L\u00c9CHARGER<\/a><br \/>\n<\/div>\n<div class=\"box three \">\n<img loading=\"lazy\" decoding=\"async\" class=\" wp-image-8234 alignnone aligncenter\" src=\"https:\/\/greatnorthhardscape.com\/wp-content\/uploads\/2024\/01\/GNH-Logo-Stacked-Small-300x190.jpg\" alt=\"\" width=\"239\" height=\"151\" srcset=\"https:\/\/greatnorthhardscape.com\/wp-content\/uploads\/2024\/01\/GNH-Logo-Stacked-Small-300x190.jpg 300w, https:\/\/greatnorthhardscape.com\/wp-content\/uploads\/2024\/01\/GNH-Logo-Stacked-Small-500x316.jpg 500w, https:\/\/greatnorthhardscape.com\/wp-content\/uploads\/2024\/01\/GNH-Logo-Stacked-Small.jpg 519w\" sizes=\"auto, (max-width: 239px) 100vw, 239px\" \/><\/p>\n<p style=\"text-align: center;\"><a href=\"https:\/\/greatnorthhardscape.com\/wp-content\/uploads\/2024\/01\/GNH-logo-stacked.zip\" target=\"_blank\" rel=\"noopener\">T\u00c9L\u00c9CHARGER<\/a><br \/>\n<\/div>\n<\/div>\n<hr>\n<p>&nbsp;<\/p>\n<h2 style=\"text-align: center;\"><span style=\"color: #000000;\">Fran\u00e7ais<\/span><\/h2>\n<div class=\"row clearfix\">\n<div class=\"box three \">\n<img loading=\"lazy\" decoding=\"async\" class=\"wp-image-8861 aligncenter\" src=\"https:\/\/greatnorthhardscape.com\/wp-content\/uploads\/2025\/01\/35-Year-Badge.png\" alt=\"\" width=\"211\" height=\"127\" srcset=\"https:\/\/greatnorthhardscape.com\/wp-content\/uploads\/2025\/01\/35-Year-Badge.png 361w, https:\/\/greatnorthhardscape.com\/wp-content\/uploads\/2025\/01\/35-Year-Badge-300x180.png 300w\" sizes=\"auto, (max-width: 211px) 100vw, 211px\" \/><\/p>\n<p style=\"text-align: center;\"><a href=\"https:\/\/greatnorthhardscape.com\/wp-content\/uploads\/2025\/01\/GNH-35-YR-badge-FR.zip\" target=\"_blank\" rel=\"noopener\">  T\u00c9L\u00c9CHARGER  <\/a><\/p>\n<\/div>\n<div class=\"box three \">\n<img loading=\"lazy\" decoding=\"async\" class=\"aligncenter size-medium wp-image-8255\" src=\"https:\/\/greatnorthhardscape.com\/wp-content\/uploads\/2024\/02\/GNH-Logo-Horizontal-FR-small-300x115.png\" alt=\"\" width=\"300\" height=\"115\" srcset=\"https:\/\/greatnorthhardscape.com\/wp-content\/uploads\/2024\/02\/GNH-Logo-Horizontal-FR-small-300x115.png 300w, https:\/\/greatnorthhardscape.com\/wp-content\/uploads\/2024\/02\/GNH-Logo-Horizontal-FR-small.png 479w\" sizes=\"auto, (max-width: 300px) 100vw, 300px\" \/><\/p>\n<p style=\"text-align: center;\"><a href=\"https:\/\/greatnorthhardscape.com\/wp-content\/uploads\/2024\/02\/GNH-Logo-Horizontal-FR.zip\" target=\"_blank\" rel=\"noopener\">T\u00c9L\u00c9CHARGER<\/a><\/p>\n<\/div>\n<div class=\"box three \">\n<img loading=\"lazy\" decoding=\"async\" class=\"aligncenter wp-image-8259\" src=\"https:\/\/greatnorthhardscape.com\/wp-content\/uploads\/2024\/02\/GNH-Logo-Stacked-FR-small-300x183.jpg\" alt=\"\" width=\"243\" height=\"149\" srcset=\"https:\/\/greatnorthhardscape.com\/wp-content\/uploads\/2024\/02\/GNH-Logo-Stacked-FR-small-300x183.jpg 300w, https:\/\/greatnorthhardscape.com\/wp-content\/uploads\/2024\/02\/GNH-Logo-Stacked-FR-small.jpg 412w\" sizes=\"auto, (max-width: 243px) 100vw, 243px\" \/><\/p>\n<p style=\"text-align: center;\"><a href=\"https:\/\/greatnorthhardscape.com\/wp-content\/uploads\/2024\/02\/GNH-Logo-Stacked-FR.zip\" target=\"_blank\" rel=\"noopener\">T\u00c9L\u00c9CHARGER<\/a><\/p>\n<\/div>\n<\/div>\n<hr>\n<div class=\"row clearfix\">\n<div class=\"box three \">\n<img loading=\"lazy\" decoding=\"async\" class=\"wp-image-8968 aligncenter\" src=\"https:\/\/greatnorthhardscape.com\/wp-content\/uploads\/2025\/05\/Family-Owned-Operated-Since-1990-295x300.png\" alt=\"\" width=\"208\" height=\"212\" srcset=\"https:\/\/greatnorthhardscape.com\/wp-content\/uploads\/2025\/05\/Family-Owned-Operated-Since-1990-295x300.png 295w, https:\/\/greatnorthhardscape.com\/wp-content\/uploads\/2025\/05\/Family-Owned-Operated-Since-1990-768x781.png 768w, https:\/\/greatnorthhardscape.com\/wp-content\/uploads\/2025\/05\/Family-Owned-Operated-Since-1990-75x75.png 75w, https:\/\/greatnorthhardscape.com\/wp-content\/uploads\/2025\/05\/Family-Owned-Operated-Since-1990-500x509.png 500w, https:\/\/greatnorthhardscape.com\/wp-content\/uploads\/2025\/05\/Family-Owned-Operated-Since-1990.png 806w\" sizes=\"auto, (max-width: 208px) 100vw, 208px\" \/><br \/>\n<\/div>\n<div class=\"box three \">\n<p>&nbsp;<\/p>\n<p>&nbsp;<\/p>\n<p style=\"text-align: center;\"><a href=\"https:\/\/greatnorthhardscape.com\/wp-content\/uploads\/2025\/05\/Family-Owned-Operated-stamp-Eng-Fr.zip\" target=\"_blank\" rel=\"noopener\">T\u00c9L\u00c9CHARGER ANGLAIS ET FRAN\u00c7AIS<\/a><\/p>\n<\/div>\n<div class=\"box three \">\n<img loading=\"lazy\" decoding=\"async\" class=\"wp-image-8966 aligncenter\" src=\"https:\/\/greatnorthhardscape.com\/wp-content\/uploads\/2025\/05\/French-Family-Owned-Operated-stamp-291x300.png\" alt=\"\" width=\"208\" height=\"214\" srcset=\"https:\/\/greatnorthhardscape.com\/wp-content\/uploads\/2025\/05\/French-Family-Owned-Operated-stamp-291x300.png 291w, https:\/\/greatnorthhardscape.com\/wp-content\/uploads\/2025\/05\/French-Family-Owned-Operated-stamp-768x791.png 768w, https:\/\/greatnorthhardscape.com\/wp-content\/uploads\/2025\/05\/French-Family-Owned-Operated-stamp-500x515.png 500w, https:\/\/greatnorthhardscape.com\/wp-content\/uploads\/2025\/05\/French-Family-Owned-Operated-stamp.png 806w\" sizes=\"auto, (max-width: 208px) 100vw, 208px\" \/><\/p>\n<\/div>\n<\/div>\n","protected":false},"excerpt":{"rendered":"<p>Timbre-poste familial-op\u00e9r\u00e9-Eng-Fr Anglais &nbsp; Fran\u00e7ais<\/p>\n","protected":false},"author":2,"featured_media":0,"parent":0,"menu_order":0,"comment_status":"closed","ping_status":"closed","template":"","meta":{"footnotes":""},"class_list":["post-9031","page","type-page","status-publish","hentry"],"aioseo_notices":[],"_links":{"self":[{"href":"https:\/\/greatnorthhardscape.com\/fr\/wp-json\/wp\/v2\/pages\/9031","targetHints":{"allow":["GET"]}}],"collection":[{"href":"https:\/\/greatnorthhardscape.com\/fr\/wp-json\/wp\/v2\/pages"}],"about":[{"href":"https:\/\/greatnorthhardscape.com\/fr\/wp-json\/wp\/v2\/types\/page"}],"author":[{"embeddable":true,"href":"https:\/\/greatnorthhardscape.com\/fr\/wp-json\/wp\/v2\/users\/2"}],"replies":[{"embeddable":true,"href":"https:\/\/greatnorthhardscape.com\/fr\/wp-json\/wp\/v2\/comments?post=9031"}],"version-history":[{"count":0,"href":"https:\/\/greatnorthhardscape.com\/fr\/wp-json\/wp\/v2\/pages\/9031\/revisions"}],"wp:attachment":[{"href":"https:\/\/greatnorthhardscape.com\/fr\/wp-json\/wp\/v2\/media?parent=9031"}],"curies":[{"name":"wp","href":"https:\/\/api.w.org\/{rel}","templated":true}]}}