{"id":9035,"date":"2025-07-08T10:15:32","date_gmt":"2025-07-08T14:15:32","guid":{"rendered":"https:\/\/greatnorthhardscape.com\/telechargements"},"modified":"2026-03-02T11:17:13","modified_gmt":"2026-03-02T16:17:13","slug":"telechargements","status":"publish","type":"page","link":"https:\/\/greatnorthhardscape.com\/fr\/telechargements","title":{"rendered":"T\u00e9l\u00e9chargements de m\u00e9dias"},"content":{"rendered":"<h2 style=\"text-align: center;\">Catalogue du Grand Nord<\/h2>\n<div class=\"row clearfix\">\n<div class=\"box two \">\n<p><div id=\"attachment_9236\" style=\"width: 327px\" class=\"wp-caption aligncenter\"><a href=\"https:\/\/greatnorthhardscape.com\/catalogue\/NEW-2026-GNH-CATALOGUE_HiRes.pdf\" target=\"_blank\" rel=\"noopener\"><img loading=\"lazy\" decoding=\"async\" aria-describedby=\"caption-attachment-9236\" class=\"wp-image-9236 \" src=\"https:\/\/greatnorthhardscape.com\/wp-content\/uploads\/2025\/12\/Catalogue-Illustration-2026-300x144.jpg\" alt=\"\" width=\"317\" height=\"152\" srcset=\"https:\/\/greatnorthhardscape.com\/wp-content\/uploads\/2025\/12\/Catalogue-Illustration-2026-300x144.jpg 300w, https:\/\/greatnorthhardscape.com\/wp-content\/uploads\/2025\/12\/Catalogue-Illustration-2026-1024x490.jpg 1024w, https:\/\/greatnorthhardscape.com\/wp-content\/uploads\/2025\/12\/Catalogue-Illustration-2026-768x368.jpg 768w, https:\/\/greatnorthhardscape.com\/wp-content\/uploads\/2025\/12\/Catalogue-Illustration-2026-1536x735.jpg 1536w, https:\/\/greatnorthhardscape.com\/wp-content\/uploads\/2025\/12\/Catalogue-Illustration-2026-500x239.jpg 500w, https:\/\/greatnorthhardscape.com\/wp-content\/uploads\/2025\/12\/Catalogue-Illustration-2026.jpg 1671w\" sizes=\"auto, (max-width: 317px) 100vw, 317px\" \/><\/a><p id=\"caption-attachment-9236\" class=\"wp-caption-text\">Anglais &#8211; 2026<\/p><\/div><\/p>\n<\/div>\n<div class=\"box two \">\n<p><div id=\"attachment_9435\" style=\"width: 323px\" class=\"wp-caption aligncenter\"><a href=\"https:\/\/greatnorthhardscape.com\/catalogue\/FR-2026-GNH-CATALOGUE.pdf\" target=\"_blank\" rel=\"noopener\"><img loading=\"lazy\" decoding=\"async\" aria-describedby=\"caption-attachment-9435\" class=\"wp-image-9435\" src=\"https:\/\/greatnorthhardscape.com\/wp-content\/uploads\/2026\/03\/Catalogue-Illustration-FR-2026-1024x490.jpg\" alt=\"\" width=\"313\" height=\"150\" srcset=\"https:\/\/greatnorthhardscape.com\/wp-content\/uploads\/2026\/03\/Catalogue-Illustration-FR-2026-1024x490.jpg 1024w, https:\/\/greatnorthhardscape.com\/wp-content\/uploads\/2026\/03\/Catalogue-Illustration-FR-2026-300x144.jpg 300w, https:\/\/greatnorthhardscape.com\/wp-content\/uploads\/2026\/03\/Catalogue-Illustration-FR-2026-768x368.jpg 768w, https:\/\/greatnorthhardscape.com\/wp-content\/uploads\/2026\/03\/Catalogue-Illustration-FR-2026-1536x735.jpg 1536w, https:\/\/greatnorthhardscape.com\/wp-content\/uploads\/2026\/03\/Catalogue-Illustration-FR-2026-500x239.jpg 500w, https:\/\/greatnorthhardscape.com\/wp-content\/uploads\/2026\/03\/Catalogue-Illustration-FR-2026.jpg 1671w\" sizes=\"auto, (max-width: 313px) 100vw, 313px\" \/><\/a><p id=\"caption-attachment-9435\" class=\"wp-caption-text\">Fran\u00e7ais &#8211; 2026<\/p><\/div><\/p>\n<\/div>\n<\/div>\n<hr>\n<h2 style=\"text-align: center;\">Logos<\/h2>\n<h2 style=\"text-align: left;\"><span style=\"color: #000000;\">Anglais<\/span><\/h2>\n<div class=\"row clearfix\">\n<div class=\"box three \">\n<img loading=\"lazy\" decoding=\"async\" class=\"wp-image-8856 aligncenter\" src=\"https:\/\/greatnorthhardscape.com\/wp-content\/uploads\/2025\/01\/35-Year-Badge@2x.png\" alt=\"\" width=\"200\" height=\"120\" srcset=\"https:\/\/greatnorthhardscape.com\/wp-content\/uploads\/2025\/01\/35-Year-Badge@2x.png 721w, https:\/\/greatnorthhardscape.com\/wp-content\/uploads\/2025\/01\/35-Year-Badge@2x-300x180.png 300w, https:\/\/greatnorthhardscape.com\/wp-content\/uploads\/2025\/01\/35-Year-Badge@2x-500x300.png 500w\" sizes=\"auto, (max-width: 200px) 100vw, 200px\" \/><\/p>\n<p style=\"text-align: center;\"><a href=\"https:\/\/greatnorthhardscape.com\/wp-content\/uploads\/2025\/01\/GNH-35-YEAR-BADGE.zip\" target=\"_blank\" rel=\"noopener\">T\u00c9L\u00c9CHARGER<\/a><br \/>\n<\/div>\n<div class=\"box three \">\n<img loading=\"lazy\" decoding=\"async\" class=\" wp-image-8226 aligncenter\" src=\"https:\/\/greatnorthhardscape.com\/wp-content\/uploads\/2024\/01\/GNH-Logo-Horizontal-Small-300x111.png\" alt=\"\" width=\"268\" height=\"99\"><\/p>\n<p style=\"text-align: center;\"><a href=\"https:\/\/greatnorthhardscape.com\/wp-content\/uploads\/2024\/01\/GNH-logo-Horizontal.zip\" target=\"_blank\" rel=\"noopener\">T\u00c9L\u00c9CHARGER<\/a><br \/>\n<\/div>\n<div class=\"box three \">\n<img loading=\"lazy\" decoding=\"async\" class=\" wp-image-8234 alignnone aligncenter\" src=\"https:\/\/greatnorthhardscape.com\/wp-content\/uploads\/2024\/01\/GNH-Logo-Stacked-Small-300x190.jpg\" alt=\"\" width=\"239\" height=\"151\" srcset=\"https:\/\/greatnorthhardscape.com\/wp-content\/uploads\/2024\/01\/GNH-Logo-Stacked-Small-300x190.jpg 300w, https:\/\/greatnorthhardscape.com\/wp-content\/uploads\/2024\/01\/GNH-Logo-Stacked-Small-500x316.jpg 500w, https:\/\/greatnorthhardscape.com\/wp-content\/uploads\/2024\/01\/GNH-Logo-Stacked-Small.jpg 519w\" sizes=\"auto, (max-width: 239px) 100vw, 239px\" \/><\/p>\n<p style=\"text-align: center;\"><a href=\"https:\/\/greatnorthhardscape.com\/wp-content\/uploads\/2024\/01\/GNH-logo-stacked.zip\" target=\"_blank\" rel=\"noopener\">T\u00c9L\u00c9CHARGER<\/a><br \/>\n<\/div>\n<\/div>\n<p>&nbsp;<\/p>\n<h2 style=\"text-align: left;\"><span style=\"color: #000000;\">Fran\u00e7ais<\/span><\/h2>\n<div class=\"row clearfix\">\n<div class=\"box three \">\n<img loading=\"lazy\" decoding=\"async\" class=\"wp-image-8861 aligncenter\" src=\"https:\/\/greatnorthhardscape.com\/wp-content\/uploads\/2025\/01\/35-Year-Badge.png\" alt=\"\" width=\"211\" height=\"127\" srcset=\"https:\/\/greatnorthhardscape.com\/wp-content\/uploads\/2025\/01\/35-Year-Badge.png 361w, https:\/\/greatnorthhardscape.com\/wp-content\/uploads\/2025\/01\/35-Year-Badge-300x180.png 300w\" sizes=\"auto, (max-width: 211px) 100vw, 211px\" \/><\/p>\n<p style=\"text-align: center;\"><a href=\"https:\/\/greatnorthhardscape.com\/wp-content\/uploads\/2025\/01\/GNH-35-YR-badge-FR.zip\" target=\"_blank\" rel=\"noopener\">  T\u00c9L\u00c9CHARGER  <\/a><\/p>\n<\/div>\n<div class=\"box three \">\n<img loading=\"lazy\" decoding=\"async\" class=\"aligncenter size-medium wp-image-8255\" src=\"https:\/\/greatnorthhardscape.com\/wp-content\/uploads\/2024\/02\/GNH-Logo-Horizontal-FR-small-300x115.png\" alt=\"\" width=\"300\" height=\"115\" srcset=\"https:\/\/greatnorthhardscape.com\/wp-content\/uploads\/2024\/02\/GNH-Logo-Horizontal-FR-small-300x115.png 300w, https:\/\/greatnorthhardscape.com\/wp-content\/uploads\/2024\/02\/GNH-Logo-Horizontal-FR-small.png 479w\" sizes=\"auto, (max-width: 300px) 100vw, 300px\" \/><\/p>\n<p style=\"text-align: center;\"><a href=\"https:\/\/greatnorthhardscape.com\/wp-content\/uploads\/2024\/02\/GNH-Logo-Horizontal-FR.zip\" target=\"_blank\" rel=\"noopener\">T\u00c9L\u00c9CHARGER<\/a><\/p>\n<\/div>\n<div class=\"box three \">\n<img loading=\"lazy\" decoding=\"async\" class=\"aligncenter wp-image-8259\" src=\"https:\/\/greatnorthhardscape.com\/wp-content\/uploads\/2024\/02\/GNH-Logo-Stacked-FR-small-300x183.jpg\" alt=\"\" width=\"243\" height=\"149\" srcset=\"https:\/\/greatnorthhardscape.com\/wp-content\/uploads\/2024\/02\/GNH-Logo-Stacked-FR-small-300x183.jpg 300w, https:\/\/greatnorthhardscape.com\/wp-content\/uploads\/2024\/02\/GNH-Logo-Stacked-FR-small.jpg 412w\" sizes=\"auto, (max-width: 243px) 100vw, 243px\" \/><\/p>\n<p style=\"text-align: center;\"><a href=\"https:\/\/greatnorthhardscape.com\/wp-content\/uploads\/2024\/02\/GNH-Logo-Stacked-FR.zip\" target=\"_blank\" rel=\"noopener\">T\u00c9L\u00c9CHARGER<\/a><\/p>\n<\/div>\n<\/div>\n<hr>\n<div class=\"row clearfix\">\n<div class=\"box three \">\n<img loading=\"lazy\" decoding=\"async\" class=\"wp-image-8968 aligncenter\" src=\"https:\/\/greatnorthhardscape.com\/wp-content\/uploads\/2025\/05\/Family-Owned-Operated-Since-1990-295x300.png\" alt=\"\" width=\"208\" height=\"212\" srcset=\"https:\/\/greatnorthhardscape.com\/wp-content\/uploads\/2025\/05\/Family-Owned-Operated-Since-1990-295x300.png 295w, https:\/\/greatnorthhardscape.com\/wp-content\/uploads\/2025\/05\/Family-Owned-Operated-Since-1990-768x781.png 768w, https:\/\/greatnorthhardscape.com\/wp-content\/uploads\/2025\/05\/Family-Owned-Operated-Since-1990-75x75.png 75w, https:\/\/greatnorthhardscape.com\/wp-content\/uploads\/2025\/05\/Family-Owned-Operated-Since-1990-500x509.png 500w, https:\/\/greatnorthhardscape.com\/wp-content\/uploads\/2025\/05\/Family-Owned-Operated-Since-1990.png 806w\" sizes=\"auto, (max-width: 208px) 100vw, 208px\" \/><br \/>\n<\/div>\n<div class=\"box three \">\n<p>&nbsp;<\/p>\n<p>&nbsp;<\/p>\n<p style=\"text-align: center;\"><a href=\"https:\/\/greatnorthhardscape.com\/wp-content\/uploads\/2025\/05\/Family-Owned-Operated-stamp-Eng-Fr.zip\" target=\"_blank\" rel=\"noopener\">T\u00c9L\u00c9CHARGER ANGLAIS ET FRAN\u00c7AIS<\/a><\/p>\n<\/div>\n<div class=\"box three \">\n<img loading=\"lazy\" decoding=\"async\" class=\"wp-image-8966 aligncenter\" src=\"https:\/\/greatnorthhardscape.com\/wp-content\/uploads\/2025\/05\/French-Family-Owned-Operated-stamp-291x300.png\" alt=\"\" width=\"208\" height=\"214\" srcset=\"https:\/\/greatnorthhardscape.com\/wp-content\/uploads\/2025\/05\/French-Family-Owned-Operated-stamp-291x300.png 291w, https:\/\/greatnorthhardscape.com\/wp-content\/uploads\/2025\/05\/French-Family-Owned-Operated-stamp-768x791.png 768w, https:\/\/greatnorthhardscape.com\/wp-content\/uploads\/2025\/05\/French-Family-Owned-Operated-stamp-500x515.png 500w, https:\/\/greatnorthhardscape.com\/wp-content\/uploads\/2025\/05\/French-Family-Owned-Operated-stamp.png 806w\" sizes=\"auto, (max-width: 208px) 100vw, 208px\" \/><\/p>\n<\/div>\n<\/div>\n","protected":false},"excerpt":{"rendered":"<p>Catalogue du Grand Nord Logos Anglais &nbsp; Fran\u00e7ais<\/p>\n","protected":false},"author":2,"featured_media":0,"parent":0,"menu_order":0,"comment_status":"closed","ping_status":"closed","template":"","meta":{"footnotes":""},"class_list":["post-9035","page","type-page","status-publish","hentry"],"aioseo_notices":[],"_links":{"self":[{"href":"https:\/\/greatnorthhardscape.com\/fr\/wp-json\/wp\/v2\/pages\/9035","targetHints":{"allow":["GET"]}}],"collection":[{"href":"https:\/\/greatnorthhardscape.com\/fr\/wp-json\/wp\/v2\/pages"}],"about":[{"href":"https:\/\/greatnorthhardscape.com\/fr\/wp-json\/wp\/v2\/types\/page"}],"author":[{"embeddable":true,"href":"https:\/\/greatnorthhardscape.com\/fr\/wp-json\/wp\/v2\/users\/2"}],"replies":[{"embeddable":true,"href":"https:\/\/greatnorthhardscape.com\/fr\/wp-json\/wp\/v2\/comments?post=9035"}],"version-history":[{"count":19,"href":"https:\/\/greatnorthhardscape.com\/fr\/wp-json\/wp\/v2\/pages\/9035\/revisions"}],"predecessor-version":[{"id":9443,"href":"https:\/\/greatnorthhardscape.com\/fr\/wp-json\/wp\/v2\/pages\/9035\/revisions\/9443"}],"wp:attachment":[{"href":"https:\/\/greatnorthhardscape.com\/fr\/wp-json\/wp\/v2\/media?parent=9035"}],"curies":[{"name":"wp","href":"https:\/\/api.w.org\/{rel}","templated":true}]}}